{"id":11207,"date":"2024-10-14T16:12:23","date_gmt":"2024-10-14T14:12:23","guid":{"rendered":"https:\/\/albapcb.com\/?page_id=11207"},"modified":"2024-10-18T10:59:07","modified_gmt":"2024-10-18T08:59:07","slug":"impressum","status":"publish","type":"page","link":"https:\/\/albapcb.com\/de\/impressum\/","title":{"rendered":"Impressum"},"content":{"rendered":"<p><strong>ALBA ELETTRONICA SRL<\/strong><br \/>\nVia L. Da Vinci 3<br \/>\n31021 Mogliano Veneto (TV)<br \/>\nITALIA<\/p>\n<p>Tel +39 041 5902638<br \/>\nE-mail info@alba-pcb.com<br \/>\nwww.albapcb.com<br \/>\nP. IVA: IT02155920263<\/p>\n<p>Handelsregisternummer\u00a0: 02155920263<br \/>\nAmtsgericht: Camera di Commercio Treviso-Belluno<\/p>\n<p><strong>Vertreten durch:<\/strong><br \/>\nPr\u00e4sident des Verwaltungsrats: Alberto Bacchin<\/p>\n<p><strong>Disclaimer<\/strong><br \/>\nAlba Elettronica srl stellt diese Internetseiten mit gro\u00dfer Sorgfalt zusammen und sorgt f\u00fcr deren regelm\u00e4\u00dfige Aktualisierung. Die Informationen sind jedoch nur allgemeiner und unverbindlicher Natur und ersetzen nicht die pers\u00f6nliche Beratung. Alba Elettronica srl \u00fcbernimmt keine Gew\u00e4hr f\u00fcr die Aktualit\u00e4t, Richtigkeit und Vollst\u00e4ndigkeit der Informationen auf diesen Seiten oder den jederzeitigen st\u00f6rungsfreien Zugang zu ihnen. Sofern von dieser Website auf Internetseiten Dritter verwiesen wird, \u00fcbernimmt Alba Elettronica srl keine Verantwortung f\u00fcr die Inhalte der verlinkten Seiten. Bei Aktivierung eines Links werden Ihnen keine Informationen von Alba Elettronica srl mehr zur Verf\u00fcgung gestellt. F\u00fcr die Angebote Dritter k\u00f6nnen daher abweichende Regelungen gelten, insbesondere hinsichtlich des Datenschutzes. Weiterhin schlie\u00dft die Alba Elettronica srl ihre Haftung bei Serviceleistungen, insbesondere beim Download von durch die Alba Elettronica srl zur Verf\u00fcgung gestellten Dateien auf den Internetseiten der Alba Elettronica srl, f\u00fcr leicht fahrl\u00e4ssige Pflichtverletzungen aus.<\/p>\n<p>F\u00fcr die Beilegung von Verbraucherstreitigkeiten stellt die Europ\u00e4ische Kommission eine Online-Streitbeilegungsplattform zur Verf\u00fcgung, die unter folgendem Link erreichbar ist: https:\/\/ec.europa.eu\/consumers\/odr. Unser Unternehmen ist bereit, an einem Streitbeilegungsverfahren vor einer Verbraucherschlichtungsstelle teilzunehmen.<\/p>\n<p><strong>Die Website wird gehostet durch:<br \/>\n<\/strong><a href=\"https:\/\/work.net\/\" target=\"_blank\" rel=\"noopener\">WORK.NET<\/a>\u00a0SRL<br \/>\nPI\u00a0\u00a000843360256<br \/>\nVia Col Di Salce 5\/A<br \/>\n32100 Belluno<\/p>\n<p>F\u00fcr Kommunikation:<br \/>\nCasella postale 37<br \/>\n32032 Feltre BL<\/p>\n<p>Cloud-Datacenter bei Telecom Italia<\/p>\n<p><strong><\/p>\n<p><\/strong><\/p>\n","protected":false},"excerpt":{"rendered":"<p>ALBA ELETTRONICA SRL Via L. Da Vinci 3 31021 Mogliano Veneto (TV) ITALIA Tel +39 041 5902638 E-mail info@alba-pcb.com www.albapcb.com P. IVA: IT02155920263 Handelsregisternummer\u00a0: 02155920263 Amtsgericht: Camera di Commercio Treviso-Belluno Vertreten durch: Pr\u00e4sident des Verwaltungsrats: Alberto Bacchin Disclaimer Alba Elettronica srl stellt diese Internetseiten mit gro\u00dfer Sorgfalt zusammen und sorgt f\u00fcr deren regelm\u00e4\u00dfige Aktualisierung. Die [&hellip;]<\/p>\n","protected":false},"author":1,"featured_media":0,"parent":0,"menu_order":93,"comment_status":"closed","ping_status":"closed","template":"","meta":{"_acf_changed":false,"footnotes":""},"class_list":["post-11207","page","type-page","status-publish","hentry"],"acf":[],"yoast_head":"<!-- This site is optimized with the Yoast SEO plugin v26.5 - https:\/\/yoast.com\/wordpress\/plugins\/seo\/ -->\n<title>Impressum - ALBA PCB Group<\/title>\n<meta name=\"description\" content=\"ALBA ELETTRONICA SRL Via L. Da Vinci 3 31021 Mogliano Veneto (TV) ITALIA Tel +39 041 5902638 E-mail info@alba-pcb.com www.albapcb.com P. IVA:\" \/>\n<meta name=\"robots\" content=\"index, follow, max-snippet:-1, max-image-preview:large, max-video-preview:-1\" \/>\n<link rel=\"canonical\" href=\"https:\/\/albapcb.com\/de\/impressum\/\" \/>\n<meta property=\"og:locale\" content=\"de_DE\" \/>\n<meta property=\"og:type\" content=\"article\" \/>\n<meta property=\"og:title\" content=\"Impressum - ALBA PCB Group\" \/>\n<meta property=\"og:description\" content=\"ALBA ELETTRONICA SRL Via L. Da Vinci 3 31021 Mogliano Veneto (TV) ITALIA Tel +39 041 5902638 E-mail info@alba-pcb.com www.albapcb.com P. IVA:\" \/>\n<meta property=\"og:url\" content=\"https:\/\/albapcb.com\/de\/impressum\/\" \/>\n<meta property=\"og:site_name\" content=\"ALBA PCB Group\" \/>\n<meta property=\"article:modified_time\" content=\"2024-10-18T08:59:07+00:00\" \/>\n<meta name=\"twitter:card\" content=\"summary_large_image\" \/>\n<meta name=\"twitter:label1\" content=\"Gesch\u00e4tzte Lesezeit\" \/>\n\t<meta name=\"twitter:data1\" content=\"2\u00a0Minuten\" \/>\n<script type=\"application\/ld+json\" class=\"yoast-schema-graph\">{\"@context\":\"https:\/\/schema.org\",\"@graph\":[{\"@type\":\"WebPage\",\"@id\":\"https:\/\/albapcb.com\/de\/impressum\/\",\"url\":\"https:\/\/albapcb.com\/de\/impressum\/\",\"name\":\"Impressum - ALBA PCB Group\",\"isPartOf\":{\"@id\":\"https:\/\/albapcb.com\/de\/#website\"},\"datePublished\":\"2024-10-14T14:12:23+00:00\",\"dateModified\":\"2024-10-18T08:59:07+00:00\",\"description\":\"ALBA ELETTRONICA SRL Via L. Da Vinci 3 31021 Mogliano Veneto (TV) ITALIA Tel +39 041 5902638 E-mail info@alba-pcb.com www.albapcb.com P. IVA:\",\"breadcrumb\":{\"@id\":\"https:\/\/albapcb.com\/de\/impressum\/#breadcrumb\"},\"inLanguage\":\"de\",\"potentialAction\":[{\"@type\":\"ReadAction\",\"target\":[\"https:\/\/albapcb.com\/de\/impressum\/\"]}]},{\"@type\":\"BreadcrumbList\",\"@id\":\"https:\/\/albapcb.com\/de\/impressum\/#breadcrumb\",\"itemListElement\":[{\"@type\":\"ListItem\",\"position\":1,\"name\":\"Home\",\"item\":\"https:\/\/albapcb.com\/de\/\"},{\"@type\":\"ListItem\",\"position\":2,\"name\":\"Impressum\"}]},{\"@type\":\"WebSite\",\"@id\":\"https:\/\/albapcb.com\/de\/#website\",\"url\":\"https:\/\/albapcb.com\/de\/\",\"name\":\"ALBA PCB Group\",\"description\":\"Produttori di circuiti stampati di qualit\u00e0\",\"publisher\":{\"@id\":\"https:\/\/albapcb.com\/de\/#organization\"},\"potentialAction\":[{\"@type\":\"SearchAction\",\"target\":{\"@type\":\"EntryPoint\",\"urlTemplate\":\"https:\/\/albapcb.com\/de\/?s={search_term_string}\"},\"query-input\":{\"@type\":\"PropertyValueSpecification\",\"valueRequired\":true,\"valueName\":\"search_term_string\"}}],\"inLanguage\":\"de\"},{\"@type\":\"Organization\",\"@id\":\"https:\/\/albapcb.com\/de\/#organization\",\"name\":\"ALBA PCB\",\"url\":\"https:\/\/albapcb.com\/de\/\",\"logo\":{\"@type\":\"ImageObject\",\"inLanguage\":\"de\",\"@id\":\"https:\/\/albapcb.com\/de\/#\/schema\/logo\/image\/\",\"url\":\"https:\/\/albapcb.com\/wp-content\/uploads\/2019\/10\/logo.png\",\"contentUrl\":\"https:\/\/albapcb.com\/wp-content\/uploads\/2019\/10\/logo.png\",\"width\":200,\"height\":229,\"caption\":\"ALBA PCB\"},\"image\":{\"@id\":\"https:\/\/albapcb.com\/de\/#\/schema\/logo\/image\/\"}}]}<\/script>\n<!-- \/ Yoast SEO plugin. -->","yoast_head_json":{"title":"Impressum - ALBA PCB Group","description":"ALBA ELETTRONICA SRL Via L. Da Vinci 3 31021 Mogliano Veneto (TV) ITALIA Tel +39 041 5902638 E-mail info@alba-pcb.com www.albapcb.com P. IVA:","robots":{"index":"index","follow":"follow","max-snippet":"max-snippet:-1","max-image-preview":"max-image-preview:large","max-video-preview":"max-video-preview:-1"},"canonical":"https:\/\/albapcb.com\/de\/impressum\/","og_locale":"de_DE","og_type":"article","og_title":"Impressum - ALBA PCB Group","og_description":"ALBA ELETTRONICA SRL Via L. Da Vinci 3 31021 Mogliano Veneto (TV) ITALIA Tel +39 041 5902638 E-mail info@alba-pcb.com www.albapcb.com P. IVA:","og_url":"https:\/\/albapcb.com\/de\/impressum\/","og_site_name":"ALBA PCB Group","article_modified_time":"2024-10-18T08:59:07+00:00","twitter_card":"summary_large_image","twitter_misc":{"Gesch\u00e4tzte Lesezeit":"2\u00a0Minuten"},"schema":{"@context":"https:\/\/schema.org","@graph":[{"@type":"WebPage","@id":"https:\/\/albapcb.com\/de\/impressum\/","url":"https:\/\/albapcb.com\/de\/impressum\/","name":"Impressum - ALBA PCB Group","isPartOf":{"@id":"https:\/\/albapcb.com\/de\/#website"},"datePublished":"2024-10-14T14:12:23+00:00","dateModified":"2024-10-18T08:59:07+00:00","description":"ALBA ELETTRONICA SRL Via L. Da Vinci 3 31021 Mogliano Veneto (TV) ITALIA Tel +39 041 5902638 E-mail info@alba-pcb.com www.albapcb.com P. IVA:","breadcrumb":{"@id":"https:\/\/albapcb.com\/de\/impressum\/#breadcrumb"},"inLanguage":"de","potentialAction":[{"@type":"ReadAction","target":["https:\/\/albapcb.com\/de\/impressum\/"]}]},{"@type":"BreadcrumbList","@id":"https:\/\/albapcb.com\/de\/impressum\/#breadcrumb","itemListElement":[{"@type":"ListItem","position":1,"name":"Home","item":"https:\/\/albapcb.com\/de\/"},{"@type":"ListItem","position":2,"name":"Impressum"}]},{"@type":"WebSite","@id":"https:\/\/albapcb.com\/de\/#website","url":"https:\/\/albapcb.com\/de\/","name":"ALBA PCB Group","description":"Produttori di circuiti stampati di qualit\u00e0","publisher":{"@id":"https:\/\/albapcb.com\/de\/#organization"},"potentialAction":[{"@type":"SearchAction","target":{"@type":"EntryPoint","urlTemplate":"https:\/\/albapcb.com\/de\/?s={search_term_string}"},"query-input":{"@type":"PropertyValueSpecification","valueRequired":true,"valueName":"search_term_string"}}],"inLanguage":"de"},{"@type":"Organization","@id":"https:\/\/albapcb.com\/de\/#organization","name":"ALBA PCB","url":"https:\/\/albapcb.com\/de\/","logo":{"@type":"ImageObject","inLanguage":"de","@id":"https:\/\/albapcb.com\/de\/#\/schema\/logo\/image\/","url":"https:\/\/albapcb.com\/wp-content\/uploads\/2019\/10\/logo.png","contentUrl":"https:\/\/albapcb.com\/wp-content\/uploads\/2019\/10\/logo.png","width":200,"height":229,"caption":"ALBA PCB"},"image":{"@id":"https:\/\/albapcb.com\/de\/#\/schema\/logo\/image\/"}}]}},"_links":{"self":[{"href":"https:\/\/albapcb.com\/de\/wp-json\/wp\/v2\/pages\/11207","targetHints":{"allow":["GET"]}}],"collection":[{"href":"https:\/\/albapcb.com\/de\/wp-json\/wp\/v2\/pages"}],"about":[{"href":"https:\/\/albapcb.com\/de\/wp-json\/wp\/v2\/types\/page"}],"author":[{"embeddable":true,"href":"https:\/\/albapcb.com\/de\/wp-json\/wp\/v2\/users\/1"}],"replies":[{"embeddable":true,"href":"https:\/\/albapcb.com\/de\/wp-json\/wp\/v2\/comments?post=11207"}],"version-history":[{"count":3,"href":"https:\/\/albapcb.com\/de\/wp-json\/wp\/v2\/pages\/11207\/revisions"}],"predecessor-version":[{"id":11233,"href":"https:\/\/albapcb.com\/de\/wp-json\/wp\/v2\/pages\/11207\/revisions\/11233"}],"wp:attachment":[{"href":"https:\/\/albapcb.com\/de\/wp-json\/wp\/v2\/media?parent=11207"}],"curies":[{"name":"wp","href":"https:\/\/api.w.org\/{rel}","templated":true}]}}