{"id":1319,"date":"2019-05-03T18:09:19","date_gmt":"2019-05-03T16:09:19","guid":{"rendered":"http:\/\/albapcb.com\/servizi\/"},"modified":"2019-08-08T10:04:04","modified_gmt":"2019-08-08T08:04:04","slug":"service","status":"publish","type":"page","link":"https:\/\/albapcb.com\/de\/service\/","title":{"rendered":"Service"},"content":{"rendered":"<p>Unser Portfolio beinhaltet das umfassendste Angebot bezogen auf Leiterplatten, welcher heute verf\u00fcgbar ist. Dies ist das Ergebnis des h\u00f6chsten Levels an technischer Kompetenz und umfangreicher Erfahrung in diesem Bereich. Diese Besonderheit, in Erg\u00e4nzung zu der hohen Produktqualit\u00e4t, macht uns zu dem idealen Partner f\u00fcr die Betreuung unserer Kunden in allen Lang- und Kurzzeitbedarfen.<\/p>\n","protected":false},"excerpt":{"rendered":"<p>Unser Portfolio beinhaltet das umfassendste Angebot bezogen auf Leiterplatten, welcher heute verf\u00fcgbar ist. Dies ist das Ergebnis des h\u00f6chsten Levels an technischer Kompetenz und umfangreicher Erfahrung in diesem Bereich. Diese Besonderheit, in Erg\u00e4nzung zu der hohen Produktqualit\u00e4t, macht uns zu dem idealen Partner f\u00fcr die Betreuung unserer Kunden in allen Lang- und Kurzzeitbedarfen.<\/p>\n","protected":false},"author":1,"featured_media":764,"parent":0,"menu_order":66,"comment_status":"closed","ping_status":"closed","template":"","meta":{"_acf_changed":false,"footnotes":""},"class_list":["post-1319","page","type-page","status-publish","has-post-thumbnail","hentry"],"acf":[],"yoast_head":"<!-- This site is optimized with the Yoast SEO plugin v26.5 - https:\/\/yoast.com\/wordpress\/plugins\/seo\/ -->\n<title>Servizi Circuiti Stampati - ALBA PCB Group produttori di circuiti stampati<\/title>\n<meta name=\"description\" content=\"ALBA PCB Group Offre Vari Servizi ai Propri Clienti. Alba Express, Fast Production, mypcbshop, Lamine e Altro per Esaudire Tutte le Esigenze del Cliente\" \/>\n<meta name=\"robots\" content=\"index, follow, max-snippet:-1, max-image-preview:large, max-video-preview:-1\" \/>\n<link rel=\"canonical\" href=\"https:\/\/albapcb.com\/de\/service\/\" \/>\n<meta property=\"og:locale\" content=\"de_DE\" \/>\n<meta property=\"og:type\" content=\"article\" \/>\n<meta property=\"og:title\" content=\"Servizi Circuiti Stampati - ALBA PCB Group produttori di circuiti stampati\" \/>\n<meta property=\"og:description\" content=\"ALBA PCB Group Offre Vari Servizi ai Propri Clienti. Alba Express, Fast Production, mypcbshop, Lamine e Altro per Esaudire Tutte le Esigenze del Cliente\" \/>\n<meta property=\"og:url\" content=\"https:\/\/albapcb.com\/de\/service\/\" \/>\n<meta property=\"og:site_name\" content=\"ALBA PCB Group\" \/>\n<meta property=\"article:modified_time\" content=\"2019-08-08T08:04:04+00:00\" \/>\n<meta property=\"og:image\" content=\"https:\/\/albapcb.com\/wp-content\/uploads\/2019\/04\/gruppo.jpg\" \/>\n\t<meta property=\"og:image:width\" content=\"1800\" \/>\n\t<meta property=\"og:image:height\" content=\"886\" \/>\n\t<meta property=\"og:image:type\" content=\"image\/jpeg\" \/>\n<meta name=\"twitter:card\" content=\"summary_large_image\" \/>\n<script type=\"application\/ld+json\" class=\"yoast-schema-graph\">{\"@context\":\"https:\/\/schema.org\",\"@graph\":[{\"@type\":\"WebPage\",\"@id\":\"https:\/\/albapcb.com\/de\/service\/\",\"url\":\"https:\/\/albapcb.com\/de\/service\/\",\"name\":\"Servizi Circuiti Stampati - ALBA PCB Group produttori di circuiti stampati\",\"isPartOf\":{\"@id\":\"https:\/\/albapcb.com\/de\/#website\"},\"primaryImageOfPage\":{\"@id\":\"https:\/\/albapcb.com\/de\/service\/#primaryimage\"},\"image\":{\"@id\":\"https:\/\/albapcb.com\/de\/service\/#primaryimage\"},\"thumbnailUrl\":\"https:\/\/albapcb.com\/wp-content\/uploads\/2019\/04\/gruppo.jpg\",\"datePublished\":\"2019-05-03T16:09:19+00:00\",\"dateModified\":\"2019-08-08T08:04:04+00:00\",\"description\":\"ALBA PCB Group Offre Vari Servizi ai Propri Clienti. Alba Express, Fast Production, mypcbshop, Lamine e Altro per Esaudire Tutte le Esigenze del Cliente\",\"breadcrumb\":{\"@id\":\"https:\/\/albapcb.com\/de\/service\/#breadcrumb\"},\"inLanguage\":\"de\",\"potentialAction\":[{\"@type\":\"ReadAction\",\"target\":[\"https:\/\/albapcb.com\/de\/service\/\"]}]},{\"@type\":\"ImageObject\",\"inLanguage\":\"de\",\"@id\":\"https:\/\/albapcb.com\/de\/service\/#primaryimage\",\"url\":\"https:\/\/albapcb.com\/wp-content\/uploads\/2019\/04\/gruppo.jpg\",\"contentUrl\":\"https:\/\/albapcb.com\/wp-content\/uploads\/2019\/04\/gruppo.jpg\",\"width\":1800,\"height\":886},{\"@type\":\"BreadcrumbList\",\"@id\":\"https:\/\/albapcb.com\/de\/service\/#breadcrumb\",\"itemListElement\":[{\"@type\":\"ListItem\",\"position\":1,\"name\":\"Home\",\"item\":\"https:\/\/albapcb.com\/de\/\"},{\"@type\":\"ListItem\",\"position\":2,\"name\":\"Service\"}]},{\"@type\":\"WebSite\",\"@id\":\"https:\/\/albapcb.com\/de\/#website\",\"url\":\"https:\/\/albapcb.com\/de\/\",\"name\":\"ALBA PCB Group\",\"description\":\"Produttori di circuiti stampati di qualit\u00e0\",\"publisher\":{\"@id\":\"https:\/\/albapcb.com\/de\/#organization\"},\"potentialAction\":[{\"@type\":\"SearchAction\",\"target\":{\"@type\":\"EntryPoint\",\"urlTemplate\":\"https:\/\/albapcb.com\/de\/?s={search_term_string}\"},\"query-input\":{\"@type\":\"PropertyValueSpecification\",\"valueRequired\":true,\"valueName\":\"search_term_string\"}}],\"inLanguage\":\"de\"},{\"@type\":\"Organization\",\"@id\":\"https:\/\/albapcb.com\/de\/#organization\",\"name\":\"ALBA PCB\",\"url\":\"https:\/\/albapcb.com\/de\/\",\"logo\":{\"@type\":\"ImageObject\",\"inLanguage\":\"de\",\"@id\":\"https:\/\/albapcb.com\/de\/#\/schema\/logo\/image\/\",\"url\":\"https:\/\/albapcb.com\/wp-content\/uploads\/2019\/10\/logo.png\",\"contentUrl\":\"https:\/\/albapcb.com\/wp-content\/uploads\/2019\/10\/logo.png\",\"width\":200,\"height\":229,\"caption\":\"ALBA PCB\"},\"image\":{\"@id\":\"https:\/\/albapcb.com\/de\/#\/schema\/logo\/image\/\"}}]}<\/script>\n<!-- \/ Yoast SEO plugin. -->","yoast_head_json":{"title":"Servizi Circuiti Stampati - ALBA PCB Group produttori di circuiti stampati","description":"ALBA PCB Group Offre Vari Servizi ai Propri Clienti. Alba Express, Fast Production, mypcbshop, Lamine e Altro per Esaudire Tutte le Esigenze del Cliente","robots":{"index":"index","follow":"follow","max-snippet":"max-snippet:-1","max-image-preview":"max-image-preview:large","max-video-preview":"max-video-preview:-1"},"canonical":"https:\/\/albapcb.com\/de\/service\/","og_locale":"de_DE","og_type":"article","og_title":"Servizi Circuiti Stampati - ALBA PCB Group produttori di circuiti stampati","og_description":"ALBA PCB Group Offre Vari Servizi ai Propri Clienti. Alba Express, Fast Production, mypcbshop, Lamine e Altro per Esaudire Tutte le Esigenze del Cliente","og_url":"https:\/\/albapcb.com\/de\/service\/","og_site_name":"ALBA PCB Group","article_modified_time":"2019-08-08T08:04:04+00:00","og_image":[{"width":1800,"height":886,"url":"https:\/\/albapcb.com\/wp-content\/uploads\/2019\/04\/gruppo.jpg","type":"image\/jpeg"}],"twitter_card":"summary_large_image","schema":{"@context":"https:\/\/schema.org","@graph":[{"@type":"WebPage","@id":"https:\/\/albapcb.com\/de\/service\/","url":"https:\/\/albapcb.com\/de\/service\/","name":"Servizi Circuiti Stampati - ALBA PCB Group produttori di circuiti stampati","isPartOf":{"@id":"https:\/\/albapcb.com\/de\/#website"},"primaryImageOfPage":{"@id":"https:\/\/albapcb.com\/de\/service\/#primaryimage"},"image":{"@id":"https:\/\/albapcb.com\/de\/service\/#primaryimage"},"thumbnailUrl":"https:\/\/albapcb.com\/wp-content\/uploads\/2019\/04\/gruppo.jpg","datePublished":"2019-05-03T16:09:19+00:00","dateModified":"2019-08-08T08:04:04+00:00","description":"ALBA PCB Group Offre Vari Servizi ai Propri Clienti. Alba Express, Fast Production, mypcbshop, Lamine e Altro per Esaudire Tutte le Esigenze del Cliente","breadcrumb":{"@id":"https:\/\/albapcb.com\/de\/service\/#breadcrumb"},"inLanguage":"de","potentialAction":[{"@type":"ReadAction","target":["https:\/\/albapcb.com\/de\/service\/"]}]},{"@type":"ImageObject","inLanguage":"de","@id":"https:\/\/albapcb.com\/de\/service\/#primaryimage","url":"https:\/\/albapcb.com\/wp-content\/uploads\/2019\/04\/gruppo.jpg","contentUrl":"https:\/\/albapcb.com\/wp-content\/uploads\/2019\/04\/gruppo.jpg","width":1800,"height":886},{"@type":"BreadcrumbList","@id":"https:\/\/albapcb.com\/de\/service\/#breadcrumb","itemListElement":[{"@type":"ListItem","position":1,"name":"Home","item":"https:\/\/albapcb.com\/de\/"},{"@type":"ListItem","position":2,"name":"Service"}]},{"@type":"WebSite","@id":"https:\/\/albapcb.com\/de\/#website","url":"https:\/\/albapcb.com\/de\/","name":"ALBA PCB Group","description":"Produttori di circuiti stampati di qualit\u00e0","publisher":{"@id":"https:\/\/albapcb.com\/de\/#organization"},"potentialAction":[{"@type":"SearchAction","target":{"@type":"EntryPoint","urlTemplate":"https:\/\/albapcb.com\/de\/?s={search_term_string}"},"query-input":{"@type":"PropertyValueSpecification","valueRequired":true,"valueName":"search_term_string"}}],"inLanguage":"de"},{"@type":"Organization","@id":"https:\/\/albapcb.com\/de\/#organization","name":"ALBA PCB","url":"https:\/\/albapcb.com\/de\/","logo":{"@type":"ImageObject","inLanguage":"de","@id":"https:\/\/albapcb.com\/de\/#\/schema\/logo\/image\/","url":"https:\/\/albapcb.com\/wp-content\/uploads\/2019\/10\/logo.png","contentUrl":"https:\/\/albapcb.com\/wp-content\/uploads\/2019\/10\/logo.png","width":200,"height":229,"caption":"ALBA PCB"},"image":{"@id":"https:\/\/albapcb.com\/de\/#\/schema\/logo\/image\/"}}]}},"_links":{"self":[{"href":"https:\/\/albapcb.com\/de\/wp-json\/wp\/v2\/pages\/1319","targetHints":{"allow":["GET"]}}],"collection":[{"href":"https:\/\/albapcb.com\/de\/wp-json\/wp\/v2\/pages"}],"about":[{"href":"https:\/\/albapcb.com\/de\/wp-json\/wp\/v2\/types\/page"}],"author":[{"embeddable":true,"href":"https:\/\/albapcb.com\/de\/wp-json\/wp\/v2\/users\/1"}],"replies":[{"embeddable":true,"href":"https:\/\/albapcb.com\/de\/wp-json\/wp\/v2\/comments?post=1319"}],"version-history":[{"count":1,"href":"https:\/\/albapcb.com\/de\/wp-json\/wp\/v2\/pages\/1319\/revisions"}],"predecessor-version":[{"id":1320,"href":"https:\/\/albapcb.com\/de\/wp-json\/wp\/v2\/pages\/1319\/revisions\/1320"}],"wp:featuredmedia":[{"embeddable":true,"href":"https:\/\/albapcb.com\/de\/wp-json\/wp\/v2\/media\/764"}],"wp:attachment":[{"href":"https:\/\/albapcb.com\/de\/wp-json\/wp\/v2\/media?parent=1319"}],"curies":[{"name":"wp","href":"https:\/\/api.w.org\/{rel}","templated":true}]}}