{"id":1322,"date":"2019-05-04T05:31:09","date_gmt":"2019-05-04T03:31:09","guid":{"rendered":"http:\/\/albapcb.com\/productions\/europa\/"},"modified":"2023-10-21T09:12:18","modified_gmt":"2023-10-21T07:12:18","slug":"produktion-europe","status":"publish","type":"page","link":"https:\/\/albapcb.com\/de\/productions\/produktion-europe\/","title":{"rendered":"Produktion Europe"},"content":{"rendered":"<h3>Produktion mit Avantgarde-Technologie<\/h3>\n<p>Die Herstellung einer Leiterplatte basiert auf einem breiten Spektrum an Wissen: Fotografie, Elektronik, Mechanik, Chemie, Metallurgie und Galvanisierung. Es erfordert den Einsatz von ausgekl\u00fcgelter Software, von verschiedenen spezifischen Prozessen und von vielen Materialien: von Laminaten bis zu Harzen, von lichtempfindlichen Folien bis hin zu Metalllegierungen.<br \/>\nUnsere Expertise mit jedem dieser Elemente und der Einsatz hochmoderner Hightech-Maschinen erm\u00f6glichen es uns, auf die fortschreitende Entwicklung der Elektronik und die sich st\u00e4ndig \u00e4ndernden Anforderungen des Marktes f\u00fcr elektronische Schaltungen zu reagieren.<\/p>\n","protected":false},"excerpt":{"rendered":"<p>Produktion mit Avantgarde-Technologie Die Herstellung einer Leiterplatte basiert auf einem breiten Spektrum an Wissen: Fotografie, Elektronik, Mechanik, Chemie, Metallurgie und Galvanisierung. Es erfordert den Einsatz von ausgekl\u00fcgelter Software, von verschiedenen spezifischen Prozessen und von vielen Materialien: von Laminaten bis zu Harzen, von lichtempfindlichen Folien bis hin zu Metalllegierungen. Unsere Expertise mit jedem dieser Elemente und [&hellip;]<\/p>\n","protected":false},"author":1,"featured_media":946,"parent":1321,"menu_order":13,"comment_status":"closed","ping_status":"closed","template":"inc\/lista-elementi.php","meta":{"_acf_changed":false,"footnotes":""},"class_list":["post-1322","page","type-page","status-publish","has-post-thumbnail","hentry"],"acf":[],"yoast_head":"<!-- This site is optimized with the Yoast SEO plugin v27.4 - https:\/\/yoast.com\/product\/yoast-seo-wordpress\/ -->\n<title>Produzione Circuiti Stampati - ALBA PCB Group produttori circuiti stampati<\/title>\n<meta name=\"description\" content=\"La produzione di Circuiti Stampati nasce in Italia, negli anni sviluppa una tecnologia all&#039;avanguardia nel settore che gli porta delle certificazioni...\" \/>\n<meta name=\"robots\" content=\"index, follow, max-snippet:-1, max-image-preview:large, max-video-preview:-1\" \/>\n<link rel=\"canonical\" href=\"https:\/\/albapcb.com\/de\/productions\/produktion-europe\/\" \/>\n<meta property=\"og:locale\" content=\"de_DE\" \/>\n<meta property=\"og:type\" content=\"article\" \/>\n<meta property=\"og:title\" content=\"Produzione Circuiti Stampati - ALBA PCB Group produttori circuiti stampati\" \/>\n<meta property=\"og:description\" content=\"La produzione di Circuiti Stampati nasce in Italia, negli anni sviluppa una tecnologia all&#039;avanguardia nel settore che gli porta delle certificazioni...\" \/>\n<meta property=\"og:url\" content=\"https:\/\/albapcb.com\/de\/productions\/produktion-europe\/\" \/>\n<meta property=\"og:site_name\" content=\"ALBA PCB Group\" \/>\n<meta property=\"article:modified_time\" content=\"2023-10-21T07:12:18+00:00\" \/>\n<meta property=\"og:image\" content=\"https:\/\/albapcb.com\/wp-content\/uploads\/2019\/06\/produzioni-europa-1.jpg\" \/>\n\t<meta property=\"og:image:width\" content=\"1328\" \/>\n\t<meta property=\"og:image:height\" content=\"492\" \/>\n\t<meta property=\"og:image:type\" content=\"image\/jpeg\" \/>\n<meta name=\"twitter:card\" content=\"summary_large_image\" \/>\n<meta name=\"twitter:label1\" content=\"Gesch\u00e4tzte Lesezeit\" \/>\n\t<meta name=\"twitter:data1\" content=\"1\u00a0Minute\" \/>\n<script type=\"application\/ld+json\" class=\"yoast-schema-graph\">{\"@context\":\"https:\\\/\\\/schema.org\",\"@graph\":[{\"@type\":\"WebPage\",\"@id\":\"https:\\\/\\\/albapcb.com\\\/de\\\/productions\\\/produktion-europe\\\/\",\"url\":\"https:\\\/\\\/albapcb.com\\\/de\\\/productions\\\/produktion-europe\\\/\",\"name\":\"Produzione Circuiti Stampati - ALBA PCB Group produttori circuiti stampati\",\"isPartOf\":{\"@id\":\"https:\\\/\\\/albapcb.com\\\/de\\\/#website\"},\"primaryImageOfPage\":{\"@id\":\"https:\\\/\\\/albapcb.com\\\/de\\\/productions\\\/produktion-europe\\\/#primaryimage\"},\"image\":{\"@id\":\"https:\\\/\\\/albapcb.com\\\/de\\\/productions\\\/produktion-europe\\\/#primaryimage\"},\"thumbnailUrl\":\"https:\\\/\\\/albapcb.com\\\/wp-content\\\/uploads\\\/2019\\\/06\\\/produzioni-europa-1.jpg\",\"datePublished\":\"2019-05-04T03:31:09+00:00\",\"dateModified\":\"2023-10-21T07:12:18+00:00\",\"description\":\"La produzione di Circuiti Stampati nasce in Italia, negli anni sviluppa una tecnologia all'avanguardia nel settore che gli porta delle certificazioni...\",\"breadcrumb\":{\"@id\":\"https:\\\/\\\/albapcb.com\\\/de\\\/productions\\\/produktion-europe\\\/#breadcrumb\"},\"inLanguage\":\"de\",\"potentialAction\":[{\"@type\":\"ReadAction\",\"target\":[\"https:\\\/\\\/albapcb.com\\\/de\\\/productions\\\/produktion-europe\\\/\"]}]},{\"@type\":\"ImageObject\",\"inLanguage\":\"de\",\"@id\":\"https:\\\/\\\/albapcb.com\\\/de\\\/productions\\\/produktion-europe\\\/#primaryimage\",\"url\":\"https:\\\/\\\/albapcb.com\\\/wp-content\\\/uploads\\\/2019\\\/06\\\/produzioni-europa-1.jpg\",\"contentUrl\":\"https:\\\/\\\/albapcb.com\\\/wp-content\\\/uploads\\\/2019\\\/06\\\/produzioni-europa-1.jpg\",\"width\":1328,\"height\":492},{\"@type\":\"BreadcrumbList\",\"@id\":\"https:\\\/\\\/albapcb.com\\\/de\\\/productions\\\/produktion-europe\\\/#breadcrumb\",\"itemListElement\":[{\"@type\":\"ListItem\",\"position\":1,\"name\":\"Home\",\"item\":\"https:\\\/\\\/albapcb.com\\\/de\\\/\"},{\"@type\":\"ListItem\",\"position\":2,\"name\":\"Productions\",\"item\":\"https:\\\/\\\/albapcb.com\\\/de\\\/productions\\\/\"},{\"@type\":\"ListItem\",\"position\":3,\"name\":\"Produktion Europe\"}]},{\"@type\":\"WebSite\",\"@id\":\"https:\\\/\\\/albapcb.com\\\/de\\\/#website\",\"url\":\"https:\\\/\\\/albapcb.com\\\/de\\\/\",\"name\":\"ALBA PCB Group\",\"description\":\"Produttori di circuiti stampati di qualit\u00e0\",\"publisher\":{\"@id\":\"https:\\\/\\\/albapcb.com\\\/de\\\/#organization\"},\"potentialAction\":[{\"@type\":\"SearchAction\",\"target\":{\"@type\":\"EntryPoint\",\"urlTemplate\":\"https:\\\/\\\/albapcb.com\\\/de\\\/?s={search_term_string}\"},\"query-input\":{\"@type\":\"PropertyValueSpecification\",\"valueRequired\":true,\"valueName\":\"search_term_string\"}}],\"inLanguage\":\"de\"},{\"@type\":\"Organization\",\"@id\":\"https:\\\/\\\/albapcb.com\\\/de\\\/#organization\",\"name\":\"ALBA PCB\",\"url\":\"https:\\\/\\\/albapcb.com\\\/de\\\/\",\"logo\":{\"@type\":\"ImageObject\",\"inLanguage\":\"de\",\"@id\":\"https:\\\/\\\/albapcb.com\\\/de\\\/#\\\/schema\\\/logo\\\/image\\\/\",\"url\":\"https:\\\/\\\/albapcb.com\\\/wp-content\\\/uploads\\\/2019\\\/10\\\/logo.png\",\"contentUrl\":\"https:\\\/\\\/albapcb.com\\\/wp-content\\\/uploads\\\/2019\\\/10\\\/logo.png\",\"width\":200,\"height\":229,\"caption\":\"ALBA PCB\"},\"image\":{\"@id\":\"https:\\\/\\\/albapcb.com\\\/de\\\/#\\\/schema\\\/logo\\\/image\\\/\"}}]}<\/script>\n<!-- \/ Yoast SEO plugin. -->","yoast_head_json":{"title":"Produzione Circuiti Stampati - ALBA PCB Group produttori circuiti stampati","description":"La produzione di Circuiti Stampati nasce in Italia, negli anni sviluppa una tecnologia all'avanguardia nel settore che gli porta delle certificazioni...","robots":{"index":"index","follow":"follow","max-snippet":"max-snippet:-1","max-image-preview":"max-image-preview:large","max-video-preview":"max-video-preview:-1"},"canonical":"https:\/\/albapcb.com\/de\/productions\/produktion-europe\/","og_locale":"de_DE","og_type":"article","og_title":"Produzione Circuiti Stampati - ALBA PCB Group produttori circuiti stampati","og_description":"La produzione di Circuiti Stampati nasce in Italia, negli anni sviluppa una tecnologia all'avanguardia nel settore che gli porta delle certificazioni...","og_url":"https:\/\/albapcb.com\/de\/productions\/produktion-europe\/","og_site_name":"ALBA PCB Group","article_modified_time":"2023-10-21T07:12:18+00:00","og_image":[{"width":1328,"height":492,"url":"https:\/\/albapcb.com\/wp-content\/uploads\/2019\/06\/produzioni-europa-1.jpg","type":"image\/jpeg"}],"twitter_card":"summary_large_image","twitter_misc":{"Gesch\u00e4tzte Lesezeit":"1\u00a0Minute"},"schema":{"@context":"https:\/\/schema.org","@graph":[{"@type":"WebPage","@id":"https:\/\/albapcb.com\/de\/productions\/produktion-europe\/","url":"https:\/\/albapcb.com\/de\/productions\/produktion-europe\/","name":"Produzione Circuiti Stampati - ALBA PCB Group produttori circuiti stampati","isPartOf":{"@id":"https:\/\/albapcb.com\/de\/#website"},"primaryImageOfPage":{"@id":"https:\/\/albapcb.com\/de\/productions\/produktion-europe\/#primaryimage"},"image":{"@id":"https:\/\/albapcb.com\/de\/productions\/produktion-europe\/#primaryimage"},"thumbnailUrl":"https:\/\/albapcb.com\/wp-content\/uploads\/2019\/06\/produzioni-europa-1.jpg","datePublished":"2019-05-04T03:31:09+00:00","dateModified":"2023-10-21T07:12:18+00:00","description":"La produzione di Circuiti Stampati nasce in Italia, negli anni sviluppa una tecnologia all'avanguardia nel settore che gli porta delle certificazioni...","breadcrumb":{"@id":"https:\/\/albapcb.com\/de\/productions\/produktion-europe\/#breadcrumb"},"inLanguage":"de","potentialAction":[{"@type":"ReadAction","target":["https:\/\/albapcb.com\/de\/productions\/produktion-europe\/"]}]},{"@type":"ImageObject","inLanguage":"de","@id":"https:\/\/albapcb.com\/de\/productions\/produktion-europe\/#primaryimage","url":"https:\/\/albapcb.com\/wp-content\/uploads\/2019\/06\/produzioni-europa-1.jpg","contentUrl":"https:\/\/albapcb.com\/wp-content\/uploads\/2019\/06\/produzioni-europa-1.jpg","width":1328,"height":492},{"@type":"BreadcrumbList","@id":"https:\/\/albapcb.com\/de\/productions\/produktion-europe\/#breadcrumb","itemListElement":[{"@type":"ListItem","position":1,"name":"Home","item":"https:\/\/albapcb.com\/de\/"},{"@type":"ListItem","position":2,"name":"Productions","item":"https:\/\/albapcb.com\/de\/productions\/"},{"@type":"ListItem","position":3,"name":"Produktion Europe"}]},{"@type":"WebSite","@id":"https:\/\/albapcb.com\/de\/#website","url":"https:\/\/albapcb.com\/de\/","name":"ALBA PCB Group","description":"Produttori di circuiti stampati di qualit\u00e0","publisher":{"@id":"https:\/\/albapcb.com\/de\/#organization"},"potentialAction":[{"@type":"SearchAction","target":{"@type":"EntryPoint","urlTemplate":"https:\/\/albapcb.com\/de\/?s={search_term_string}"},"query-input":{"@type":"PropertyValueSpecification","valueRequired":true,"valueName":"search_term_string"}}],"inLanguage":"de"},{"@type":"Organization","@id":"https:\/\/albapcb.com\/de\/#organization","name":"ALBA PCB","url":"https:\/\/albapcb.com\/de\/","logo":{"@type":"ImageObject","inLanguage":"de","@id":"https:\/\/albapcb.com\/de\/#\/schema\/logo\/image\/","url":"https:\/\/albapcb.com\/wp-content\/uploads\/2019\/10\/logo.png","contentUrl":"https:\/\/albapcb.com\/wp-content\/uploads\/2019\/10\/logo.png","width":200,"height":229,"caption":"ALBA PCB"},"image":{"@id":"https:\/\/albapcb.com\/de\/#\/schema\/logo\/image\/"}}]}},"_links":{"self":[{"href":"https:\/\/albapcb.com\/de\/wp-json\/wp\/v2\/pages\/1322","targetHints":{"allow":["GET"]}}],"collection":[{"href":"https:\/\/albapcb.com\/de\/wp-json\/wp\/v2\/pages"}],"about":[{"href":"https:\/\/albapcb.com\/de\/wp-json\/wp\/v2\/types\/page"}],"author":[{"embeddable":true,"href":"https:\/\/albapcb.com\/de\/wp-json\/wp\/v2\/users\/1"}],"replies":[{"embeddable":true,"href":"https:\/\/albapcb.com\/de\/wp-json\/wp\/v2\/comments?post=1322"}],"version-history":[{"count":6,"href":"https:\/\/albapcb.com\/de\/wp-json\/wp\/v2\/pages\/1322\/revisions"}],"predecessor-version":[{"id":10557,"href":"https:\/\/albapcb.com\/de\/wp-json\/wp\/v2\/pages\/1322\/revisions\/10557"}],"up":[{"embeddable":true,"href":"https:\/\/albapcb.com\/de\/wp-json\/wp\/v2\/pages\/1321"}],"wp:featuredmedia":[{"embeddable":true,"href":"https:\/\/albapcb.com\/de\/wp-json\/wp\/v2\/media\/946"}],"wp:attachment":[{"href":"https:\/\/albapcb.com\/de\/wp-json\/wp\/v2\/media?parent=1322"}],"curies":[{"name":"wp","href":"https:\/\/api.w.org\/{rel}","templated":true}]}}