{"id":1340,"date":"2019-05-03T18:40:54","date_gmt":"2019-05-03T16:40:54","guid":{"rendered":"http:\/\/albapcb.com\/the-group\/"},"modified":"2025-03-03T17:08:31","modified_gmt":"2025-03-03T16:08:31","slug":"the-group","status":"publish","type":"page","link":"https:\/\/albapcb.com\/de\/the-group\/","title":{"rendered":"Die Gruppe"},"content":{"rendered":"<p>Die Alba PCB Group eine hochspezialisierte Unternehmensgruppe, basierend auf Initiative der Muttergesellschaft Alba Elettronica und derzeit Hauptsitz der Organisation.<br \/>\nEine pr\u00e4zise Organisation und starke Synergie zwischen den Unternehmen und einzelnen Abteilungen haben es erm\u00f6glicht, ein globaler Partner f\u00fcr die Kunden mit Bedarf an Leiterplatten f\u00fcr jeden nur denkbaren Einsatzbereich zu sein.<\/p>\n","protected":false},"excerpt":{"rendered":"<p>Die Alba PCB Group eine hochspezialisierte Unternehmensgruppe, basierend auf Initiative der Muttergesellschaft Alba Elettronica und derzeit Hauptsitz der Organisation. Eine pr\u00e4zise Organisation und starke Synergie zwischen den Unternehmen und einzelnen Abteilungen haben es erm\u00f6glicht, ein globaler Partner f\u00fcr die Kunden mit Bedarf an Leiterplatten f\u00fcr jeden nur denkbaren Einsatzbereich zu sein.<\/p>\n","protected":false},"author":1,"featured_media":1112,"parent":0,"menu_order":55,"comment_status":"closed","ping_status":"closed","template":"","meta":{"_acf_changed":false,"footnotes":""},"class_list":["post-1340","page","type-page","status-publish","has-post-thumbnail","hentry"],"acf":[],"yoast_head":"<!-- This site is optimized with the Yoast SEO plugin v26.5 - https:\/\/yoast.com\/wordpress\/plugins\/seo\/ -->\n<title>Il gruppo - ALBA PCB Group produttori di circuiti stampati di qualit\u00e0<\/title>\n<meta name=\"description\" content=\"ALBA PCB Group \u00e8 un gruppo di aziende altamente specializzate, nate da Alba Elettronica, azienda madre e oggi quartier generale del gruppo...\" \/>\n<meta name=\"robots\" content=\"index, follow, max-snippet:-1, max-image-preview:large, max-video-preview:-1\" \/>\n<link rel=\"canonical\" href=\"https:\/\/albapcb.com\/de\/the-group\/\" \/>\n<meta property=\"og:locale\" content=\"de_DE\" \/>\n<meta property=\"og:type\" content=\"article\" \/>\n<meta property=\"og:title\" content=\"Il gruppo - ALBA PCB Group produttori di circuiti stampati di qualit\u00e0\" \/>\n<meta property=\"og:description\" content=\"ALBA PCB Group \u00e8 un gruppo di aziende altamente specializzate, nate da Alba Elettronica, azienda madre e oggi quartier generale del gruppo...\" \/>\n<meta property=\"og:url\" content=\"https:\/\/albapcb.com\/de\/the-group\/\" \/>\n<meta property=\"og:site_name\" content=\"ALBA PCB Group\" \/>\n<meta property=\"article:modified_time\" content=\"2025-03-03T16:08:31+00:00\" \/>\n<meta property=\"og:image\" content=\"https:\/\/albapcb.com\/wp-content\/uploads\/2019\/07\/Azienda-home-chiara_2.jpg\" \/>\n\t<meta property=\"og:image:width\" content=\"1800\" \/>\n\t<meta property=\"og:image:height\" content=\"887\" \/>\n\t<meta property=\"og:image:type\" content=\"image\/jpeg\" \/>\n<meta name=\"twitter:card\" content=\"summary_large_image\" \/>\n<meta name=\"twitter:label1\" content=\"Gesch\u00e4tzte Lesezeit\" \/>\n\t<meta name=\"twitter:data1\" content=\"2\u00a0Minuten\" \/>\n<script type=\"application\/ld+json\" class=\"yoast-schema-graph\">{\"@context\":\"https:\/\/schema.org\",\"@graph\":[{\"@type\":\"WebPage\",\"@id\":\"https:\/\/albapcb.com\/de\/the-group\/\",\"url\":\"https:\/\/albapcb.com\/de\/the-group\/\",\"name\":\"Il gruppo - ALBA PCB Group produttori di circuiti stampati di qualit\u00e0\",\"isPartOf\":{\"@id\":\"https:\/\/albapcb.com\/de\/#website\"},\"primaryImageOfPage\":{\"@id\":\"https:\/\/albapcb.com\/de\/the-group\/#primaryimage\"},\"image\":{\"@id\":\"https:\/\/albapcb.com\/de\/the-group\/#primaryimage\"},\"thumbnailUrl\":\"https:\/\/albapcb.com\/wp-content\/uploads\/2019\/07\/Azienda-home-chiara_2.jpg\",\"datePublished\":\"2019-05-03T16:40:54+00:00\",\"dateModified\":\"2025-03-03T16:08:31+00:00\",\"description\":\"ALBA PCB Group \u00e8 un gruppo di aziende altamente specializzate, nate da Alba Elettronica, azienda madre e oggi quartier generale del gruppo...\",\"breadcrumb\":{\"@id\":\"https:\/\/albapcb.com\/de\/the-group\/#breadcrumb\"},\"inLanguage\":\"de\",\"potentialAction\":[{\"@type\":\"ReadAction\",\"target\":[\"https:\/\/albapcb.com\/de\/the-group\/\"]}]},{\"@type\":\"ImageObject\",\"inLanguage\":\"de\",\"@id\":\"https:\/\/albapcb.com\/de\/the-group\/#primaryimage\",\"url\":\"https:\/\/albapcb.com\/wp-content\/uploads\/2019\/07\/Azienda-home-chiara_2.jpg\",\"contentUrl\":\"https:\/\/albapcb.com\/wp-content\/uploads\/2019\/07\/Azienda-home-chiara_2.jpg\",\"width\":1800,\"height\":887},{\"@type\":\"BreadcrumbList\",\"@id\":\"https:\/\/albapcb.com\/de\/the-group\/#breadcrumb\",\"itemListElement\":[{\"@type\":\"ListItem\",\"position\":1,\"name\":\"Home\",\"item\":\"https:\/\/albapcb.com\/de\/\"},{\"@type\":\"ListItem\",\"position\":2,\"name\":\"Die Gruppe\"}]},{\"@type\":\"WebSite\",\"@id\":\"https:\/\/albapcb.com\/de\/#website\",\"url\":\"https:\/\/albapcb.com\/de\/\",\"name\":\"ALBA PCB Group\",\"description\":\"Produttori di circuiti stampati di qualit\u00e0\",\"publisher\":{\"@id\":\"https:\/\/albapcb.com\/de\/#organization\"},\"potentialAction\":[{\"@type\":\"SearchAction\",\"target\":{\"@type\":\"EntryPoint\",\"urlTemplate\":\"https:\/\/albapcb.com\/de\/?s={search_term_string}\"},\"query-input\":{\"@type\":\"PropertyValueSpecification\",\"valueRequired\":true,\"valueName\":\"search_term_string\"}}],\"inLanguage\":\"de\"},{\"@type\":\"Organization\",\"@id\":\"https:\/\/albapcb.com\/de\/#organization\",\"name\":\"ALBA PCB\",\"url\":\"https:\/\/albapcb.com\/de\/\",\"logo\":{\"@type\":\"ImageObject\",\"inLanguage\":\"de\",\"@id\":\"https:\/\/albapcb.com\/de\/#\/schema\/logo\/image\/\",\"url\":\"https:\/\/albapcb.com\/wp-content\/uploads\/2019\/10\/logo.png\",\"contentUrl\":\"https:\/\/albapcb.com\/wp-content\/uploads\/2019\/10\/logo.png\",\"width\":200,\"height\":229,\"caption\":\"ALBA PCB\"},\"image\":{\"@id\":\"https:\/\/albapcb.com\/de\/#\/schema\/logo\/image\/\"}}]}<\/script>\n<!-- \/ Yoast SEO plugin. -->","yoast_head_json":{"title":"Il gruppo - ALBA PCB Group produttori di circuiti stampati di qualit\u00e0","description":"ALBA PCB Group \u00e8 un gruppo di aziende altamente specializzate, nate da Alba Elettronica, azienda madre e oggi quartier generale del gruppo...","robots":{"index":"index","follow":"follow","max-snippet":"max-snippet:-1","max-image-preview":"max-image-preview:large","max-video-preview":"max-video-preview:-1"},"canonical":"https:\/\/albapcb.com\/de\/the-group\/","og_locale":"de_DE","og_type":"article","og_title":"Il gruppo - ALBA PCB Group produttori di circuiti stampati di qualit\u00e0","og_description":"ALBA PCB Group \u00e8 un gruppo di aziende altamente specializzate, nate da Alba Elettronica, azienda madre e oggi quartier generale del gruppo...","og_url":"https:\/\/albapcb.com\/de\/the-group\/","og_site_name":"ALBA PCB Group","article_modified_time":"2025-03-03T16:08:31+00:00","og_image":[{"width":1800,"height":887,"url":"https:\/\/albapcb.com\/wp-content\/uploads\/2019\/07\/Azienda-home-chiara_2.jpg","type":"image\/jpeg"}],"twitter_card":"summary_large_image","twitter_misc":{"Gesch\u00e4tzte Lesezeit":"2\u00a0Minuten"},"schema":{"@context":"https:\/\/schema.org","@graph":[{"@type":"WebPage","@id":"https:\/\/albapcb.com\/de\/the-group\/","url":"https:\/\/albapcb.com\/de\/the-group\/","name":"Il gruppo - ALBA PCB Group produttori di circuiti stampati di qualit\u00e0","isPartOf":{"@id":"https:\/\/albapcb.com\/de\/#website"},"primaryImageOfPage":{"@id":"https:\/\/albapcb.com\/de\/the-group\/#primaryimage"},"image":{"@id":"https:\/\/albapcb.com\/de\/the-group\/#primaryimage"},"thumbnailUrl":"https:\/\/albapcb.com\/wp-content\/uploads\/2019\/07\/Azienda-home-chiara_2.jpg","datePublished":"2019-05-03T16:40:54+00:00","dateModified":"2025-03-03T16:08:31+00:00","description":"ALBA PCB Group \u00e8 un gruppo di aziende altamente specializzate, nate da Alba Elettronica, azienda madre e oggi quartier generale del gruppo...","breadcrumb":{"@id":"https:\/\/albapcb.com\/de\/the-group\/#breadcrumb"},"inLanguage":"de","potentialAction":[{"@type":"ReadAction","target":["https:\/\/albapcb.com\/de\/the-group\/"]}]},{"@type":"ImageObject","inLanguage":"de","@id":"https:\/\/albapcb.com\/de\/the-group\/#primaryimage","url":"https:\/\/albapcb.com\/wp-content\/uploads\/2019\/07\/Azienda-home-chiara_2.jpg","contentUrl":"https:\/\/albapcb.com\/wp-content\/uploads\/2019\/07\/Azienda-home-chiara_2.jpg","width":1800,"height":887},{"@type":"BreadcrumbList","@id":"https:\/\/albapcb.com\/de\/the-group\/#breadcrumb","itemListElement":[{"@type":"ListItem","position":1,"name":"Home","item":"https:\/\/albapcb.com\/de\/"},{"@type":"ListItem","position":2,"name":"Die Gruppe"}]},{"@type":"WebSite","@id":"https:\/\/albapcb.com\/de\/#website","url":"https:\/\/albapcb.com\/de\/","name":"ALBA PCB Group","description":"Produttori di circuiti stampati di qualit\u00e0","publisher":{"@id":"https:\/\/albapcb.com\/de\/#organization"},"potentialAction":[{"@type":"SearchAction","target":{"@type":"EntryPoint","urlTemplate":"https:\/\/albapcb.com\/de\/?s={search_term_string}"},"query-input":{"@type":"PropertyValueSpecification","valueRequired":true,"valueName":"search_term_string"}}],"inLanguage":"de"},{"@type":"Organization","@id":"https:\/\/albapcb.com\/de\/#organization","name":"ALBA PCB","url":"https:\/\/albapcb.com\/de\/","logo":{"@type":"ImageObject","inLanguage":"de","@id":"https:\/\/albapcb.com\/de\/#\/schema\/logo\/image\/","url":"https:\/\/albapcb.com\/wp-content\/uploads\/2019\/10\/logo.png","contentUrl":"https:\/\/albapcb.com\/wp-content\/uploads\/2019\/10\/logo.png","width":200,"height":229,"caption":"ALBA PCB"},"image":{"@id":"https:\/\/albapcb.com\/de\/#\/schema\/logo\/image\/"}}]}},"_links":{"self":[{"href":"https:\/\/albapcb.com\/de\/wp-json\/wp\/v2\/pages\/1340","targetHints":{"allow":["GET"]}}],"collection":[{"href":"https:\/\/albapcb.com\/de\/wp-json\/wp\/v2\/pages"}],"about":[{"href":"https:\/\/albapcb.com\/de\/wp-json\/wp\/v2\/types\/page"}],"author":[{"embeddable":true,"href":"https:\/\/albapcb.com\/de\/wp-json\/wp\/v2\/users\/1"}],"replies":[{"embeddable":true,"href":"https:\/\/albapcb.com\/de\/wp-json\/wp\/v2\/comments?post=1340"}],"version-history":[{"count":4,"href":"https:\/\/albapcb.com\/de\/wp-json\/wp\/v2\/pages\/1340\/revisions"}],"predecessor-version":[{"id":11386,"href":"https:\/\/albapcb.com\/de\/wp-json\/wp\/v2\/pages\/1340\/revisions\/11386"}],"wp:featuredmedia":[{"embeddable":true,"href":"https:\/\/albapcb.com\/de\/wp-json\/wp\/v2\/media\/1112"}],"wp:attachment":[{"href":"https:\/\/albapcb.com\/de\/wp-json\/wp\/v2\/media?parent=1340"}],"curies":[{"name":"wp","href":"https:\/\/api.w.org\/{rel}","templated":true}]}}