{"id":1394,"date":"2019-04-26T12:39:35","date_gmt":"2019-04-26T10:39:35","guid":{"rendered":"http:\/\/albapcb.com\/the-group\/history\/"},"modified":"2024-07-23T18:43:56","modified_gmt":"2024-07-23T16:43:56","slug":"unsere-geschichte","status":"publish","type":"page","link":"https:\/\/albapcb.com\/de\/the-group\/unsere-geschichte\/","title":{"rendered":"Unsere Geschichte"},"content":{"rendered":"<p>Seit 1989 entwickelte sich unsere Firmengeschichte in einem sich stetig wandelnden Markt. Die Idee, die uns leitet, ist die der totalen Innovation: auf Serviceebene, um neue Kundenanforderungen zu befriedigen und zu verstehen; auf der Fertigungsebene, um auf die rasche Zunahme der Komplexit\u00e4t von Leiterplatten zu reagieren; auf organisatorischer Ebene, um Optimierung, Schnelligkeit und Flexibilit\u00e4t zu vereinen.<\/p>\n<p>Es ist diese Philosophie, welche Marktquoten erobert hat, auch in den Jahren der Herstellerabwanderung nach Fernost. W\u00e4hrend dieser Zeit haben wir eine neue Produktionsst\u00e4tte in Italien in der N\u00e4he von Venedig er\u00f6ffnet und die Anzahl unserer Mitarbeiter verdoppelt.<\/p>\n<h5>Heute k\u00f6nnen wir auf mehr<br \/>\nals 30 Jahre unserer<br \/>\nFirmengeschichte schauen und<br \/>\nm\u00f6chten sie weiter wachsen lassen.<\/h5>\n<h3 style=\"text-align: left;\">2024.<\/h3>\n<p>\u2022 Neue automatische Zinnentfernungsanlage von IS f\u00fcr perfekte Zinnentfernung nach dem \u00c4tzen.<br \/>\n\u2022 Installation einer neuen Linie f\u00fcr die Trockenschichtentfernung.<br \/>\n\u2022 WM Eltar ist ein polnischer Hersteller von Leiterplatten, der seit 1981 auf dem Markt ist, wurde von ALBA Elettronica \u00fcbernommen.<\/p>\n<h3 style=\"text-align: left;\">2023.<\/h3>\n<p>\u2022 Installation einer Photovoltaikanlage auf dem Dach unserer Produktionsst\u00e4tte in Mogliano Veneto: 250 kW Leistung f\u00fcr eine gesch\u00e4tzte Produktion von 320.000 kWh sauberer Energie pro Jahr.<br \/>\n\u2022 Anschaffung einer neuen ATG-A9 Pr\u00fcfstation, einer mobilen Hochgeschwindigkeits-Pr\u00fcfmaschine f\u00fcr elektrische Sonden.<br \/>\n\u2022 Installation einer neuen Hochgeschwindigkeits-Mikrobohrmaschine EVO2s von Pluritec, mit automatischer Be- und Entladung.<br \/>\n\u2022 Installation der neuen Kupferoxidationsanlage von Ocleppo, um die perfekte Haftung von mehrlagigen PCB-Zwischenschichten zu f\u00f6rdern.<\/p>\n<h3 style=\"text-align: left;\">2020.<\/h3>\n<p><span lang=\"de-DE\">\u2022 Installation eines Roboters 4.0 f\u00fcr das automatische Laden\/Entladen von Leiterplatten f\u00fcr den Tintenstrahldrucker Sprint 120 von Orbotech.<br \/>\n<\/span><span lang=\"de-DE\">\u2022 Kauf eines neuen Digitalmikroskops VHX-7000 von Keyence zur Betrachtung und Messung von metallografischen Schnitten und zur Pr\u00fcfung von Leiterplatten in 2D und 3D mit einer Vergr\u00f6\u00dferung von bis zu 2000X.<\/span><\/p>\n<h3 style=\"text-align: left;\">2019.<\/h3>\n<p><span lang=\"de-DE\">\u2022 Kauf einer neuen, hochmodernen automatischen Spr\u00fchanlage f\u00fcr die L\u00f6tstopplackdruckabteilung.<br \/>\n<\/span><span lang=\"de-DE\">\u2022 Installation einer neuen horizontalen &#8222;Shadow&#8220;-Linie von Occleppo f\u00fcr die Metallisierung von L\u00f6chern.<\/span><\/p>\n<h3 style=\"text-align: left;\">2018.<\/h3>\n<p>\u00dcbernahme der Q-print electronic GmbH, einem deutschen Unternehmen, das seit \u00fcber zwanzig Jahren auf dem PCB-Markt mit einer erstklassigen Struktur in Vertrieb, Marketing und Technik vertreten ist.<\/p>\n<h3 style=\"text-align: left;\">2016.<\/h3>\n<p>\u2022 Kauf von zwei Multistation Evo 2 Modulen bei Pluritech mit automatischem Be- und Entladen, Hochgeschwindigkeits- und Hochpr\u00e4zisionsbohrmaschinen.<br \/>\n\u2022 Kauf einer Maschine zur Messung der Ionischen Kontamination.<br \/>\n\u2022 Kauf einer ISS Linie f\u00fcr die MEC-\u00c4tzmethode, Mikro\u00e4tzbehandlung zur Vorbereitung des Kupfers vor der Laminierung des Trockenfilms und des L\u00f6tstopplackes.<br \/>\n\u2022 Kauf eines Laders und Entladers mit Verteilereinheit \u00fcber die Robotikeinheit Pola &amp; Massa.<br \/>\n\u2022 Kauf einer ATMA Siebdruckmaschine zum Verschlie\u00dfen der Bohrl\u00f6cher mit isolierenden oder leitf\u00e4higen L\u00f6tmitteln oder Pasten.<br \/>\n\u2022 Kauf einer Filterpresse f\u00fcr die Reinigungsanlage Della Toffola.<\/p>\n<h3 style=\"text-align: left;\">2015.<\/h3>\n<p>\u2022 Nutzungsbeginn der Software Insight by Frontline (Orbotech) zur Analyse und Klassifizierung von Gerberdaten<br \/>\n\u2022 Verbesserung der elektrischen Pr\u00fcfung durch den Kauf eines neuen Flying Probe Pr\u00fcfsystems, ATG A5, 8 K\u00f6pfe mit automatischer Be- und Entladung.<br \/>\n\u2022 Kauf einer Reinigungsanlage f\u00fcr vergoldete Oberfl\u00e4chen zur Vermeidung von Ionenkontamination.<br \/>\n\u2022 Implementierung einer zentralen Anlage zur K\u00fchlung von Bohr- und Fr\u00e4smaschinen.<\/p>\n<h3 style=\"text-align: left;\">2014.<\/h3>\n<p>\u2022 Erweiterung der Belichtungsabteilung durch den Bau eines Reinraums der Klasse 10.000 f\u00fcr die Nuvogo 800 Direct Imaging L\u00f6sung von Orbotech.<br \/>\n\u2022 Teknek-Maschine zur Reinigung von Laminaten mit Trockenfolie, zur Reinigung vor der Belichtung.<\/p>\n<h3 style=\"text-align: left;\">2013.<\/h3>\n<p>Kauf eines Siebdrucks-Tintenstrahldruckers Sprint 120 von Orbotech \u2013 Tintenstrahldrucker mit optischer Ausrichtung zum Aufbringen wei\u00dfer Symbole auf Bauteile und Leiterplatten mit energiesparendem UV-Licht der LED-Technologie.<\/p>\n<h3 style=\"text-align: left;\">2012.<\/h3>\n<p>\u2022 Erweiterung der elektrischen Pr\u00fcfuabteilung durch den Kauf eines neuen Flying Probe Testsystems, ATG A6 16 K\u00f6pfe mit automatischer Be- und Entladung.<br \/>\n\u2022 Erweiterung der Belichtungsabteilung durch den Kauf einer AFOSA Semi-Automatic Exposure Unit mit automatischer Ausrichtung mit 4 CCD-Kameras und kollimiertem (parallel gerichtetem) Licht.<br \/>\n<span style=\"color: #254e96;\"><strong>Gr\u00fcndung der MYPCBSHOP.COM<br \/>\n<\/strong><\/span><\/p>\n<h3 style=\"text-align: left;\">2011.<\/h3>\n<p>Erweiterung der L\u00f6tstopplackabteilung mit dem Kauf einer Spr\u00fchanlage f\u00fcr mehrfarbigen Auftrag von L\u00f6tstopplack.<br \/>\n<strong><span style=\"color: #254e96;\">Gr\u00fcndung der AB TECHNOLOGIES China<\/span><\/strong>.<\/p>\n<h3 style=\"text-align: left;\">2010.<\/h3>\n<p>Kauf eines Siebdruck-Tintenstrahldruckers \u2013 NewPrint Legend Printer G45L NEW SYSTEM<\/p>\n<h3 style=\"text-align: left;\">2009.<\/h3>\n<p>\u2022 Erweiterung der Bohr- und Fr\u00e4sabteilung durch eine neue Bohrmaschine mit Linearmotoren, eine Inspecta-Bohrmaschine und eine MEGA-Fr\u00e4smaschine mit 3 und 5 K\u00f6pfen.<br \/>\n\u2022 Erlangung der ZERTIFIZIERUNG, UNI EN ISO 9001:2008 und Bahnzertifikat \u2013 UNI CEI 11170-3.<\/p>\n<h3 style=\"text-align: left;\">2008.<\/h3>\n<p><span style=\"color: #254e96;\"><strong>Gr\u00fcndung der ENVENTIVE<\/strong><\/span>.<\/p>\n<h3 style=\"text-align: left;\">2007.<\/h3>\n<p>Erweiterung der Belichtungsabteilung durch den Kauf einer neuen CBT-Belichtungseinheit mit automatischer Ausrichtung mit 4 CCD-Kameras und kollimiertem Licht.<\/p>\n<h3 style=\"text-align: left;\">2006.<\/h3>\n<p>Erweiterung der elektrischen Pr\u00fcfabteilung durch den Kauf eines neuen Flying Probe Pr\u00fcfsystems, Seika S22 Vertikal und S24 Horizontal mit 4 K\u00f6pfen mit automatischer Be- und Entladung.<\/p>\n<h3 style=\"text-align: left;\">2005.<\/h3>\n<p>Bleifrei-Technlogie und neue UL-Zulassungen.<br \/>\nOxford CMI900.<br \/>\nOxford CMI700.<\/p>\n<h3 style=\"text-align: left;\">2004.<\/h3>\n<p>Er\u00f6ffnung der neuen Produktion mit Kapazit\u00e4t 4.000 m\u00b2.<\/p>\n<h3 style=\"text-align: left;\">2003.<\/h3>\n<p>Erweiterung der Warenein- und ausgangskontrolle durch den Kauf einer optischen halbautomatischen Hochpr\u00e4zisionsanlage f\u00fcr Konturvermessung.<\/p>\n<h3 style=\"text-align: left;\">2002.<\/h3>\n<p>Erwerb des Zertifikates Vision 2000.<\/p>\n<h3 style=\"text-align: left;\">2001.<\/h3>\n<p>Implementation einer R\u00f6ntgenanlage zur Pr\u00fcfung der Innenlagen.<\/p>\n<h3 style=\"text-align: left;\">2000.<\/h3>\n<p>Erwerb des Zertifikates ISO 9002 und UL-Freigabe (UL E203656).<\/p>\n<h3 style=\"text-align: left;\">1999.<\/h3>\n<p>Start der Kooperation mit Fertigungen in Asien.<br \/>\n<span style=\"color: #254e96;\"><strong>Gr\u00fcndung der AAB TECH<\/strong><\/span>.<\/p>\n<h3 style=\"text-align: left;\">1989.<\/h3>\n<p><strong><span style=\"color: #254e96;\">Gr\u00fcndung der ALBA ELETTRONICA<\/span><\/strong>.<\/p>\n","protected":false},"excerpt":{"rendered":"<p>Seit 1989 entwickelte sich unsere Firmengeschichte in einem sich stetig wandelnden Markt. Die Idee, die uns leitet, ist die der totalen Innovation: auf Serviceebene, um neue Kundenanforderungen zu befriedigen und zu verstehen; auf der Fertigungsebene, um auf die rasche Zunahme der Komplexit\u00e4t von Leiterplatten zu reagieren; auf organisatorischer Ebene, um Optimierung, Schnelligkeit und Flexibilit\u00e4t zu [&hellip;]<\/p>\n","protected":false},"author":1,"featured_media":902,"parent":1340,"menu_order":1,"comment_status":"closed","ping_status":"closed","template":"","meta":{"_acf_changed":false,"footnotes":""},"class_list":["post-1394","page","type-page","status-publish","has-post-thumbnail","hentry"],"acf":[],"yoast_head":"<!-- This site is optimized with the Yoast SEO plugin v26.5 - https:\/\/yoast.com\/wordpress\/plugins\/seo\/ -->\n<title>La Storia - ALBA PCB Group produttori di circuiti stampati di qualit\u00e0<\/title>\n<meta name=\"description\" content=\"La Storia di ALBA PCB Group nasce nel 1989 con Alba Elettronica, l\u2019idea che ci guida \u00e9 quella dell\u2019innovazione totale: sul piano del servizio...\" \/>\n<meta name=\"robots\" content=\"index, follow, max-snippet:-1, max-image-preview:large, max-video-preview:-1\" \/>\n<link rel=\"canonical\" href=\"https:\/\/albapcb.com\/de\/the-group\/unsere-geschichte\/\" \/>\n<meta property=\"og:locale\" content=\"de_DE\" \/>\n<meta property=\"og:type\" content=\"article\" \/>\n<meta property=\"og:title\" content=\"La Storia - ALBA PCB Group produttori di circuiti stampati di qualit\u00e0\" \/>\n<meta property=\"og:description\" content=\"La Storia di ALBA PCB Group nasce nel 1989 con Alba Elettronica, l\u2019idea che ci guida \u00e9 quella dell\u2019innovazione totale: sul piano del servizio...\" \/>\n<meta property=\"og:url\" content=\"https:\/\/albapcb.com\/de\/the-group\/unsere-geschichte\/\" \/>\n<meta property=\"og:site_name\" content=\"ALBA PCB Group\" \/>\n<meta property=\"article:modified_time\" content=\"2024-07-23T16:43:56+00:00\" \/>\n<meta property=\"og:image\" content=\"https:\/\/albapcb.com\/wp-content\/uploads\/2019\/06\/La-storia.jpg\" \/>\n\t<meta property=\"og:image:width\" content=\"1800\" \/>\n\t<meta property=\"og:image:height\" content=\"886\" \/>\n\t<meta property=\"og:image:type\" content=\"image\/jpeg\" \/>\n<meta name=\"twitter:card\" content=\"summary_large_image\" \/>\n<meta name=\"twitter:label1\" content=\"Gesch\u00e4tzte Lesezeit\" \/>\n\t<meta name=\"twitter:data1\" content=\"4\u00a0Minuten\" \/>\n<script type=\"application\/ld+json\" class=\"yoast-schema-graph\">{\"@context\":\"https:\/\/schema.org\",\"@graph\":[{\"@type\":\"WebPage\",\"@id\":\"https:\/\/albapcb.com\/de\/the-group\/unsere-geschichte\/\",\"url\":\"https:\/\/albapcb.com\/de\/the-group\/unsere-geschichte\/\",\"name\":\"La Storia - ALBA PCB Group produttori di circuiti stampati di qualit\u00e0\",\"isPartOf\":{\"@id\":\"https:\/\/albapcb.com\/de\/#website\"},\"primaryImageOfPage\":{\"@id\":\"https:\/\/albapcb.com\/de\/the-group\/unsere-geschichte\/#primaryimage\"},\"image\":{\"@id\":\"https:\/\/albapcb.com\/de\/the-group\/unsere-geschichte\/#primaryimage\"},\"thumbnailUrl\":\"https:\/\/albapcb.com\/wp-content\/uploads\/2019\/06\/La-storia.jpg\",\"datePublished\":\"2019-04-26T10:39:35+00:00\",\"dateModified\":\"2024-07-23T16:43:56+00:00\",\"description\":\"La Storia di ALBA PCB Group nasce nel 1989 con Alba Elettronica, l\u2019idea che ci guida \u00e9 quella dell\u2019innovazione totale: sul piano del servizio...\",\"breadcrumb\":{\"@id\":\"https:\/\/albapcb.com\/de\/the-group\/unsere-geschichte\/#breadcrumb\"},\"inLanguage\":\"de\",\"potentialAction\":[{\"@type\":\"ReadAction\",\"target\":[\"https:\/\/albapcb.com\/de\/the-group\/unsere-geschichte\/\"]}]},{\"@type\":\"ImageObject\",\"inLanguage\":\"de\",\"@id\":\"https:\/\/albapcb.com\/de\/the-group\/unsere-geschichte\/#primaryimage\",\"url\":\"https:\/\/albapcb.com\/wp-content\/uploads\/2019\/06\/La-storia.jpg\",\"contentUrl\":\"https:\/\/albapcb.com\/wp-content\/uploads\/2019\/06\/La-storia.jpg\",\"width\":1800,\"height\":886},{\"@type\":\"BreadcrumbList\",\"@id\":\"https:\/\/albapcb.com\/de\/the-group\/unsere-geschichte\/#breadcrumb\",\"itemListElement\":[{\"@type\":\"ListItem\",\"position\":1,\"name\":\"Home\",\"item\":\"https:\/\/albapcb.com\/de\/\"},{\"@type\":\"ListItem\",\"position\":2,\"name\":\"Die Gruppe\",\"item\":\"https:\/\/albapcb.com\/de\/the-group\/\"},{\"@type\":\"ListItem\",\"position\":3,\"name\":\"Unsere Geschichte\"}]},{\"@type\":\"WebSite\",\"@id\":\"https:\/\/albapcb.com\/de\/#website\",\"url\":\"https:\/\/albapcb.com\/de\/\",\"name\":\"ALBA PCB Group\",\"description\":\"Produttori di circuiti stampati di qualit\u00e0\",\"publisher\":{\"@id\":\"https:\/\/albapcb.com\/de\/#organization\"},\"potentialAction\":[{\"@type\":\"SearchAction\",\"target\":{\"@type\":\"EntryPoint\",\"urlTemplate\":\"https:\/\/albapcb.com\/de\/?s={search_term_string}\"},\"query-input\":{\"@type\":\"PropertyValueSpecification\",\"valueRequired\":true,\"valueName\":\"search_term_string\"}}],\"inLanguage\":\"de\"},{\"@type\":\"Organization\",\"@id\":\"https:\/\/albapcb.com\/de\/#organization\",\"name\":\"ALBA PCB\",\"url\":\"https:\/\/albapcb.com\/de\/\",\"logo\":{\"@type\":\"ImageObject\",\"inLanguage\":\"de\",\"@id\":\"https:\/\/albapcb.com\/de\/#\/schema\/logo\/image\/\",\"url\":\"https:\/\/albapcb.com\/wp-content\/uploads\/2019\/10\/logo.png\",\"contentUrl\":\"https:\/\/albapcb.com\/wp-content\/uploads\/2019\/10\/logo.png\",\"width\":200,\"height\":229,\"caption\":\"ALBA PCB\"},\"image\":{\"@id\":\"https:\/\/albapcb.com\/de\/#\/schema\/logo\/image\/\"}}]}<\/script>\n<!-- \/ Yoast SEO plugin. -->","yoast_head_json":{"title":"La Storia - ALBA PCB Group produttori di circuiti stampati di qualit\u00e0","description":"La Storia di ALBA PCB Group nasce nel 1989 con Alba Elettronica, l\u2019idea che ci guida \u00e9 quella dell\u2019innovazione totale: sul piano del servizio...","robots":{"index":"index","follow":"follow","max-snippet":"max-snippet:-1","max-image-preview":"max-image-preview:large","max-video-preview":"max-video-preview:-1"},"canonical":"https:\/\/albapcb.com\/de\/the-group\/unsere-geschichte\/","og_locale":"de_DE","og_type":"article","og_title":"La Storia - ALBA PCB Group produttori di circuiti stampati di qualit\u00e0","og_description":"La Storia di ALBA PCB Group nasce nel 1989 con Alba Elettronica, l\u2019idea che ci guida \u00e9 quella dell\u2019innovazione totale: sul piano del servizio...","og_url":"https:\/\/albapcb.com\/de\/the-group\/unsere-geschichte\/","og_site_name":"ALBA PCB Group","article_modified_time":"2024-07-23T16:43:56+00:00","og_image":[{"width":1800,"height":886,"url":"https:\/\/albapcb.com\/wp-content\/uploads\/2019\/06\/La-storia.jpg","type":"image\/jpeg"}],"twitter_card":"summary_large_image","twitter_misc":{"Gesch\u00e4tzte Lesezeit":"4\u00a0Minuten"},"schema":{"@context":"https:\/\/schema.org","@graph":[{"@type":"WebPage","@id":"https:\/\/albapcb.com\/de\/the-group\/unsere-geschichte\/","url":"https:\/\/albapcb.com\/de\/the-group\/unsere-geschichte\/","name":"La Storia - ALBA PCB Group produttori di circuiti stampati di qualit\u00e0","isPartOf":{"@id":"https:\/\/albapcb.com\/de\/#website"},"primaryImageOfPage":{"@id":"https:\/\/albapcb.com\/de\/the-group\/unsere-geschichte\/#primaryimage"},"image":{"@id":"https:\/\/albapcb.com\/de\/the-group\/unsere-geschichte\/#primaryimage"},"thumbnailUrl":"https:\/\/albapcb.com\/wp-content\/uploads\/2019\/06\/La-storia.jpg","datePublished":"2019-04-26T10:39:35+00:00","dateModified":"2024-07-23T16:43:56+00:00","description":"La Storia di ALBA PCB Group nasce nel 1989 con Alba Elettronica, l\u2019idea che ci guida \u00e9 quella dell\u2019innovazione totale: sul piano del servizio...","breadcrumb":{"@id":"https:\/\/albapcb.com\/de\/the-group\/unsere-geschichte\/#breadcrumb"},"inLanguage":"de","potentialAction":[{"@type":"ReadAction","target":["https:\/\/albapcb.com\/de\/the-group\/unsere-geschichte\/"]}]},{"@type":"ImageObject","inLanguage":"de","@id":"https:\/\/albapcb.com\/de\/the-group\/unsere-geschichte\/#primaryimage","url":"https:\/\/albapcb.com\/wp-content\/uploads\/2019\/06\/La-storia.jpg","contentUrl":"https:\/\/albapcb.com\/wp-content\/uploads\/2019\/06\/La-storia.jpg","width":1800,"height":886},{"@type":"BreadcrumbList","@id":"https:\/\/albapcb.com\/de\/the-group\/unsere-geschichte\/#breadcrumb","itemListElement":[{"@type":"ListItem","position":1,"name":"Home","item":"https:\/\/albapcb.com\/de\/"},{"@type":"ListItem","position":2,"name":"Die Gruppe","item":"https:\/\/albapcb.com\/de\/the-group\/"},{"@type":"ListItem","position":3,"name":"Unsere Geschichte"}]},{"@type":"WebSite","@id":"https:\/\/albapcb.com\/de\/#website","url":"https:\/\/albapcb.com\/de\/","name":"ALBA PCB Group","description":"Produttori di circuiti stampati di qualit\u00e0","publisher":{"@id":"https:\/\/albapcb.com\/de\/#organization"},"potentialAction":[{"@type":"SearchAction","target":{"@type":"EntryPoint","urlTemplate":"https:\/\/albapcb.com\/de\/?s={search_term_string}"},"query-input":{"@type":"PropertyValueSpecification","valueRequired":true,"valueName":"search_term_string"}}],"inLanguage":"de"},{"@type":"Organization","@id":"https:\/\/albapcb.com\/de\/#organization","name":"ALBA PCB","url":"https:\/\/albapcb.com\/de\/","logo":{"@type":"ImageObject","inLanguage":"de","@id":"https:\/\/albapcb.com\/de\/#\/schema\/logo\/image\/","url":"https:\/\/albapcb.com\/wp-content\/uploads\/2019\/10\/logo.png","contentUrl":"https:\/\/albapcb.com\/wp-content\/uploads\/2019\/10\/logo.png","width":200,"height":229,"caption":"ALBA PCB"},"image":{"@id":"https:\/\/albapcb.com\/de\/#\/schema\/logo\/image\/"}}]}},"_links":{"self":[{"href":"https:\/\/albapcb.com\/de\/wp-json\/wp\/v2\/pages\/1394","targetHints":{"allow":["GET"]}}],"collection":[{"href":"https:\/\/albapcb.com\/de\/wp-json\/wp\/v2\/pages"}],"about":[{"href":"https:\/\/albapcb.com\/de\/wp-json\/wp\/v2\/types\/page"}],"author":[{"embeddable":true,"href":"https:\/\/albapcb.com\/de\/wp-json\/wp\/v2\/users\/1"}],"replies":[{"embeddable":true,"href":"https:\/\/albapcb.com\/de\/wp-json\/wp\/v2\/comments?post=1394"}],"version-history":[{"count":6,"href":"https:\/\/albapcb.com\/de\/wp-json\/wp\/v2\/pages\/1394\/revisions"}],"predecessor-version":[{"id":11068,"href":"https:\/\/albapcb.com\/de\/wp-json\/wp\/v2\/pages\/1394\/revisions\/11068"}],"up":[{"embeddable":true,"href":"https:\/\/albapcb.com\/de\/wp-json\/wp\/v2\/pages\/1340"}],"wp:featuredmedia":[{"embeddable":true,"href":"https:\/\/albapcb.com\/de\/wp-json\/wp\/v2\/media\/902"}],"wp:attachment":[{"href":"https:\/\/albapcb.com\/de\/wp-json\/wp\/v2\/media?parent=1394"}],"curies":[{"name":"wp","href":"https:\/\/api.w.org\/{rel}","templated":true}]}}