{"id":1411,"date":"2019-08-27T09:48:56","date_gmt":"2019-08-27T07:48:56","guid":{"rendered":"http:\/\/albapcb.com\/?page_id=1411"},"modified":"2019-10-04T12:31:49","modified_gmt":"2019-10-04T10:31:49","slug":"privacy-policy","status":"publish","type":"page","link":"https:\/\/albapcb.com\/de\/privacy-policy\/","title":{"rendered":"Privacy policy"},"content":{"rendered":"<p><strong>Informationen, die gem\u00e4\u00df Artikel 13 der Gesetzesverordnung Nr. 196 vom 30. Juni 2003 (Kodex zum Schutz personenbezogener Daten) und sp\u00e4teren \u00c4nderungen durch die Artikel 13-14 der Europ\u00e4ischen Verordnung 2016\/679 bereitgestellt werden.<br \/>\n<\/strong>Alba Elettronica Srl, der Unterzeichnete, in seiner Eigenschaft als Datenverantwortlicher, informiert die interessierte Partei hiermit, dass die Gesetzesverordnung 196\/2003 (Kodex zum Schutz personenbezogener Daten) und die Europ\u00e4ische Verordnung Nr. 679\/2016 darauf abzielen, nat\u00fcrliche Personen bei der Verarbeitung pers\u00f6nlicher Daten zu sch\u00fctzen. In \u00dcbereinstimmung mit den Bestimmungen dieses Kodex und der geltenden europ\u00e4ischen Gesetzgebung zu diesem Thema basiert die Verarbeitung der Sie betreffenden Informationen auf den Grunds\u00e4tzen der Korrektheit, Rechtm\u00e4\u00dfigkeit und Transparenz zum Schutz Ihrer Privatsph\u00e4re und Ihrer Rechte.<\/p>\n<p><em><strong>Wie wir Ihre personenbezogenen Daten verarbeiten<\/strong><\/em><\/p>\n<p>Innerhalb der Website k\u00f6nnen einige personenbezogene Daten angefordert werden, um Newsletter zu abonnieren und\/oder Formulare auszuf\u00fcllen, wie z.B. Vorname, Nachname, E-Mail-Adresse, Telefonnummer, das Unternehmen, dem Sie angeh\u00f6ren, und m\u00f6glicherweise Ihre Position in dem Unternehmen. Wir ben\u00f6tigen diese Informationen, um Ihnen eine pers\u00f6nliche Erfahrung mit unseren Dienstleistungen zu erm\u00f6glichen. Wir verarbeiten Ihre personenbezogenen Daten nur zu den in dieser Datenschutzerkl\u00e4rung genannten Zwecken und zu Zwecken im Zusammenhang mit den Ihnen angebotenen Dienstleistungen.<\/p>\n<p><em><strong>Schutz<\/strong><\/em><\/p>\n<p>Die Bereitstellung Ihrer personenbezogenen Daten, sei es pers\u00f6nlich, per Telefon, \u00fcber das Internet oder mit anderen Technologien, birgt immer Risiken, und kein Technologiesystem ist von Hackern vollst\u00e4ndig sicher oder manipulationssicher. Alba Elettronica Srl trifft geeignete Vorkehrungen, um den unbefugten Zugriff und den Missbrauch Ihrer personenbezogenen Daten zu verhindern.<\/p>\n<p><em><strong>Aufbewahrung und Genauigkeit der Daten<\/strong><\/em><\/p>\n<p>Wir wollen unsere Datenbank auf dem neuesten Stand halten und regelm\u00e4\u00dfig veraltete und unn\u00f6tige personenbezogene Daten l\u00f6schen. Wir speichern die Daten nur f\u00fcr den Zeitraum, der zur Erf\u00fcllung des Zwecks, f\u00fcr den sie erhoben wurden, oder f\u00fcr den gesetzlich vorgeschriebenen Zeitraum erforderlich ist. Weitere Informationen zu den Aufbewahrungsfristen finden Sie im folgenden Abschnitt. Sie k\u00f6nnen uns auch \u00fcber die untenstehenden Kontaktinformationen kontaktieren.<\/p>\n<p><strong>Daher informieren wir Sie gem\u00e4\u00df Art. 13 der Gesetzesverordnung Nr. 196\/2003 und den nachfolgenden \u00c4nderungen durch die EU-Verordnung 2016\/679 zu den Artikeln 13 und 14 wie folgt:<\/strong><\/p>\n<p><em><strong>\u00a01) Zweck der Verarbeitung, f\u00fcr die die Daten bestimmt sind<\/strong><\/em><br \/>\nDie von Ihnen zur Verf\u00fcgung gestellten Daten werden zu Zwecken verwendet, die den vertraglichen Anforderungen und den sich daraus ergebenden Verpflichtungen entsprechen, sowie zur effektiven Verwaltung der Gesch\u00e4ftsbeziehungen, insbesondere f\u00fcr:<br \/>\na) rechtliche Verpflichtungen im Zusammenhang mit Zivil, Steuer- und Rechnungslegungsvorschriften<br \/>\nb) administrative Verwaltung des Berichts<br \/>\nc) Erf\u00fcllung vertraglicher Verpflichtungen<br \/>\nd) Kommerzielle Kommunikation und Verkaufsf\u00f6rderung, statistische Verarbeitung, Marktanalyse<\/p>\n<p><em><strong>\u00a02) Verarbeitungsweise<br \/>\n<\/strong><\/em>Die Verarbeitung der von Ihnen gelieferten Daten erfolgt mit Hilfe von computergest\u00fctzten Mitteln und \/ oder Papierunterlagen mit Methoden, die geeignet sind, die Integrit\u00e4t, Sicherheit und Vertraulichkeit gem\u00e4\u00df den Artikeln 31-36 des Gesetzesdekrets 196\/2003 in \u00dcbereinstimmung mit Artikel 11 desselben Kodex zu gew\u00e4hrleisten.<\/p>\n<p><em><strong>\u00a03) Bereitstellung von Daten<br \/>\n<\/strong><\/em>Die \u00dcbermittlung von Daten zu den in Punkt 1) genannten Zwecken ist fakultativ. Es steht dem Nutzer frei, die Zustimmung zur \u00dcbermittlung und\/oder Verarbeitung seiner personenbezogenen Daten ganz oder teilweise (falls erteilt) zu verweigern und gleichzeitig auf die M\u00f6glichkeit der Nutzung der Dienste der Website zu verzichten, f\u00fcr die die \u00dcbermittlung und die Zustimmung zur Verarbeitung seiner personenbezogenen Daten angefordert wird. Die Zustimmung ist daher f\u00fcr die angebotenen Dienste, f\u00fcr die sie angefordert wird, obligatorisch.<\/p>\n<p><em><strong>4) Kommunikation und Verbreitung<br \/>\n<\/strong><\/em>Unbeschadet der Kommunikation im Rahmen der Erf\u00fcllung gesetzlicher Verpflichtungen k\u00f6nnen die zur Verf\u00fcgung gestellten Daten an Dritte weitergegeben werden, die bestimmte Aufgaben im Auftrag des Unterzeichneten ausf\u00fchren.<\/p>\n<p><em><strong>5) Datenverantwortlicher<br \/>\n<\/strong><\/em>Der Datenverantwortliche ist die Firma Alba Elettronica S.r.l., mit derzeitigem Sitz in Mogliano Veneto (TV) Via L. Da Vinci Nr. 3, Umsatzsteuer- und Steuernummer 02155920263 Wirtschaftsregisternummer TV-191098.<br \/>\nDie Liste der gem\u00e4\u00df Art. 28 der Europ\u00e4ischen Verordnung 679\/2016 als \u201eDatenauftragsverarbeiter\u201c bezeichneten Personen ist am Sitz des f\u00fcr die Datenverarbeitung Verantwortlichen einsehbar.<\/p>\n<p><em><strong>6) Aufbewahrungszeit<br \/>\n<\/strong><\/em>Die von Ihnen zur Verf\u00fcgung gestellten Daten werden f\u00fcr die Dauer der eingegangenen Gesch\u00e4ftsbeziehungen und auch in der Folge zur Erf\u00fcllung gesetzlicher Verpflichtungen gespeichert und verarbeitet.<\/p>\n<p><em><strong>7) Rechte der betroffenen Partei<br \/>\n<\/strong><\/em>Die betroffene Partei kann sich jederzeit an den f\u00fcr den Datenauftragsverarbeitenden (Alba Elettronica S.r.l., der Unterzeichner) wenden, um ihre Rechte gem\u00e4\u00df der Europ\u00e4ischen Verordnung Nr. 679\/2016 wie unten beschrieben geltend zu machen:<br \/>\nArt. 13 Abs.<br \/>\n1). Die betroffene Partei hat das Recht, eine Best\u00e4tigung \u00fcber das Vorhandensein oder Nichtvorhandensein von personenbezogenen Daten, die sie betreffen, auch wenn sie noch nicht gespeichert sind, und deren Mitteilung in verst\u00e4ndlicher Form zu erhalten.<\/p>\n<p>2. Die betroffene Partei hat das Recht, folgende Angaben zu erhalten:<br \/>\na) die Herkunft der personenbezogenen Daten;<br \/>\nb) die Zwecke und Methoden der Verarbeitung;<br \/>\nc) die angewandte Logik bei der Verarbeitung mit Hilfe von elektronischen Ger\u00e4ten;<br \/>\nd) die Identifikationsdaten des f\u00fcr die Datenverarbeitung Verantwortlichen, der Datenverarbeiter und des gem\u00e4\u00df Artikel 5 Absatz 2 benannten Vertreters;<br \/>\ne) die Personen oder Kategorien von Personen, denen die personenbezogenen Daten mitgeteilt werden k\u00f6nnen oder die als bestellter Vertreter im Hoheitsgebiet des Staates, als Manager oder Beauftragte davon Kenntnis erlangen k\u00f6nnen.<\/p>\n<p>3. Die betroffene Partei hat das Recht Folgendes zu erhalten:<br \/>\na) die Aktualisierung, Berichtigung oder, falls gew\u00fcnscht, die Erg\u00e4nzung der Daten;<br \/>\nb) die L\u00f6schung, Umwandlung in anonyme Form oder Sperrung rechtswidrig verarbeiteter Daten, einschlie\u00dflich Daten, deren Aufbewahrung f\u00fcr die Zwecke, f\u00fcr die die Daten erhoben oder sp\u00e4ter verarbeitet wurden, unn\u00f6tig ist;<br \/>\nc) die Bescheinigung, dass die in den Buchstaben a) und b) genannten Vorg\u00e4nge auch hinsichtlich ihres Inhalts denjenigen zur Kenntnis gebracht wurden, denen die Daten mitgeteilt oder verbreitet wurden, au\u00dfer es erweist sich im Falle einer solchen Erf\u00fcllung als unm\u00f6glich oder beinhaltet einen offensichtlich unverh\u00e4ltnism\u00e4\u00dfigen Einsatz von Ressourcen in Bezug auf das Schutzrecht.<\/p>\n<p>4. Die betroffene Partei hat das Recht, ganz oder teilweise zu widersprechen:<br \/>\na) aus legitimen Gr\u00fcnden der Verarbeitung der sie betreffenden personenbezogenen Daten, auch wenn diese f\u00fcr den Zweck der Erhebung relevant sind;<br \/>\nb) der Verarbeitung der sie betreffenden personenbezogenen Daten zum Zwecke des Versands von Werbematerial oder des Direktverkaufs oder zur Durchf\u00fchrung von Markt- oder Meinungsumfragen.<\/p>\n<p>Gem\u00e4\u00df Artikel 13 Absatz 2 der EU-Verordnung 2016\/679 hat die betroffene Partei auch Anspruch auf:<\/p>\n<p>a) den Verantwortlichen um Zugang zu personenbezogenen Daten gem\u00e4\u00df Artikel 15 der EU-Verordnung 2016\/679 zu bitten.<br \/>\nb) Zur \u00dcbermittlung solcher Daten gem\u00e4\u00df Artikel 20 der EU-Verordnung Nr. 2016\/679. Die betroffene Partei hat daher das Recht, die \u00dcbermittlung der zur Verf\u00fcgung gestellten Daten an einen anderen Datenverantwortlichen (an einen anderen Dienstleister) ungehindert durch den derzeitigen Datenverantwortlichen (den Verfasser) zu verlangen.<br \/>\nc) Die Berichtigung desselben gem\u00e4\u00df Artikel 19 derselben EU-Verordnung unter Wahrung des Selbstbestimmungsrechts des Betroffenen.<br \/>\nd) Die L\u00f6schung von personenbezogenen Daten, die im Einklang mit den Bestimmungen \u00fcber das Recht auf Vergessenheit (Art. 17 EU-Verordnung 2016\/679) bereitgestellt werden.<br \/>\ne) Der Verarbeitung der ihn betreffenden Daten oder deren Verarbeitung (Art. 21 VO 2016\/679) aus legitimen Gr\u00fcnden oder vorbehaltlos zu widersprechen, wenn sie zum Zwecke des Versands von Werbematerial oder des Direktverkaufs oder zur Durchf\u00fchrung von Marktforschungen erfolgt.<br \/>\nf) eine Beschwerde bei einer Aufsichtsbeh\u00f6rde einzureichen.<\/p>\n<p><em><strong>8) Einwilligung zur Datenverarbeitung<br \/>\n<\/strong><\/em>Sie haben das Recht, zusammen mit dem folgenden Text, Ihre Einwilligung in die Verarbeitung Ihrer personenbezogenen Daten durch einen eingeschriebenen Brief mit R\u00fcckschein an die folgende Adresse: Via L. Da Vinci n. 3 Mogliano Veneto und\/oder an die E-Mail-Adresse privacy-alba@alba-pcb.com, zusammen mit einer Fotokopie Ihres Ausweises, zu widerrufen: \u201eWiderruf der Zustimmung zur Verarbeitung aller meiner personenbezogenen Daten\u201c. Am Ende dieses Vorgangs werden Ihre personenbezogenen Daten so schnell wie m\u00f6glich aus dem Archiv entfernt.<\/p>\n<p>Wenn Sie weitere Informationen \u00fcber die Verarbeitung der von Ihnen zur Verf\u00fcgung gestellten personenbezogenen Daten oder die Aus\u00fcbung Ihrer Rechte unter Punkt 7) w\u00fcnschen, k\u00f6nnen Sie einen eingeschriebenen Brief an die folgende Adresse senden: Via L. Da Vinci Nr. 3 Mogliano Veneto und\/oder an die E-Mail-Adresse privacy-alba@alba-pcb.com.<\/p>\n","protected":false},"excerpt":{"rendered":"<p>Informationen, die gem\u00e4\u00df Artikel 13 der Gesetzesverordnung Nr. 196 vom 30. Juni 2003 (Kodex zum Schutz personenbezogener Daten) und sp\u00e4teren \u00c4nderungen durch die Artikel 13-14 der Europ\u00e4ischen Verordnung 2016\/679 bereitgestellt werden. Alba Elettronica Srl, der Unterzeichnete, in seiner Eigenschaft als Datenverantwortlicher, informiert die interessierte Partei hiermit, dass die Gesetzesverordnung 196\/2003 (Kodex zum Schutz personenbezogener Daten) [&hellip;]<\/p>\n","protected":false},"author":1,"featured_media":0,"parent":0,"menu_order":93,"comment_status":"closed","ping_status":"closed","template":"","meta":{"_acf_changed":false,"footnotes":""},"class_list":["post-1411","page","type-page","status-publish","hentry"],"acf":[],"yoast_head":"<!-- This site is optimized with the Yoast SEO plugin v26.5 - https:\/\/yoast.com\/wordpress\/plugins\/seo\/ -->\n<title>Privacy policy - ALBA PCB Group<\/title>\n<meta name=\"description\" content=\"Informationen, die gem\u00e4\u00df Artikel 13 der Gesetzesverordnung Nr. 196 vom 30. Juni 2003 (Kodex zum Schutz personenbezogener Daten) und sp\u00e4teren \u00c4nderungen\" \/>\n<meta name=\"robots\" content=\"index, follow, max-snippet:-1, max-image-preview:large, max-video-preview:-1\" \/>\n<link rel=\"canonical\" href=\"https:\/\/albapcb.com\/de\/privacy-policy\/\" \/>\n<meta property=\"og:locale\" content=\"de_DE\" \/>\n<meta property=\"og:type\" content=\"article\" \/>\n<meta property=\"og:title\" content=\"Privacy policy - ALBA PCB Group\" \/>\n<meta property=\"og:description\" content=\"Informationen, die gem\u00e4\u00df Artikel 13 der Gesetzesverordnung Nr. 196 vom 30. Juni 2003 (Kodex zum Schutz personenbezogener Daten) und sp\u00e4teren \u00c4nderungen\" \/>\n<meta property=\"og:url\" content=\"https:\/\/albapcb.com\/de\/privacy-policy\/\" \/>\n<meta property=\"og:site_name\" content=\"ALBA PCB Group\" \/>\n<meta property=\"article:modified_time\" content=\"2019-10-04T10:31:49+00:00\" \/>\n<meta name=\"twitter:card\" content=\"summary_large_image\" \/>\n<meta name=\"twitter:label1\" content=\"Gesch\u00e4tzte Lesezeit\" \/>\n\t<meta name=\"twitter:data1\" content=\"6\u00a0Minuten\" \/>\n<script type=\"application\/ld+json\" class=\"yoast-schema-graph\">{\"@context\":\"https:\/\/schema.org\",\"@graph\":[{\"@type\":\"WebPage\",\"@id\":\"https:\/\/albapcb.com\/de\/privacy-policy\/\",\"url\":\"https:\/\/albapcb.com\/de\/privacy-policy\/\",\"name\":\"Privacy policy - ALBA PCB Group\",\"isPartOf\":{\"@id\":\"https:\/\/albapcb.com\/de\/#website\"},\"datePublished\":\"2019-08-27T07:48:56+00:00\",\"dateModified\":\"2019-10-04T10:31:49+00:00\",\"description\":\"Informationen, die gem\u00e4\u00df Artikel 13 der Gesetzesverordnung Nr. 196 vom 30. Juni 2003 (Kodex zum Schutz personenbezogener Daten) und sp\u00e4teren \u00c4nderungen\",\"breadcrumb\":{\"@id\":\"https:\/\/albapcb.com\/de\/privacy-policy\/#breadcrumb\"},\"inLanguage\":\"de\",\"potentialAction\":[{\"@type\":\"ReadAction\",\"target\":[\"https:\/\/albapcb.com\/de\/privacy-policy\/\"]}]},{\"@type\":\"BreadcrumbList\",\"@id\":\"https:\/\/albapcb.com\/de\/privacy-policy\/#breadcrumb\",\"itemListElement\":[{\"@type\":\"ListItem\",\"position\":1,\"name\":\"Home\",\"item\":\"https:\/\/albapcb.com\/de\/\"},{\"@type\":\"ListItem\",\"position\":2,\"name\":\"Privacy policy\"}]},{\"@type\":\"WebSite\",\"@id\":\"https:\/\/albapcb.com\/de\/#website\",\"url\":\"https:\/\/albapcb.com\/de\/\",\"name\":\"ALBA PCB Group\",\"description\":\"Produttori di circuiti stampati di qualit\u00e0\",\"publisher\":{\"@id\":\"https:\/\/albapcb.com\/de\/#organization\"},\"potentialAction\":[{\"@type\":\"SearchAction\",\"target\":{\"@type\":\"EntryPoint\",\"urlTemplate\":\"https:\/\/albapcb.com\/de\/?s={search_term_string}\"},\"query-input\":{\"@type\":\"PropertyValueSpecification\",\"valueRequired\":true,\"valueName\":\"search_term_string\"}}],\"inLanguage\":\"de\"},{\"@type\":\"Organization\",\"@id\":\"https:\/\/albapcb.com\/de\/#organization\",\"name\":\"ALBA PCB\",\"url\":\"https:\/\/albapcb.com\/de\/\",\"logo\":{\"@type\":\"ImageObject\",\"inLanguage\":\"de\",\"@id\":\"https:\/\/albapcb.com\/de\/#\/schema\/logo\/image\/\",\"url\":\"https:\/\/albapcb.com\/wp-content\/uploads\/2019\/10\/logo.png\",\"contentUrl\":\"https:\/\/albapcb.com\/wp-content\/uploads\/2019\/10\/logo.png\",\"width\":200,\"height\":229,\"caption\":\"ALBA PCB\"},\"image\":{\"@id\":\"https:\/\/albapcb.com\/de\/#\/schema\/logo\/image\/\"}}]}<\/script>\n<!-- \/ Yoast SEO plugin. -->","yoast_head_json":{"title":"Privacy policy - ALBA PCB Group","description":"Informationen, die gem\u00e4\u00df Artikel 13 der Gesetzesverordnung Nr. 196 vom 30. Juni 2003 (Kodex zum Schutz personenbezogener Daten) und sp\u00e4teren \u00c4nderungen","robots":{"index":"index","follow":"follow","max-snippet":"max-snippet:-1","max-image-preview":"max-image-preview:large","max-video-preview":"max-video-preview:-1"},"canonical":"https:\/\/albapcb.com\/de\/privacy-policy\/","og_locale":"de_DE","og_type":"article","og_title":"Privacy policy - ALBA PCB Group","og_description":"Informationen, die gem\u00e4\u00df Artikel 13 der Gesetzesverordnung Nr. 196 vom 30. Juni 2003 (Kodex zum Schutz personenbezogener Daten) und sp\u00e4teren \u00c4nderungen","og_url":"https:\/\/albapcb.com\/de\/privacy-policy\/","og_site_name":"ALBA PCB Group","article_modified_time":"2019-10-04T10:31:49+00:00","twitter_card":"summary_large_image","twitter_misc":{"Gesch\u00e4tzte Lesezeit":"6\u00a0Minuten"},"schema":{"@context":"https:\/\/schema.org","@graph":[{"@type":"WebPage","@id":"https:\/\/albapcb.com\/de\/privacy-policy\/","url":"https:\/\/albapcb.com\/de\/privacy-policy\/","name":"Privacy policy - ALBA PCB Group","isPartOf":{"@id":"https:\/\/albapcb.com\/de\/#website"},"datePublished":"2019-08-27T07:48:56+00:00","dateModified":"2019-10-04T10:31:49+00:00","description":"Informationen, die gem\u00e4\u00df Artikel 13 der Gesetzesverordnung Nr. 196 vom 30. Juni 2003 (Kodex zum Schutz personenbezogener Daten) und sp\u00e4teren \u00c4nderungen","breadcrumb":{"@id":"https:\/\/albapcb.com\/de\/privacy-policy\/#breadcrumb"},"inLanguage":"de","potentialAction":[{"@type":"ReadAction","target":["https:\/\/albapcb.com\/de\/privacy-policy\/"]}]},{"@type":"BreadcrumbList","@id":"https:\/\/albapcb.com\/de\/privacy-policy\/#breadcrumb","itemListElement":[{"@type":"ListItem","position":1,"name":"Home","item":"https:\/\/albapcb.com\/de\/"},{"@type":"ListItem","position":2,"name":"Privacy policy"}]},{"@type":"WebSite","@id":"https:\/\/albapcb.com\/de\/#website","url":"https:\/\/albapcb.com\/de\/","name":"ALBA PCB Group","description":"Produttori di circuiti stampati di qualit\u00e0","publisher":{"@id":"https:\/\/albapcb.com\/de\/#organization"},"potentialAction":[{"@type":"SearchAction","target":{"@type":"EntryPoint","urlTemplate":"https:\/\/albapcb.com\/de\/?s={search_term_string}"},"query-input":{"@type":"PropertyValueSpecification","valueRequired":true,"valueName":"search_term_string"}}],"inLanguage":"de"},{"@type":"Organization","@id":"https:\/\/albapcb.com\/de\/#organization","name":"ALBA PCB","url":"https:\/\/albapcb.com\/de\/","logo":{"@type":"ImageObject","inLanguage":"de","@id":"https:\/\/albapcb.com\/de\/#\/schema\/logo\/image\/","url":"https:\/\/albapcb.com\/wp-content\/uploads\/2019\/10\/logo.png","contentUrl":"https:\/\/albapcb.com\/wp-content\/uploads\/2019\/10\/logo.png","width":200,"height":229,"caption":"ALBA PCB"},"image":{"@id":"https:\/\/albapcb.com\/de\/#\/schema\/logo\/image\/"}}]}},"_links":{"self":[{"href":"https:\/\/albapcb.com\/de\/wp-json\/wp\/v2\/pages\/1411","targetHints":{"allow":["GET"]}}],"collection":[{"href":"https:\/\/albapcb.com\/de\/wp-json\/wp\/v2\/pages"}],"about":[{"href":"https:\/\/albapcb.com\/de\/wp-json\/wp\/v2\/types\/page"}],"author":[{"embeddable":true,"href":"https:\/\/albapcb.com\/de\/wp-json\/wp\/v2\/users\/1"}],"replies":[{"embeddable":true,"href":"https:\/\/albapcb.com\/de\/wp-json\/wp\/v2\/comments?post=1411"}],"version-history":[{"count":3,"href":"https:\/\/albapcb.com\/de\/wp-json\/wp\/v2\/pages\/1411\/revisions"}],"predecessor-version":[{"id":1581,"href":"https:\/\/albapcb.com\/de\/wp-json\/wp\/v2\/pages\/1411\/revisions\/1581"}],"wp:attachment":[{"href":"https:\/\/albapcb.com\/de\/wp-json\/wp\/v2\/media?parent=1411"}],"curies":[{"name":"wp","href":"https:\/\/api.w.org\/{rel}","templated":true}]}}