{"id":3547,"date":"2021-12-05T16:24:20","date_gmt":"2021-12-05T15:24:20","guid":{"rendered":"https:\/\/albapcb.com\/q-print\/"},"modified":"2026-02-04T16:40:19","modified_gmt":"2026-02-04T15:40:19","slug":"q-print","status":"publish","type":"page","link":"https:\/\/albapcb.com\/de\/q-print\/","title":{"rendered":"Q-print"},"content":{"rendered":"<h2>Wer ist Q-print<\/h2>\n<p>Q-print ist ein deutsches Unternehmen mit Sitz in Heddesheim, das 2018 der Alba PCB Gruppe beigetreten ist. Es ist seit \u00fcber zwanzig Jahren auf dem PCB-Markt mit einer erstklassigen kaufm\u00e4nnischen, Marketing- und technischen Struktur pr\u00e4sent, die in allen Sektoren erfolgreich t\u00e4tig ist.<br \/>\nQ-prints Know-How des deutschen Marktes in Kombination mit dem Innovationsgeist und der globalen Organisation der Alba-Gruppe, erm\u00f6glicht es, dem h\u00f6chsten Technologie- und Serviceniveau zu begegnen, welches der Markt erfordert.<\/p>\n","protected":false},"excerpt":{"rendered":"<p>Wer ist Q-print Q-print ist ein deutsches Unternehmen mit Sitz in Heddesheim, das 2018 der Alba PCB Gruppe beigetreten ist. Es ist seit \u00fcber zwanzig Jahren auf dem PCB-Markt mit einer erstklassigen kaufm\u00e4nnischen, Marketing- und technischen Struktur pr\u00e4sent, die in allen Sektoren erfolgreich t\u00e4tig ist. Q-prints Know-How des deutschen Marktes in Kombination mit dem Innovationsgeist [&hellip;]<\/p>\n","protected":false},"author":1,"featured_media":3531,"parent":0,"menu_order":2,"comment_status":"closed","ping_status":"closed","template":"","meta":{"_acf_changed":false,"footnotes":""},"class_list":["post-3547","page","type-page","status-publish","has-post-thumbnail","hentry"],"acf":[],"yoast_head":"<!-- This site is optimized with the Yoast SEO plugin v26.5 - https:\/\/yoast.com\/wordpress\/plugins\/seo\/ -->\n<title>Il gruppo - ALBA PCB Group produttori di circuiti stampati di qualit\u00e0<\/title>\n<meta name=\"description\" content=\"ALBA PCB Group \u00e8 un gruppo di aziende altamente specializzate, nate da Alba Elettronica, azienda madre e oggi quartier generale del gruppo...\" \/>\n<meta name=\"robots\" content=\"index, follow, max-snippet:-1, max-image-preview:large, max-video-preview:-1\" \/>\n<link rel=\"canonical\" href=\"https:\/\/albapcb.com\/de\/q-print\/\" \/>\n<meta property=\"og:locale\" content=\"de_DE\" \/>\n<meta property=\"og:type\" content=\"article\" \/>\n<meta property=\"og:title\" content=\"Il gruppo - ALBA PCB Group produttori di circuiti stampati di qualit\u00e0\" \/>\n<meta property=\"og:description\" content=\"ALBA PCB Group \u00e8 un gruppo di aziende altamente specializzate, nate da Alba Elettronica, azienda madre e oggi quartier generale del gruppo...\" \/>\n<meta property=\"og:url\" content=\"https:\/\/albapcb.com\/de\/q-print\/\" \/>\n<meta property=\"og:site_name\" content=\"ALBA PCB Group\" \/>\n<meta property=\"article:modified_time\" content=\"2026-02-04T15:40:19+00:00\" \/>\n<meta property=\"og:image\" content=\"https:\/\/albapcb.com\/wp-content\/uploads\/2021\/12\/Qprint.png\" \/>\n\t<meta property=\"og:image:width\" content=\"1800\" \/>\n\t<meta property=\"og:image:height\" content=\"887\" \/>\n\t<meta property=\"og:image:type\" content=\"image\/png\" \/>\n<meta name=\"twitter:card\" content=\"summary_large_image\" \/>\n<meta name=\"twitter:label1\" content=\"Gesch\u00e4tzte Lesezeit\" \/>\n\t<meta name=\"twitter:data1\" content=\"2\u00a0Minuten\" \/>\n<script type=\"application\/ld+json\" class=\"yoast-schema-graph\">{\"@context\":\"https:\/\/schema.org\",\"@graph\":[{\"@type\":\"WebPage\",\"@id\":\"https:\/\/albapcb.com\/de\/q-print\/\",\"url\":\"https:\/\/albapcb.com\/de\/q-print\/\",\"name\":\"Il gruppo - ALBA PCB Group produttori di circuiti stampati di qualit\u00e0\",\"isPartOf\":{\"@id\":\"https:\/\/albapcb.com\/de\/#website\"},\"primaryImageOfPage\":{\"@id\":\"https:\/\/albapcb.com\/de\/q-print\/#primaryimage\"},\"image\":{\"@id\":\"https:\/\/albapcb.com\/de\/q-print\/#primaryimage\"},\"thumbnailUrl\":\"https:\/\/albapcb.com\/wp-content\/uploads\/2021\/12\/Qprint.png\",\"datePublished\":\"2021-12-05T15:24:20+00:00\",\"dateModified\":\"2026-02-04T15:40:19+00:00\",\"description\":\"ALBA PCB Group \u00e8 un gruppo di aziende altamente specializzate, nate da Alba Elettronica, azienda madre e oggi quartier generale del gruppo...\",\"breadcrumb\":{\"@id\":\"https:\/\/albapcb.com\/de\/q-print\/#breadcrumb\"},\"inLanguage\":\"de\",\"potentialAction\":[{\"@type\":\"ReadAction\",\"target\":[\"https:\/\/albapcb.com\/de\/q-print\/\"]}]},{\"@type\":\"ImageObject\",\"inLanguage\":\"de\",\"@id\":\"https:\/\/albapcb.com\/de\/q-print\/#primaryimage\",\"url\":\"https:\/\/albapcb.com\/wp-content\/uploads\/2021\/12\/Qprint.png\",\"contentUrl\":\"https:\/\/albapcb.com\/wp-content\/uploads\/2021\/12\/Qprint.png\",\"width\":1800,\"height\":887},{\"@type\":\"BreadcrumbList\",\"@id\":\"https:\/\/albapcb.com\/de\/q-print\/#breadcrumb\",\"itemListElement\":[{\"@type\":\"ListItem\",\"position\":1,\"name\":\"Home\",\"item\":\"https:\/\/albapcb.com\/de\/\"},{\"@type\":\"ListItem\",\"position\":2,\"name\":\"Q-print\"}]},{\"@type\":\"WebSite\",\"@id\":\"https:\/\/albapcb.com\/de\/#website\",\"url\":\"https:\/\/albapcb.com\/de\/\",\"name\":\"ALBA PCB Group\",\"description\":\"Produttori di circuiti stampati di qualit\u00e0\",\"publisher\":{\"@id\":\"https:\/\/albapcb.com\/de\/#organization\"},\"potentialAction\":[{\"@type\":\"SearchAction\",\"target\":{\"@type\":\"EntryPoint\",\"urlTemplate\":\"https:\/\/albapcb.com\/de\/?s={search_term_string}\"},\"query-input\":{\"@type\":\"PropertyValueSpecification\",\"valueRequired\":true,\"valueName\":\"search_term_string\"}}],\"inLanguage\":\"de\"},{\"@type\":\"Organization\",\"@id\":\"https:\/\/albapcb.com\/de\/#organization\",\"name\":\"ALBA PCB\",\"url\":\"https:\/\/albapcb.com\/de\/\",\"logo\":{\"@type\":\"ImageObject\",\"inLanguage\":\"de\",\"@id\":\"https:\/\/albapcb.com\/de\/#\/schema\/logo\/image\/\",\"url\":\"https:\/\/albapcb.com\/wp-content\/uploads\/2019\/10\/logo.png\",\"contentUrl\":\"https:\/\/albapcb.com\/wp-content\/uploads\/2019\/10\/logo.png\",\"width\":200,\"height\":229,\"caption\":\"ALBA PCB\"},\"image\":{\"@id\":\"https:\/\/albapcb.com\/de\/#\/schema\/logo\/image\/\"}}]}<\/script>\n<!-- \/ Yoast SEO plugin. -->","yoast_head_json":{"title":"Il gruppo - ALBA PCB Group produttori di circuiti stampati di qualit\u00e0","description":"ALBA PCB Group \u00e8 un gruppo di aziende altamente specializzate, nate da Alba Elettronica, azienda madre e oggi quartier generale del gruppo...","robots":{"index":"index","follow":"follow","max-snippet":"max-snippet:-1","max-image-preview":"max-image-preview:large","max-video-preview":"max-video-preview:-1"},"canonical":"https:\/\/albapcb.com\/de\/q-print\/","og_locale":"de_DE","og_type":"article","og_title":"Il gruppo - ALBA PCB Group produttori di circuiti stampati di qualit\u00e0","og_description":"ALBA PCB Group \u00e8 un gruppo di aziende altamente specializzate, nate da Alba Elettronica, azienda madre e oggi quartier generale del gruppo...","og_url":"https:\/\/albapcb.com\/de\/q-print\/","og_site_name":"ALBA PCB Group","article_modified_time":"2026-02-04T15:40:19+00:00","og_image":[{"width":1800,"height":887,"url":"https:\/\/albapcb.com\/wp-content\/uploads\/2021\/12\/Qprint.png","type":"image\/png"}],"twitter_card":"summary_large_image","twitter_misc":{"Gesch\u00e4tzte Lesezeit":"2\u00a0Minuten"},"schema":{"@context":"https:\/\/schema.org","@graph":[{"@type":"WebPage","@id":"https:\/\/albapcb.com\/de\/q-print\/","url":"https:\/\/albapcb.com\/de\/q-print\/","name":"Il gruppo - ALBA PCB Group produttori di circuiti stampati di qualit\u00e0","isPartOf":{"@id":"https:\/\/albapcb.com\/de\/#website"},"primaryImageOfPage":{"@id":"https:\/\/albapcb.com\/de\/q-print\/#primaryimage"},"image":{"@id":"https:\/\/albapcb.com\/de\/q-print\/#primaryimage"},"thumbnailUrl":"https:\/\/albapcb.com\/wp-content\/uploads\/2021\/12\/Qprint.png","datePublished":"2021-12-05T15:24:20+00:00","dateModified":"2026-02-04T15:40:19+00:00","description":"ALBA PCB Group \u00e8 un gruppo di aziende altamente specializzate, nate da Alba Elettronica, azienda madre e oggi quartier generale del gruppo...","breadcrumb":{"@id":"https:\/\/albapcb.com\/de\/q-print\/#breadcrumb"},"inLanguage":"de","potentialAction":[{"@type":"ReadAction","target":["https:\/\/albapcb.com\/de\/q-print\/"]}]},{"@type":"ImageObject","inLanguage":"de","@id":"https:\/\/albapcb.com\/de\/q-print\/#primaryimage","url":"https:\/\/albapcb.com\/wp-content\/uploads\/2021\/12\/Qprint.png","contentUrl":"https:\/\/albapcb.com\/wp-content\/uploads\/2021\/12\/Qprint.png","width":1800,"height":887},{"@type":"BreadcrumbList","@id":"https:\/\/albapcb.com\/de\/q-print\/#breadcrumb","itemListElement":[{"@type":"ListItem","position":1,"name":"Home","item":"https:\/\/albapcb.com\/de\/"},{"@type":"ListItem","position":2,"name":"Q-print"}]},{"@type":"WebSite","@id":"https:\/\/albapcb.com\/de\/#website","url":"https:\/\/albapcb.com\/de\/","name":"ALBA PCB Group","description":"Produttori di circuiti stampati di qualit\u00e0","publisher":{"@id":"https:\/\/albapcb.com\/de\/#organization"},"potentialAction":[{"@type":"SearchAction","target":{"@type":"EntryPoint","urlTemplate":"https:\/\/albapcb.com\/de\/?s={search_term_string}"},"query-input":{"@type":"PropertyValueSpecification","valueRequired":true,"valueName":"search_term_string"}}],"inLanguage":"de"},{"@type":"Organization","@id":"https:\/\/albapcb.com\/de\/#organization","name":"ALBA PCB","url":"https:\/\/albapcb.com\/de\/","logo":{"@type":"ImageObject","inLanguage":"de","@id":"https:\/\/albapcb.com\/de\/#\/schema\/logo\/image\/","url":"https:\/\/albapcb.com\/wp-content\/uploads\/2019\/10\/logo.png","contentUrl":"https:\/\/albapcb.com\/wp-content\/uploads\/2019\/10\/logo.png","width":200,"height":229,"caption":"ALBA PCB"},"image":{"@id":"https:\/\/albapcb.com\/de\/#\/schema\/logo\/image\/"}}]}},"_links":{"self":[{"href":"https:\/\/albapcb.com\/de\/wp-json\/wp\/v2\/pages\/3547","targetHints":{"allow":["GET"]}}],"collection":[{"href":"https:\/\/albapcb.com\/de\/wp-json\/wp\/v2\/pages"}],"about":[{"href":"https:\/\/albapcb.com\/de\/wp-json\/wp\/v2\/types\/page"}],"author":[{"embeddable":true,"href":"https:\/\/albapcb.com\/de\/wp-json\/wp\/v2\/users\/1"}],"replies":[{"embeddable":true,"href":"https:\/\/albapcb.com\/de\/wp-json\/wp\/v2\/comments?post=3547"}],"version-history":[{"count":3,"href":"https:\/\/albapcb.com\/de\/wp-json\/wp\/v2\/pages\/3547\/revisions"}],"predecessor-version":[{"id":12119,"href":"https:\/\/albapcb.com\/de\/wp-json\/wp\/v2\/pages\/3547\/revisions\/12119"}],"wp:featuredmedia":[{"embeddable":true,"href":"https:\/\/albapcb.com\/de\/wp-json\/wp\/v2\/media\/3531"}],"wp:attachment":[{"href":"https:\/\/albapcb.com\/de\/wp-json\/wp\/v2\/media?parent=3547"}],"curies":[{"name":"wp","href":"https:\/\/api.w.org\/{rel}","templated":true}]}}