{"id":4221,"date":"2019-04-26T12:39:35","date_gmt":"2019-04-26T10:39:35","guid":{"rendered":"https:\/\/albapcb.com\/el-grupo\/history\/"},"modified":"2024-07-23T18:49:01","modified_gmt":"2024-07-23T16:49:01","slug":"la-historia","status":"publish","type":"page","link":"https:\/\/albapcb.com\/es\/el-grupo\/la-historia\/","title":{"rendered":"La historia"},"content":{"rendered":"<p>Desde 1989 hemos creado nuestra propia historia en un mercado en constante cambio. La idea que nos gu\u00eda es la de la innovaci\u00f3n total: en cuanto a servicio para satisfacer y comprender las nuevas necesidades de los clientes, en cuanto a producci\u00f3n para responder al r\u00e1pido aumento de la complejidad de los circuitos impresos y en cuanto a organizaci\u00f3n para combinar la optimizaci\u00f3n con la rapidez y la flexibilidad.<\/p>\n<p>Es la filosof\u00eda con la que hemos ganado cuotas de mercado incluso en los a\u00f1os en que todos corr\u00edan a las f\u00e1bricas orientales, cuando abrimos una nueva planta de producci\u00f3n en Italia, cerca de Venecia, y duplicamos el n\u00famero de trabajadores.<\/p>\n<h5>Nuestra historia tiene hoy m\u00e1s de 30 a\u00f1os,<br \/>\ny queremos que siga creciendo.<\/h5>\n<h3 style=\"text-align: left;\">2024.<\/h3>\n<p>\u2022 Nueva l\u00ednea autom\u00e1tica de eliminaci\u00f3n de esta\u00f1o de IS para una eliminaci\u00f3n perfecta del esta\u00f1o tras el grabado.<br \/>\n\u2022 Instalaci\u00f3n de una nueva l\u00ednea para la eliminaci\u00f3n de pel\u00edcula seca.<br \/>\n\u2022 Se adquiere WM Eltar, fabricante polaco de circuitos impresos presente en el mercado desde 1981.<\/p>\n<h3 style=\"text-align: left;\">2023.<\/h3>\n<p>\u2022 Instalaci\u00f3n de un sistema fotovoltaico en el tejado de nuestra planta de producci\u00f3n de Mogliano Veneto: 250 kW de potencia para una producci\u00f3n estimada de 320.000 kWh de energ\u00eda limpia al a\u00f1o.<br \/>\n\u2022 Adquisici\u00f3n de una nueva estaci\u00f3n de pruebas ATG-A9, una m\u00e1quina de pruebas el\u00e9ctricas con sondas m\u00f3viles de alta velocidad.<br \/>\n\u2022 Instalaci\u00f3n de una nueva microperforadora EVO2s de alta velocidad de Pluritec, con carga y descarga autom\u00e1ticas.<br \/>\n\u2022 Instalaci\u00f3n de la nueva l\u00ednea de oxidaci\u00f3n de cobre de Ocleppo para favorecer la perfecta adhesi\u00f3n de las capas intermedias de PCB multicapa.<\/p>\n<h3 style=\"text-align: left;\">2020.<\/h3>\n<p>\u2022 Instalaci\u00f3n de un Robot 4.0 para la carga\/descarga autom\u00e1tica de paneles de PCB para la impresora de inyecci\u00f3n de tinta Sprint 120 de Orbotech.<br \/>\n\u2022 Adquisici\u00f3n de un nuevo microscopio digital VHX-7000 de Keyence para la visualizaci\u00f3n y medici\u00f3n de secciones metalogr\u00e1ficas y para la comprobaci\u00f3n de placas de circuito impreso, en 2D y 3D, con una capacidad de aumento de hasta 2000X.<\/p>\n<h3 style=\"text-align: left;\">2019.<\/h3>\n<p>\u2022 Adquisici\u00f3n de una nueva l\u00ednea de pulverizaci\u00f3n autom\u00e1tica de \u00faltima generaci\u00f3n para el departamento de impresi\u00f3n de resistencias de soldadura.<br \/>\n\u2022 Instalaci\u00f3n de una nueva l\u00ednea horizontal \u00abShadow\u00bb de Occleppo para la metalizaci\u00f3n de agujeros.<\/p>\n<h3 style=\"text-align: left;\">2018.<\/h3>\n<p>Se adquiere la participaci\u00f3n mayoritaria de la empresa alemana Q-print, presente en el mercado de las PCB desde hace m\u00e1s de veinte a\u00f1os con una estructura comercial, de marketing y t\u00e9cnica de primer orden.<\/p>\n<h3 style=\"text-align: left;\">2016.<\/h3>\n<p>\u2022 Adquisici\u00f3n de dos m\u00f3dulos Multistation Evo 2 de Pluritech con carga y descarga autom\u00e1tica, m\u00e1quinas de perforaci\u00f3n de alta velocidad y precisi\u00f3n.<br \/>\n\u2022 Adquisici\u00f3n de una m\u00e1quina para medir la contaminaci\u00f3n i\u00f3nica.<br \/>\n\u2022 Adquisici\u00f3n de la l\u00ednea ISS para el Mec etch, tratamiento de micrograbado para la preparaci\u00f3n del cobre antes del dry film y la laminaci\u00f3n Solder Resist.<br \/>\n\u2022 Adquisici\u00f3n de cargador y descargador con desviador por robot Pola &amp; Massa.<br \/>\n\u2022 Adquisici\u00f3n de una m\u00e1quina de serigraf\u00eda ATMA para imprimir la oclusi\u00f3n de agujeros por el Solder o pastas aislantes o conductoras.<br \/>\n\u2022 Adquisici\u00f3n de un filtro prensa para la planta de purificaci\u00f3n Della Toffola.<\/p>\n<h3 style=\"text-align: left;\">2015.<\/h3>\n<p>\u2022 Inicio del uso del software InSight de Frontline (empresa Orbotech) para el an\u00e1lisis de los archivos Gerber, con el fin de clasificar los trabajos de los clientes.<br \/>\n\u2022 Ampliaci\u00f3n del Departamento de Pruebas El\u00e9ctricas con la adquisici\u00f3n de un nuevo sistema de pruebas Flying Probe Atg A5 8 cabezas con carga y descarga autom\u00e1tica.<br \/>\n\u2022 Adquisici\u00f3n de una Lavadora de Circuitos para la limpieza de los circuitos dorados para asegurar la contaminaci\u00f3n i\u00f3nica.<br \/>\n\u2022 Implementaci\u00f3n de un sistema centralizado de refrigeraci\u00f3n de las m\u00e1quinas de perforaci\u00f3n y fresado.<\/p>\n<h3 style=\"text-align: left;\">2014.<\/h3>\n<p>\u2022 Ampliaci\u00f3n del departamento de fotograf\u00eda con la construcci\u00f3n de una sala blanca de clase 10.000 para albergar el Nuvogo 800 Direct Imaging System de Orbotech. El sistema utiliza la nueva tecnolog\u00eda l\u00e1ser MultiWave.<br \/>\n\u2022 Adquisici\u00f3n de la m\u00e1quina Teknek para la limpieza de los cuadrados laminados con dry film para la limpieza del cuadrado antes de la fotoexposici\u00f3n.<\/p>\n<h3 style=\"text-align: left;\">2013.<\/h3>\n<p>Adquisici\u00f3n de una m\u00e1quina de serigraf\u00eda &#8211; Inkjet Sprint 120 Orbotech &#8211; con centrado \u00f3ptico de inyecci\u00f3n de tinta para la impresi\u00f3n de simbolog\u00eda blanca de los componentes con l\u00e1mparas UV de tecnolog\u00eda LED de bajo consumo.<\/p>\n<h3 style=\"text-align: left;\">2012.<\/h3>\n<p>\u2022 Ampliaci\u00f3n del Departamento de Pruebas El\u00e9ctricas con la incorporaci\u00f3n de un nuevo sistema de pruebas Flying Probe Atg A6 16 cabezales con carga y descarga autom\u00e1tica.<br \/>\n\u2022 Ampliaci\u00f3n del Departamento de Fotograf\u00eda con la adquisici\u00f3n de AFOSA con centrado autom\u00e1tico con 4 c\u00e1maras CCD y luz colimada.<br \/>\n<span style=\"color: #254e96;\"><strong>SE CREA MYPCBSHOP.COM<\/strong><\/span><\/p>\n<h3 style=\"text-align: left;\">2011.<\/h3>\n<p>Ampliaci\u00f3n del departamento de Solder Resist con la compra de una l\u00ednea de aplicaci\u00f3n de pulverizador multicolor.<br \/>\n<strong><span style=\"color: #254e96;\">SE FUNDA AB TECHNOLOGIES.<\/span><\/strong><\/p>\n<h3 style=\"text-align: left;\">2010.<\/h3>\n<p lang=\"zxx\"><span style=\"color: #000000;\"><span style=\"font-size: medium;\">Adquisici\u00f3n de una m\u00e1quina de serigraf\u00eda &#8211; Impresora NewPrint Legend G45L NEW SYSTEM &#8211; impresora de inyecci\u00f3n de tinta para la simbolog\u00eda blanca de los componentes.<\/span><\/span><\/p>\n<h3 style=\"text-align: left;\">2009.<\/h3>\n<p><span style=\"color: #000000;\">\u2022 <span style=\"font-size: medium;\"><span lang=\"zxx\">Ampliaci\u00f3n del departamento de Perforaci\u00f3n y Fresado con la incorporaci\u00f3n de una nueva m\u00e1quina de perforaci\u00f3n con motores lineales, una m\u00e1quina de perforaci\u00f3n Inspecta y fresadoras MEGA de 3 y 5 cabezales.<br \/>\n\u2022 Consecuci\u00f3n de la CERTIFICACI\u00d3N UNI EN ISO 9001:2008 y obtenci\u00f3n de CERTIFICACIONES para el mercado FERROVIARIO &#8211; UNI CEI 11170-3.<\/span><\/span><\/span><\/p>\n<h3 style=\"text-align: left;\">2008.<\/h3>\n<p><span style=\"color: #254e96;\"><strong>SE FUNDA ENVENTIVE<\/strong><\/span>.<\/p>\n<h3 style=\"text-align: left;\">2007.<\/h3>\n<p lang=\"zxx\"><span style=\"color: #000000;\"><span style=\"font-size: medium;\">Ampliaci\u00f3n del Departamento de Fotograf\u00eda con la adquisici\u00f3n de un nuevo expositor CBT con centrado autom\u00e1tico con 4 c\u00e1maras CCD y luz colimada.<\/span><\/span><\/p>\n<h3 style=\"text-align: left;\">2006.<\/h3>\n<p lang=\"zxx\"><span style=\"color: #000000;\"><span style=\"font-size: medium;\">Ampliaci\u00f3n del departamento de Pruebas El\u00e9ctricas con la adquisici\u00f3n de nuevos sistemas de prueba de Flying Probe SeikaS22 Vertical y S24 Horizontal con 4 cabezales con carga y descarga.<\/span><\/span><\/p>\n<h3 style=\"text-align: left;\">2005.<\/h3>\n<p><span style=\"color: #000000;\"><span style=\"font-size: medium;\"><span lang=\"zxx\">LEAD FREE TECHNOLOGY y NUEVAS HOMOLOGACIONES UL.<br \/>\nOxford CMI900.<br \/>\nOxford CMI700.<\/span><\/span><\/span><\/p>\n<h3 style=\"text-align: left;\">2004.<\/h3>\n<p lang=\"zxx\"><span style=\"color: #000000;\"><span style=\"font-size: medium;\">Nueva planta de producci\u00f3n de 4.000 m2.<\/span><\/span><\/p>\n<h3 style=\"text-align: left;\">2003.<\/h3>\n<p lang=\"zxx\"><span style=\"color: #000000;\"><span style=\"font-size: medium;\">Se inaugura la divisi\u00f3n interna de Incoming y Comprobaciones con la adquisici\u00f3n de una m\u00e1quina \u00f3ptica de precisi\u00f3n OGP semiautom\u00e1tica para comprobaciones dimensionales.<\/span><\/span><\/p>\n<h3 style=\"text-align: left;\">2002.<\/h3>\n<p lang=\"zxx\"><span style=\"color: #000000;\"><span style=\"font-size: medium;\">Obtenci\u00f3n de la CERTIFICACI\u00d3N VISION 2000.<\/span><\/span><\/p>\n<h3 style=\"text-align: left;\">2001.<\/h3>\n<p lang=\"zxx\"><span style=\"color: #000000;\"><span style=\"font-size: medium;\">Implementaci\u00f3n de comprobaciones XRAY para la verificaci\u00f3n de las capas internas.<\/span><\/span><\/p>\n<h3 style=\"text-align: left;\">2000.<\/h3>\n<p lang=\"zxx\"><span style=\"color: #000000;\"><span style=\"font-size: medium;\">Obtenci\u00f3n de la CERTIFICACI\u00d3N ISO9002 y de la HOMOLOGACI\u00d3N UL (ARCHIVO E203656).<\/span><\/span><\/p>\n<h3 style=\"text-align: left;\">1999.<\/h3>\n<p><span style=\"color: #000000;\"><span style=\"font-size: medium;\"><span lang=\"zxx\">Inicio de la cooperaci\u00f3n con las plantas de producci\u00f3n asi\u00e1ticas.<br \/>\n<\/span><\/span><\/span><span style=\"color: #254e96;\"><strong>SE FUNDA AAB TECH.<\/strong><\/span><\/p>\n<h3 style=\"text-align: left;\">1989.<\/h3>\n<p><strong><span style=\"color: #254e96;\">SE FUNDA ALBA ELETTRONICA.<\/span><\/strong><\/p>\n","protected":false},"excerpt":{"rendered":"<p>Desde 1989 hemos creado nuestra propia historia en un mercado en constante cambio. La idea que nos gu\u00eda es la de la innovaci\u00f3n total: en cuanto a servicio para satisfacer y comprender las nuevas necesidades de los clientes, en cuanto a producci\u00f3n para responder al r\u00e1pido aumento de la complejidad de los circuitos impresos y [&hellip;]<\/p>\n","protected":false},"author":1,"featured_media":3792,"parent":4218,"menu_order":1,"comment_status":"closed","ping_status":"closed","template":"","meta":{"_acf_changed":false,"footnotes":""},"class_list":["post-4221","page","type-page","status-publish","has-post-thumbnail","hentry"],"acf":[],"yoast_head":"<!-- This site is optimized with the Yoast SEO plugin v26.5 - https:\/\/yoast.com\/wordpress\/plugins\/seo\/ -->\n<title>La Storia - ALBA PCB Group produttori di circuiti stampati di qualit\u00e0<\/title>\n<meta name=\"description\" content=\"La Storia di ALBA PCB Group nasce nel 1989 con Alba Elettronica, l\u2019idea che ci guida \u00e9 quella dell\u2019innovazione totale: sul piano del servizio...\" \/>\n<meta name=\"robots\" content=\"index, follow, max-snippet:-1, max-image-preview:large, max-video-preview:-1\" \/>\n<link rel=\"canonical\" href=\"https:\/\/albapcb.com\/es\/el-grupo\/la-historia\/\" \/>\n<meta property=\"og:locale\" content=\"es_ES\" \/>\n<meta property=\"og:type\" content=\"article\" \/>\n<meta property=\"og:title\" content=\"La Storia - ALBA PCB Group produttori di circuiti stampati di qualit\u00e0\" \/>\n<meta property=\"og:description\" content=\"La Storia di ALBA PCB Group nasce nel 1989 con Alba Elettronica, l\u2019idea che ci guida \u00e9 quella dell\u2019innovazione totale: sul piano del servizio...\" \/>\n<meta property=\"og:url\" content=\"https:\/\/albapcb.com\/es\/el-grupo\/la-historia\/\" \/>\n<meta property=\"og:site_name\" content=\"ALBA PCB Group\" \/>\n<meta property=\"article:modified_time\" content=\"2024-07-23T16:49:01+00:00\" \/>\n<meta property=\"og:image\" content=\"https:\/\/albapcb.com\/wp-content\/uploads\/2019\/06\/La-storia.jpg\" \/>\n\t<meta property=\"og:image:width\" content=\"1800\" \/>\n\t<meta property=\"og:image:height\" content=\"886\" \/>\n\t<meta property=\"og:image:type\" content=\"image\/jpeg\" \/>\n<meta name=\"twitter:card\" content=\"summary_large_image\" \/>\n<meta name=\"twitter:label1\" content=\"Tiempo de lectura\" \/>\n\t<meta name=\"twitter:data1\" content=\"5 minutos\" \/>\n<script type=\"application\/ld+json\" class=\"yoast-schema-graph\">{\"@context\":\"https:\/\/schema.org\",\"@graph\":[{\"@type\":\"WebPage\",\"@id\":\"https:\/\/albapcb.com\/es\/el-grupo\/la-historia\/\",\"url\":\"https:\/\/albapcb.com\/es\/el-grupo\/la-historia\/\",\"name\":\"La Storia - ALBA PCB Group produttori di circuiti stampati di qualit\u00e0\",\"isPartOf\":{\"@id\":\"https:\/\/albapcb.com\/es\/#website\"},\"primaryImageOfPage\":{\"@id\":\"https:\/\/albapcb.com\/es\/el-grupo\/la-historia\/#primaryimage\"},\"image\":{\"@id\":\"https:\/\/albapcb.com\/es\/el-grupo\/la-historia\/#primaryimage\"},\"thumbnailUrl\":\"https:\/\/albapcb.com\/wp-content\/uploads\/2019\/06\/La-storia.jpg\",\"datePublished\":\"2019-04-26T10:39:35+00:00\",\"dateModified\":\"2024-07-23T16:49:01+00:00\",\"description\":\"La Storia di ALBA PCB Group nasce nel 1989 con Alba Elettronica, l\u2019idea che ci guida \u00e9 quella dell\u2019innovazione totale: sul piano del servizio...\",\"breadcrumb\":{\"@id\":\"https:\/\/albapcb.com\/es\/el-grupo\/la-historia\/#breadcrumb\"},\"inLanguage\":\"es\",\"potentialAction\":[{\"@type\":\"ReadAction\",\"target\":[\"https:\/\/albapcb.com\/es\/el-grupo\/la-historia\/\"]}]},{\"@type\":\"ImageObject\",\"inLanguage\":\"es\",\"@id\":\"https:\/\/albapcb.com\/es\/el-grupo\/la-historia\/#primaryimage\",\"url\":\"https:\/\/albapcb.com\/wp-content\/uploads\/2019\/06\/La-storia.jpg\",\"contentUrl\":\"https:\/\/albapcb.com\/wp-content\/uploads\/2019\/06\/La-storia.jpg\",\"width\":1800,\"height\":886},{\"@type\":\"BreadcrumbList\",\"@id\":\"https:\/\/albapcb.com\/es\/el-grupo\/la-historia\/#breadcrumb\",\"itemListElement\":[{\"@type\":\"ListItem\",\"position\":1,\"name\":\"Home\",\"item\":\"https:\/\/albapcb.com\/es\/\"},{\"@type\":\"ListItem\",\"position\":2,\"name\":\"El grupo\",\"item\":\"https:\/\/albapcb.com\/es\/el-grupo\/\"},{\"@type\":\"ListItem\",\"position\":3,\"name\":\"La historia\"}]},{\"@type\":\"WebSite\",\"@id\":\"https:\/\/albapcb.com\/es\/#website\",\"url\":\"https:\/\/albapcb.com\/es\/\",\"name\":\"ALBA PCB Group\",\"description\":\"Produttori di circuiti stampati di qualit\u00e0\",\"publisher\":{\"@id\":\"https:\/\/albapcb.com\/es\/#organization\"},\"potentialAction\":[{\"@type\":\"SearchAction\",\"target\":{\"@type\":\"EntryPoint\",\"urlTemplate\":\"https:\/\/albapcb.com\/es\/?s={search_term_string}\"},\"query-input\":{\"@type\":\"PropertyValueSpecification\",\"valueRequired\":true,\"valueName\":\"search_term_string\"}}],\"inLanguage\":\"es\"},{\"@type\":\"Organization\",\"@id\":\"https:\/\/albapcb.com\/es\/#organization\",\"name\":\"ALBA PCB\",\"url\":\"https:\/\/albapcb.com\/es\/\",\"logo\":{\"@type\":\"ImageObject\",\"inLanguage\":\"es\",\"@id\":\"https:\/\/albapcb.com\/es\/#\/schema\/logo\/image\/\",\"url\":\"https:\/\/albapcb.com\/wp-content\/uploads\/2019\/10\/logo.png\",\"contentUrl\":\"https:\/\/albapcb.com\/wp-content\/uploads\/2019\/10\/logo.png\",\"width\":200,\"height\":229,\"caption\":\"ALBA PCB\"},\"image\":{\"@id\":\"https:\/\/albapcb.com\/es\/#\/schema\/logo\/image\/\"}}]}<\/script>\n<!-- \/ Yoast SEO plugin. -->","yoast_head_json":{"title":"La Storia - ALBA PCB Group produttori di circuiti stampati di qualit\u00e0","description":"La Storia di ALBA PCB Group nasce nel 1989 con Alba Elettronica, l\u2019idea che ci guida \u00e9 quella dell\u2019innovazione totale: sul piano del servizio...","robots":{"index":"index","follow":"follow","max-snippet":"max-snippet:-1","max-image-preview":"max-image-preview:large","max-video-preview":"max-video-preview:-1"},"canonical":"https:\/\/albapcb.com\/es\/el-grupo\/la-historia\/","og_locale":"es_ES","og_type":"article","og_title":"La Storia - ALBA PCB Group produttori di circuiti stampati di qualit\u00e0","og_description":"La Storia di ALBA PCB Group nasce nel 1989 con Alba Elettronica, l\u2019idea che ci guida \u00e9 quella dell\u2019innovazione totale: sul piano del servizio...","og_url":"https:\/\/albapcb.com\/es\/el-grupo\/la-historia\/","og_site_name":"ALBA PCB Group","article_modified_time":"2024-07-23T16:49:01+00:00","og_image":[{"width":1800,"height":886,"url":"https:\/\/albapcb.com\/wp-content\/uploads\/2019\/06\/La-storia.jpg","type":"image\/jpeg"}],"twitter_card":"summary_large_image","twitter_misc":{"Tiempo de lectura":"5 minutos"},"schema":{"@context":"https:\/\/schema.org","@graph":[{"@type":"WebPage","@id":"https:\/\/albapcb.com\/es\/el-grupo\/la-historia\/","url":"https:\/\/albapcb.com\/es\/el-grupo\/la-historia\/","name":"La Storia - ALBA PCB Group produttori di circuiti stampati di qualit\u00e0","isPartOf":{"@id":"https:\/\/albapcb.com\/es\/#website"},"primaryImageOfPage":{"@id":"https:\/\/albapcb.com\/es\/el-grupo\/la-historia\/#primaryimage"},"image":{"@id":"https:\/\/albapcb.com\/es\/el-grupo\/la-historia\/#primaryimage"},"thumbnailUrl":"https:\/\/albapcb.com\/wp-content\/uploads\/2019\/06\/La-storia.jpg","datePublished":"2019-04-26T10:39:35+00:00","dateModified":"2024-07-23T16:49:01+00:00","description":"La Storia di ALBA PCB Group nasce nel 1989 con Alba Elettronica, l\u2019idea che ci guida \u00e9 quella dell\u2019innovazione totale: sul piano del servizio...","breadcrumb":{"@id":"https:\/\/albapcb.com\/es\/el-grupo\/la-historia\/#breadcrumb"},"inLanguage":"es","potentialAction":[{"@type":"ReadAction","target":["https:\/\/albapcb.com\/es\/el-grupo\/la-historia\/"]}]},{"@type":"ImageObject","inLanguage":"es","@id":"https:\/\/albapcb.com\/es\/el-grupo\/la-historia\/#primaryimage","url":"https:\/\/albapcb.com\/wp-content\/uploads\/2019\/06\/La-storia.jpg","contentUrl":"https:\/\/albapcb.com\/wp-content\/uploads\/2019\/06\/La-storia.jpg","width":1800,"height":886},{"@type":"BreadcrumbList","@id":"https:\/\/albapcb.com\/es\/el-grupo\/la-historia\/#breadcrumb","itemListElement":[{"@type":"ListItem","position":1,"name":"Home","item":"https:\/\/albapcb.com\/es\/"},{"@type":"ListItem","position":2,"name":"El grupo","item":"https:\/\/albapcb.com\/es\/el-grupo\/"},{"@type":"ListItem","position":3,"name":"La historia"}]},{"@type":"WebSite","@id":"https:\/\/albapcb.com\/es\/#website","url":"https:\/\/albapcb.com\/es\/","name":"ALBA PCB Group","description":"Produttori di circuiti stampati di qualit\u00e0","publisher":{"@id":"https:\/\/albapcb.com\/es\/#organization"},"potentialAction":[{"@type":"SearchAction","target":{"@type":"EntryPoint","urlTemplate":"https:\/\/albapcb.com\/es\/?s={search_term_string}"},"query-input":{"@type":"PropertyValueSpecification","valueRequired":true,"valueName":"search_term_string"}}],"inLanguage":"es"},{"@type":"Organization","@id":"https:\/\/albapcb.com\/es\/#organization","name":"ALBA PCB","url":"https:\/\/albapcb.com\/es\/","logo":{"@type":"ImageObject","inLanguage":"es","@id":"https:\/\/albapcb.com\/es\/#\/schema\/logo\/image\/","url":"https:\/\/albapcb.com\/wp-content\/uploads\/2019\/10\/logo.png","contentUrl":"https:\/\/albapcb.com\/wp-content\/uploads\/2019\/10\/logo.png","width":200,"height":229,"caption":"ALBA PCB"},"image":{"@id":"https:\/\/albapcb.com\/es\/#\/schema\/logo\/image\/"}}]}},"_links":{"self":[{"href":"https:\/\/albapcb.com\/es\/wp-json\/wp\/v2\/pages\/4221","targetHints":{"allow":["GET"]}}],"collection":[{"href":"https:\/\/albapcb.com\/es\/wp-json\/wp\/v2\/pages"}],"about":[{"href":"https:\/\/albapcb.com\/es\/wp-json\/wp\/v2\/types\/page"}],"author":[{"embeddable":true,"href":"https:\/\/albapcb.com\/es\/wp-json\/wp\/v2\/users\/1"}],"replies":[{"embeddable":true,"href":"https:\/\/albapcb.com\/es\/wp-json\/wp\/v2\/comments?post=4221"}],"version-history":[{"count":6,"href":"https:\/\/albapcb.com\/es\/wp-json\/wp\/v2\/pages\/4221\/revisions"}],"predecessor-version":[{"id":11072,"href":"https:\/\/albapcb.com\/es\/wp-json\/wp\/v2\/pages\/4221\/revisions\/11072"}],"up":[{"embeddable":true,"href":"https:\/\/albapcb.com\/es\/wp-json\/wp\/v2\/pages\/4218"}],"wp:featuredmedia":[{"embeddable":true,"href":"https:\/\/albapcb.com\/es\/wp-json\/wp\/v2\/media\/3792"}],"wp:attachment":[{"href":"https:\/\/albapcb.com\/es\/wp-json\/wp\/v2\/media?parent=4221"}],"curies":[{"name":"wp","href":"https:\/\/api.w.org\/{rel}","templated":true}]}}