{"id":119,"date":"2019-04-26T12:39:35","date_gmt":"2019-04-26T10:39:35","guid":{"rendered":"http:\/\/albapcb.com\/?page_id=119"},"modified":"2024-07-23T18:37:59","modified_gmt":"2024-07-23T16:37:59","slug":"la-storia","status":"publish","type":"page","link":"https:\/\/albapcb.com\/it\/il-gruppo\/la-storia\/","title":{"rendered":"La storia"},"content":{"rendered":"<p>Dal 1989 creiamo la nostra storia in un mercato in continua trasformazione. L\u2019idea che ci guida \u00e9 quella dell\u2019innovazione totale: sul piano del servizio per soddisfare ed intuire nuove esigenze del cliente, su quello produttivo per rispondere al rapido aumento di complessit\u00e0 del circuito stampato, su quello organizzativo per unire ottimizzazione a velocit\u00e0 e flessibilit\u00e0.<\/p>\n<p>\u00c8 la filosofia con cui abbiamo conquistato quote di mercato anche negli anni della corsa ai produttori orientali, periodo in cui abbiamo inaugurato un nuovo Plant produttivo in Italia vicino a Venezia e raddoppiato il numero dei nostri lavoratori.<\/p>\n<h5><span style=\"color: #000000;\">La nostra storia oggi<\/span><br \/>\n<span style=\"color: #000000;\">ha pi\u00f9 di 30 anni,<\/span><br \/>\ne vogliamo continuare<br \/>\na farla crescere.<\/h5>\n<h3 style=\"text-align: left;\">2024.<\/h3>\n<p>\u2022 Nuova linea automatica di Strippaggio Stagno della IS per una perfetta rimozione dello stagno dopo l\u2019incisione.<br \/>\n\u2022 Installazione di una nuova linea per la rimozione del dry film.<br \/>\n\u2022 Viene acquisita WM Eltar, azienda polacca di produzione di circuiti presente sul mercato dal 1981.<\/p>\n<h3 style=\"text-align: left;\">2023.<\/h3>\n<p>\u2022 Installato impianto fotovoltaico sul tetto del nostro plant produttivo di Mogliano Veneto: una potenza di 250kW per una produzione stimata di 320.000 kWh annui di energia pulita.<br \/>\n\u2022 Acquisto di una nuova stazione di test ATG-A9, macchina per il Test Elettrico a sonde mobili ad alta velocit\u00e0.<br \/>\n\u2022 Installazione di una nuova macchina micro-foratrice ad alta velocit\u00e0 EVO2s di Pluritec, con carico e scarico automatico.<br \/>\n\u2022 Inserimento della nuova Copper Oxidation Line di Ocleppo per favorire la perfetta adesione degli strati intermedi del PCB multistrato.<\/p>\n<h3 style=\"text-align: left;\">2020.<\/h3>\n<p>\u2022 Installazione di un Robot 4.0 per il carico scarico automatico dei quadrotti per stampante a getto d\u2019inchiostro Inkjet Sprint 120 di Orbotech.<br \/>\n\u2022 Acquisto di un nuovo microscopio digitale VHX-7000 della Keyence per visualizzazione e misurazione delle sezioni metallografiche e per controllo dei PCBs, in 2D e 3D, capace di ingrandimenti fino a 2000X.<\/p>\n<h3 style=\"text-align: left;\">2019.<\/h3>\n<p>\u2022 Acquisto nuova linea di verniciatura automatica spray di ultima generazione per il reparto di stampa del solder resist.<br \/>\n\u2022 Installazione nuova linea orizzontale \u201cShadow\u201d della Occleppo per la metallizzazione dei fori.<\/p>\n<h3 style=\"text-align: left;\">2018.<\/h3>\n<p>Viene acquisita la quota di maggioranza della tedesca Q-print, azienda presente sul mercato dei pcb da oltre vent\u2019anni con una struttura commerciale, di marketing e tecnica di primo livello.<\/p>\n<h3 style=\"text-align: left;\">2016.<\/h3>\n<p>\u2022 Acquisto di due moduli Multistation Evo 2 della Pluritech con carico e scarico automatico, foratrici ad alta velocit\u00e0 e precisione.<br \/>\n\u2022 Acquisto di una macchina per misurare la contaminazione ionica.<br \/>\n\u2022 Acquisto Linea della ISS per il Mec etch, trattamento di microincisione per la preparazione del rame prima della laminazione del dryfilm e del Solder Resist.<br \/>\n\u2022 Acquisto caricatore e scaricatore con deviatore tramite robot Pola &amp; Massa.<br \/>\n\u2022 Acquisto di una macchina serigrafica ATMA per stampare l\u2019occlusione dei fori tramite il Solder o paste isolanti o conduttive.<br \/>\n\u2022 Acquisto di una filtropressa per impianto di depurazione Della Toffola.<\/p>\n<h3 style=\"text-align: left;\">2015.<\/h3>\n<p>\u2022 Inizio dell\u2019uso del software InSight da Frontline (societ\u00e0 Orbotech) per l\u2019analisi dei file gerber, per classificare i lavori dei clienti.<br \/>\n\u2022 Ampliamento del reparto Test elettrico con l\u2019acquisto di una nuova Flying Probe test system Atg A5 8 teste con carico e scarico automatico.<br \/>\n\u2022 Acquisto di una Lava circuiti per la pulizia dei circuiti dorati per garantire la contaminazione ionica.<br \/>\nImplementazione di un impianto centralizzato per il raffreddamento delle foratrici e delle fresatrici.<\/p>\n<h3 style=\"text-align: left;\">2014.<\/h3>\n<p>\u2022 Ampliamento del reparto Fotografia con la costruzione della Camera Bianca in classe 10.000 atta ad ospitare il Direct Immagine Nuvogo 800 della societ\u00e0 Orbotech. Il sistema sfrutta la nuova tecnologia laser MultiWave.<br \/>\n\u2022 Acquisto della macchina Teknek per la pulizia dei quadrotti laminati con il dryfilm per la pulizia del quadrotto prima della foto esposizione.<\/p>\n<h3 style=\"text-align: left;\">2013.<\/h3>\n<p>Acquisto di una Silk Screen \u2013 Inkjet Sprint 120 Orbotech \u2013 Macchina con centratura ottica a getto d\u2019inchiostro per la stampa simbologia bianca dei componenti con lampade UV a tecnologia Led a risparmio energetico.<\/p>\n<h3 style=\"text-align: left;\">2012.<\/h3>\n<p>\u2022 Ampliamento del reparto Test elettrico con l\u2019inserimento di una nuova Flying Probe test system Atg A6 16 teste con carico e scarico automatico.<br \/>\n\u2022 Ampliamento del reparto Fotografia con l\u2019acquisto di AFOSA a centratura automatica con 4 CCD camera e luce collimata.<br \/>\n<strong><span style=\"color: #254e96;\">NASCE MYPCBSHOP.COM<\/span><\/strong><\/p>\n<h3 style=\"text-align: left;\">2011.<\/h3>\n<p>Ampliamento reparto Solder Resist con l\u2019acquisto di una linea stesura spray multicolore.<br \/>\n<strong><span style=\"color: #254e96;\">NASCE AB TECHNOLOGIES<\/span><\/strong>.<\/p>\n<h3 style=\"text-align: left;\">2010.<\/h3>\n<p>Acquisto di una Silk Screen \u2013 NewPrint Legend Printer G45L NEW SYSTEM \u2013 stampante a getto d\u2019inchiostro per la simbologia bianca dei componenti.<\/p>\n<h3 style=\"text-align: left;\">2009.<\/h3>\n<p>\u2022 Ampliamento del reparto di Foratura e Fresatura con l\u2019inserimento di una nuova Foratrice con motori lineari, una foratrice Inspecta e fresatrici MEGA a 3 e 5 teste.<br \/>\n\u2022 Conseguimento della CERTIFICAZIONE UNI EN ISO 9001:2008 e ottenimento di ATTESTAZIONI per il mercato FERROVIARIO \u2013 UNI CEI 11170-3.<\/p>\n<h3 style=\"text-align: left;\">2008.<\/h3>\n<p><span style=\"color: #254e96;\"><strong>NASCE ENVENTIVE<\/strong><\/span>.<\/p>\n<h3 style=\"text-align: left;\">2007.<\/h3>\n<p>Ampliamento del reparto Fotografia con l\u2019acquisto di un nuovo espositore CBT a centratura automatica con 4 CCD camera e luce collimata.<\/p>\n<h3 style=\"text-align: left;\">2006.<\/h3>\n<p>Ampliamento del reparto di Test elettrico con l\u2019acquisto di nuove Flying Probe test system SeikaS22 Verticale e S24 Orizzontale a 4 teste con carico e scarico.<\/p>\n<h3 style=\"text-align: left;\">2005.<\/h3>\n<p>LEAD FREE TECHNOLOGY e NUOVE OMOLOGAZIONI UL.<br \/>\nOxford CMI900.<br \/>\nOxford CMI700.<\/p>\n<h3 style=\"text-align: left;\">2004.<\/h3>\n<p>Nuovo sito produttivo di 4.000 mq.<\/p>\n<h3 style=\"text-align: left;\">2003.<\/h3>\n<p>Viene aperta la divisione interna Incoming e Controlli con l\u2019acquisto di una macchina ottica OGP semiautomatica di precisione per controlli dimensionali.<\/p>\n<h3 style=\"text-align: left;\">2002.<\/h3>\n<p>Conseguimento della CERTIFICAZIONE VISION 2000.<\/p>\n<h3 style=\"text-align: left;\">2001.<\/h3>\n<p>Implementazione controlli XRAY per verifica layer interni.<\/p>\n<h3 style=\"text-align: left;\">2000.<\/h3>\n<p>Conseguimento della CERTIFICAZIONE ISO9002 e ottenimento dell\u2019OMOLOGAZIONE UL (FILE E203656).<\/p>\n<h3 style=\"text-align: left;\">1999.<\/h3>\n<p>Inizio collaborazione con plant produttivi asiatici.<br \/>\n<span style=\"color: #254e96;\"><strong>NASCE AAB TECH<\/strong><\/span>.<\/p>\n<h3 style=\"text-align: left;\">1989.<\/h3>\n<p><strong><span style=\"color: #254e96;\">NASCE ALBA ELETTRONICA<\/span><\/strong>.<\/p>\n","protected":false},"excerpt":{"rendered":"<p>Dal 1989 creiamo la nostra storia in un mercato in continua trasformazione. L\u2019idea che ci guida \u00e9 quella dell\u2019innovazione totale: sul piano del servizio per soddisfare ed intuire nuove esigenze del cliente, su quello produttivo per rispondere al rapido aumento di complessit\u00e0 del circuito stampato, su quello organizzativo per unire ottimizzazione a velocit\u00e0 e flessibilit\u00e0. [&hellip;]<\/p>\n","protected":false},"author":1,"featured_media":470,"parent":193,"menu_order":1,"comment_status":"closed","ping_status":"closed","template":"","meta":{"_acf_changed":false,"footnotes":""},"class_list":["post-119","page","type-page","status-publish","has-post-thumbnail","hentry"],"acf":[],"yoast_head":"<!-- This site is optimized with the Yoast SEO plugin v26.5 - https:\/\/yoast.com\/wordpress\/plugins\/seo\/ -->\n<title>La Storia - ALBA PCB Group produttori di circuiti stampati di qualit\u00e0<\/title>\n<meta name=\"description\" content=\"La Storia di ALBA PCB Group nasce nel 1989 con Alba Elettronica, l\u2019idea che ci guida \u00e9 quella dell\u2019innovazione totale: sul piano del servizio...\" \/>\n<meta name=\"robots\" content=\"index, follow, max-snippet:-1, max-image-preview:large, max-video-preview:-1\" \/>\n<link rel=\"canonical\" href=\"https:\/\/albapcb.com\/it\/il-gruppo\/la-storia\/\" \/>\n<meta property=\"og:locale\" content=\"it_IT\" \/>\n<meta property=\"og:type\" content=\"article\" \/>\n<meta property=\"og:title\" content=\"La Storia - ALBA PCB Group produttori di circuiti stampati di qualit\u00e0\" \/>\n<meta property=\"og:description\" content=\"La Storia di ALBA PCB Group nasce nel 1989 con Alba Elettronica, l\u2019idea che ci guida \u00e9 quella dell\u2019innovazione totale: sul piano del servizio...\" \/>\n<meta property=\"og:url\" content=\"https:\/\/albapcb.com\/it\/il-gruppo\/la-storia\/\" \/>\n<meta property=\"og:site_name\" content=\"ALBA PCB Group\" \/>\n<meta property=\"article:modified_time\" content=\"2024-07-23T16:37:59+00:00\" \/>\n<meta property=\"og:image\" content=\"https:\/\/albapcb.com\/wp-content\/uploads\/2019\/06\/La-storia.jpg\" \/>\n\t<meta property=\"og:image:width\" content=\"1800\" \/>\n\t<meta property=\"og:image:height\" content=\"886\" \/>\n\t<meta property=\"og:image:type\" content=\"image\/jpeg\" \/>\n<meta name=\"twitter:card\" content=\"summary_large_image\" \/>\n<meta name=\"twitter:label1\" content=\"Tempo di lettura stimato\" \/>\n\t<meta name=\"twitter:data1\" content=\"5 minuti\" \/>\n<script type=\"application\/ld+json\" class=\"yoast-schema-graph\">{\"@context\":\"https:\/\/schema.org\",\"@graph\":[{\"@type\":\"WebPage\",\"@id\":\"https:\/\/albapcb.com\/it\/il-gruppo\/la-storia\/\",\"url\":\"https:\/\/albapcb.com\/it\/il-gruppo\/la-storia\/\",\"name\":\"La Storia - ALBA PCB Group produttori di circuiti stampati di qualit\u00e0\",\"isPartOf\":{\"@id\":\"https:\/\/albapcb.com\/it\/#website\"},\"primaryImageOfPage\":{\"@id\":\"https:\/\/albapcb.com\/it\/il-gruppo\/la-storia\/#primaryimage\"},\"image\":{\"@id\":\"https:\/\/albapcb.com\/it\/il-gruppo\/la-storia\/#primaryimage\"},\"thumbnailUrl\":\"https:\/\/albapcb.com\/wp-content\/uploads\/2019\/06\/La-storia.jpg\",\"datePublished\":\"2019-04-26T10:39:35+00:00\",\"dateModified\":\"2024-07-23T16:37:59+00:00\",\"description\":\"La Storia di ALBA PCB Group nasce nel 1989 con Alba Elettronica, l\u2019idea che ci guida \u00e9 quella dell\u2019innovazione totale: sul piano del servizio...\",\"breadcrumb\":{\"@id\":\"https:\/\/albapcb.com\/it\/il-gruppo\/la-storia\/#breadcrumb\"},\"inLanguage\":\"it-IT\",\"potentialAction\":[{\"@type\":\"ReadAction\",\"target\":[\"https:\/\/albapcb.com\/it\/il-gruppo\/la-storia\/\"]}]},{\"@type\":\"ImageObject\",\"inLanguage\":\"it-IT\",\"@id\":\"https:\/\/albapcb.com\/it\/il-gruppo\/la-storia\/#primaryimage\",\"url\":\"https:\/\/albapcb.com\/wp-content\/uploads\/2019\/06\/La-storia.jpg\",\"contentUrl\":\"https:\/\/albapcb.com\/wp-content\/uploads\/2019\/06\/La-storia.jpg\",\"width\":1800,\"height\":886,\"caption\":\"la storia di alba\"},{\"@type\":\"BreadcrumbList\",\"@id\":\"https:\/\/albapcb.com\/it\/il-gruppo\/la-storia\/#breadcrumb\",\"itemListElement\":[{\"@type\":\"ListItem\",\"position\":1,\"name\":\"Home\",\"item\":\"https:\/\/albapcb.com\/it\/\"},{\"@type\":\"ListItem\",\"position\":2,\"name\":\"Il gruppo\",\"item\":\"https:\/\/albapcb.com\/it\/il-gruppo\/\"},{\"@type\":\"ListItem\",\"position\":3,\"name\":\"La storia\"}]},{\"@type\":\"WebSite\",\"@id\":\"https:\/\/albapcb.com\/it\/#website\",\"url\":\"https:\/\/albapcb.com\/it\/\",\"name\":\"ALBA PCB Group\",\"description\":\"Produttori di circuiti stampati di qualit\u00e0\",\"publisher\":{\"@id\":\"https:\/\/albapcb.com\/it\/#organization\"},\"potentialAction\":[{\"@type\":\"SearchAction\",\"target\":{\"@type\":\"EntryPoint\",\"urlTemplate\":\"https:\/\/albapcb.com\/it\/?s={search_term_string}\"},\"query-input\":{\"@type\":\"PropertyValueSpecification\",\"valueRequired\":true,\"valueName\":\"search_term_string\"}}],\"inLanguage\":\"it-IT\"},{\"@type\":\"Organization\",\"@id\":\"https:\/\/albapcb.com\/it\/#organization\",\"name\":\"ALBA PCB\",\"url\":\"https:\/\/albapcb.com\/it\/\",\"logo\":{\"@type\":\"ImageObject\",\"inLanguage\":\"it-IT\",\"@id\":\"https:\/\/albapcb.com\/it\/#\/schema\/logo\/image\/\",\"url\":\"https:\/\/albapcb.com\/wp-content\/uploads\/2019\/10\/logo.png\",\"contentUrl\":\"https:\/\/albapcb.com\/wp-content\/uploads\/2019\/10\/logo.png\",\"width\":200,\"height\":229,\"caption\":\"ALBA PCB\"},\"image\":{\"@id\":\"https:\/\/albapcb.com\/it\/#\/schema\/logo\/image\/\"}}]}<\/script>\n<!-- \/ Yoast SEO plugin. -->","yoast_head_json":{"title":"La Storia - ALBA PCB Group produttori di circuiti stampati di qualit\u00e0","description":"La Storia di ALBA PCB Group nasce nel 1989 con Alba Elettronica, l\u2019idea che ci guida \u00e9 quella dell\u2019innovazione totale: sul piano del servizio...","robots":{"index":"index","follow":"follow","max-snippet":"max-snippet:-1","max-image-preview":"max-image-preview:large","max-video-preview":"max-video-preview:-1"},"canonical":"https:\/\/albapcb.com\/it\/il-gruppo\/la-storia\/","og_locale":"it_IT","og_type":"article","og_title":"La Storia - ALBA PCB Group produttori di circuiti stampati di qualit\u00e0","og_description":"La Storia di ALBA PCB Group nasce nel 1989 con Alba Elettronica, l\u2019idea che ci guida \u00e9 quella dell\u2019innovazione totale: sul piano del servizio...","og_url":"https:\/\/albapcb.com\/it\/il-gruppo\/la-storia\/","og_site_name":"ALBA PCB Group","article_modified_time":"2024-07-23T16:37:59+00:00","og_image":[{"width":1800,"height":886,"url":"https:\/\/albapcb.com\/wp-content\/uploads\/2019\/06\/La-storia.jpg","type":"image\/jpeg"}],"twitter_card":"summary_large_image","twitter_misc":{"Tempo di lettura stimato":"5 minuti"},"schema":{"@context":"https:\/\/schema.org","@graph":[{"@type":"WebPage","@id":"https:\/\/albapcb.com\/it\/il-gruppo\/la-storia\/","url":"https:\/\/albapcb.com\/it\/il-gruppo\/la-storia\/","name":"La Storia - ALBA PCB Group produttori di circuiti stampati di qualit\u00e0","isPartOf":{"@id":"https:\/\/albapcb.com\/it\/#website"},"primaryImageOfPage":{"@id":"https:\/\/albapcb.com\/it\/il-gruppo\/la-storia\/#primaryimage"},"image":{"@id":"https:\/\/albapcb.com\/it\/il-gruppo\/la-storia\/#primaryimage"},"thumbnailUrl":"https:\/\/albapcb.com\/wp-content\/uploads\/2019\/06\/La-storia.jpg","datePublished":"2019-04-26T10:39:35+00:00","dateModified":"2024-07-23T16:37:59+00:00","description":"La Storia di ALBA PCB Group nasce nel 1989 con Alba Elettronica, l\u2019idea che ci guida \u00e9 quella dell\u2019innovazione totale: sul piano del servizio...","breadcrumb":{"@id":"https:\/\/albapcb.com\/it\/il-gruppo\/la-storia\/#breadcrumb"},"inLanguage":"it-IT","potentialAction":[{"@type":"ReadAction","target":["https:\/\/albapcb.com\/it\/il-gruppo\/la-storia\/"]}]},{"@type":"ImageObject","inLanguage":"it-IT","@id":"https:\/\/albapcb.com\/it\/il-gruppo\/la-storia\/#primaryimage","url":"https:\/\/albapcb.com\/wp-content\/uploads\/2019\/06\/La-storia.jpg","contentUrl":"https:\/\/albapcb.com\/wp-content\/uploads\/2019\/06\/La-storia.jpg","width":1800,"height":886,"caption":"la storia di alba"},{"@type":"BreadcrumbList","@id":"https:\/\/albapcb.com\/it\/il-gruppo\/la-storia\/#breadcrumb","itemListElement":[{"@type":"ListItem","position":1,"name":"Home","item":"https:\/\/albapcb.com\/it\/"},{"@type":"ListItem","position":2,"name":"Il gruppo","item":"https:\/\/albapcb.com\/it\/il-gruppo\/"},{"@type":"ListItem","position":3,"name":"La storia"}]},{"@type":"WebSite","@id":"https:\/\/albapcb.com\/it\/#website","url":"https:\/\/albapcb.com\/it\/","name":"ALBA PCB Group","description":"Produttori di circuiti stampati di qualit\u00e0","publisher":{"@id":"https:\/\/albapcb.com\/it\/#organization"},"potentialAction":[{"@type":"SearchAction","target":{"@type":"EntryPoint","urlTemplate":"https:\/\/albapcb.com\/it\/?s={search_term_string}"},"query-input":{"@type":"PropertyValueSpecification","valueRequired":true,"valueName":"search_term_string"}}],"inLanguage":"it-IT"},{"@type":"Organization","@id":"https:\/\/albapcb.com\/it\/#organization","name":"ALBA PCB","url":"https:\/\/albapcb.com\/it\/","logo":{"@type":"ImageObject","inLanguage":"it-IT","@id":"https:\/\/albapcb.com\/it\/#\/schema\/logo\/image\/","url":"https:\/\/albapcb.com\/wp-content\/uploads\/2019\/10\/logo.png","contentUrl":"https:\/\/albapcb.com\/wp-content\/uploads\/2019\/10\/logo.png","width":200,"height":229,"caption":"ALBA PCB"},"image":{"@id":"https:\/\/albapcb.com\/it\/#\/schema\/logo\/image\/"}}]}},"_links":{"self":[{"href":"https:\/\/albapcb.com\/it\/wp-json\/wp\/v2\/pages\/119","targetHints":{"allow":["GET"]}}],"collection":[{"href":"https:\/\/albapcb.com\/it\/wp-json\/wp\/v2\/pages"}],"about":[{"href":"https:\/\/albapcb.com\/it\/wp-json\/wp\/v2\/types\/page"}],"author":[{"embeddable":true,"href":"https:\/\/albapcb.com\/it\/wp-json\/wp\/v2\/users\/1"}],"replies":[{"embeddable":true,"href":"https:\/\/albapcb.com\/it\/wp-json\/wp\/v2\/comments?post=119"}],"version-history":[{"count":9,"href":"https:\/\/albapcb.com\/it\/wp-json\/wp\/v2\/pages\/119\/revisions"}],"predecessor-version":[{"id":11064,"href":"https:\/\/albapcb.com\/it\/wp-json\/wp\/v2\/pages\/119\/revisions\/11064"}],"up":[{"embeddable":true,"href":"https:\/\/albapcb.com\/it\/wp-json\/wp\/v2\/pages\/193"}],"wp:featuredmedia":[{"embeddable":true,"href":"https:\/\/albapcb.com\/it\/wp-json\/wp\/v2\/media\/470"}],"wp:attachment":[{"href":"https:\/\/albapcb.com\/it\/wp-json\/wp\/v2\/media?parent=119"}],"curies":[{"name":"wp","href":"https:\/\/api.w.org\/{rel}","templated":true}]}}