{"id":181,"date":"2019-05-03T18:09:19","date_gmt":"2019-05-03T16:09:19","guid":{"rendered":"http:\/\/albapcb.com\/?page_id=181"},"modified":"2019-07-12T17:03:27","modified_gmt":"2019-07-12T15:03:27","slug":"servizi","status":"publish","type":"page","link":"https:\/\/albapcb.com\/it\/servizi\/","title":{"rendered":"Servizi"},"content":{"rendered":"<p>L\u2019offerta di servizi legati ai circuiti stampati \u00e8 la pi\u00f9 ampia oggi pensabile ed \u00e8 frutto dell\u2019alto livello di competenza tecnica e della estesa conoscenza del settore. Questa peculiarit\u00e0, unita all\u2019alta qualit\u00e0 del prodotto ci rendono oggi un partner ideale in grado di seguire il cliente in ogni sua esigenza di breve e lungo periodo.<\/p>\n","protected":false},"excerpt":{"rendered":"<p>L\u2019offerta di servizi legati ai circuiti stampati \u00e8 la pi\u00f9 ampia oggi pensabile ed \u00e8 frutto dell\u2019alto livello di competenza tecnica e della estesa conoscenza del settore. Questa peculiarit\u00e0, unita all\u2019alta qualit\u00e0 del prodotto ci rendono oggi un partner ideale in grado di seguire il cliente in ogni sua esigenza di breve e lungo periodo.<\/p>\n","protected":false},"author":1,"featured_media":72,"parent":0,"menu_order":66,"comment_status":"closed","ping_status":"closed","template":"","meta":{"_acf_changed":false,"footnotes":""},"class_list":["post-181","page","type-page","status-publish","has-post-thumbnail","hentry"],"acf":[],"yoast_head":"<!-- This site is optimized with the Yoast SEO plugin v27.4 - https:\/\/yoast.com\/product\/yoast-seo-wordpress\/ -->\n<title>Servizi Circuiti Stampati - ALBA PCB Group produttori di circuiti stampati<\/title>\n<meta name=\"description\" content=\"ALBA PCB Group Offre Vari Servizi ai Propri Clienti. Alba Express, Fast Production, mypcbshop, Lamine e Altro per Esaudire Tutte le Esigenze del Cliente\" \/>\n<meta name=\"robots\" content=\"index, follow, max-snippet:-1, max-image-preview:large, max-video-preview:-1\" \/>\n<link rel=\"canonical\" href=\"https:\/\/albapcb.com\/it\/servizi\/\" \/>\n<meta property=\"og:locale\" content=\"it_IT\" \/>\n<meta property=\"og:type\" content=\"article\" \/>\n<meta property=\"og:title\" content=\"Servizi Circuiti Stampati - ALBA PCB Group produttori di circuiti stampati\" \/>\n<meta property=\"og:description\" content=\"ALBA PCB Group Offre Vari Servizi ai Propri Clienti. Alba Express, Fast Production, mypcbshop, Lamine e Altro per Esaudire Tutte le Esigenze del Cliente\" \/>\n<meta property=\"og:url\" content=\"https:\/\/albapcb.com\/it\/servizi\/\" \/>\n<meta property=\"og:site_name\" content=\"ALBA PCB Group\" \/>\n<meta property=\"article:modified_time\" content=\"2019-07-12T15:03:27+00:00\" \/>\n<meta property=\"og:image\" content=\"https:\/\/albapcb.com\/wp-content\/uploads\/2019\/04\/gruppo.jpg\" \/>\n\t<meta property=\"og:image:width\" content=\"1800\" \/>\n\t<meta property=\"og:image:height\" content=\"886\" \/>\n\t<meta property=\"og:image:type\" content=\"image\/jpeg\" \/>\n<meta name=\"twitter:card\" content=\"summary_large_image\" \/>\n<script type=\"application\/ld+json\" class=\"yoast-schema-graph\">{\"@context\":\"https:\\\/\\\/schema.org\",\"@graph\":[{\"@type\":\"WebPage\",\"@id\":\"https:\\\/\\\/albapcb.com\\\/it\\\/servizi\\\/\",\"url\":\"https:\\\/\\\/albapcb.com\\\/it\\\/servizi\\\/\",\"name\":\"Servizi Circuiti Stampati - ALBA PCB Group produttori di circuiti stampati\",\"isPartOf\":{\"@id\":\"https:\\\/\\\/albapcb.com\\\/it\\\/#website\"},\"primaryImageOfPage\":{\"@id\":\"https:\\\/\\\/albapcb.com\\\/it\\\/servizi\\\/#primaryimage\"},\"image\":{\"@id\":\"https:\\\/\\\/albapcb.com\\\/it\\\/servizi\\\/#primaryimage\"},\"thumbnailUrl\":\"https:\\\/\\\/albapcb.com\\\/wp-content\\\/uploads\\\/2019\\\/04\\\/gruppo.jpg\",\"datePublished\":\"2019-05-03T16:09:19+00:00\",\"dateModified\":\"2019-07-12T15:03:27+00:00\",\"description\":\"ALBA PCB Group Offre Vari Servizi ai Propri Clienti. Alba Express, Fast Production, mypcbshop, Lamine e Altro per Esaudire Tutte le Esigenze del Cliente\",\"breadcrumb\":{\"@id\":\"https:\\\/\\\/albapcb.com\\\/it\\\/servizi\\\/#breadcrumb\"},\"inLanguage\":\"it-IT\",\"potentialAction\":[{\"@type\":\"ReadAction\",\"target\":[\"https:\\\/\\\/albapcb.com\\\/it\\\/servizi\\\/\"]}]},{\"@type\":\"ImageObject\",\"inLanguage\":\"it-IT\",\"@id\":\"https:\\\/\\\/albapcb.com\\\/it\\\/servizi\\\/#primaryimage\",\"url\":\"https:\\\/\\\/albapcb.com\\\/wp-content\\\/uploads\\\/2019\\\/04\\\/gruppo.jpg\",\"contentUrl\":\"https:\\\/\\\/albapcb.com\\\/wp-content\\\/uploads\\\/2019\\\/04\\\/gruppo.jpg\",\"width\":1800,\"height\":886,\"caption\":\"Alba Group\"},{\"@type\":\"BreadcrumbList\",\"@id\":\"https:\\\/\\\/albapcb.com\\\/it\\\/servizi\\\/#breadcrumb\",\"itemListElement\":[{\"@type\":\"ListItem\",\"position\":1,\"name\":\"Home\",\"item\":\"https:\\\/\\\/albapcb.com\\\/it\\\/\"},{\"@type\":\"ListItem\",\"position\":2,\"name\":\"Servizi\"}]},{\"@type\":\"WebSite\",\"@id\":\"https:\\\/\\\/albapcb.com\\\/it\\\/#website\",\"url\":\"https:\\\/\\\/albapcb.com\\\/it\\\/\",\"name\":\"ALBA PCB Group\",\"description\":\"Produttori di circuiti stampati di qualit\u00e0\",\"publisher\":{\"@id\":\"https:\\\/\\\/albapcb.com\\\/it\\\/#organization\"},\"potentialAction\":[{\"@type\":\"SearchAction\",\"target\":{\"@type\":\"EntryPoint\",\"urlTemplate\":\"https:\\\/\\\/albapcb.com\\\/it\\\/?s={search_term_string}\"},\"query-input\":{\"@type\":\"PropertyValueSpecification\",\"valueRequired\":true,\"valueName\":\"search_term_string\"}}],\"inLanguage\":\"it-IT\"},{\"@type\":\"Organization\",\"@id\":\"https:\\\/\\\/albapcb.com\\\/it\\\/#organization\",\"name\":\"ALBA PCB\",\"url\":\"https:\\\/\\\/albapcb.com\\\/it\\\/\",\"logo\":{\"@type\":\"ImageObject\",\"inLanguage\":\"it-IT\",\"@id\":\"https:\\\/\\\/albapcb.com\\\/it\\\/#\\\/schema\\\/logo\\\/image\\\/\",\"url\":\"https:\\\/\\\/albapcb.com\\\/wp-content\\\/uploads\\\/2019\\\/10\\\/logo.png\",\"contentUrl\":\"https:\\\/\\\/albapcb.com\\\/wp-content\\\/uploads\\\/2019\\\/10\\\/logo.png\",\"width\":200,\"height\":229,\"caption\":\"ALBA PCB\"},\"image\":{\"@id\":\"https:\\\/\\\/albapcb.com\\\/it\\\/#\\\/schema\\\/logo\\\/image\\\/\"}}]}<\/script>\n<!-- \/ Yoast SEO plugin. -->","yoast_head_json":{"title":"Servizi Circuiti Stampati - ALBA PCB Group produttori di circuiti stampati","description":"ALBA PCB Group Offre Vari Servizi ai Propri Clienti. Alba Express, Fast Production, mypcbshop, Lamine e Altro per Esaudire Tutte le Esigenze del Cliente","robots":{"index":"index","follow":"follow","max-snippet":"max-snippet:-1","max-image-preview":"max-image-preview:large","max-video-preview":"max-video-preview:-1"},"canonical":"https:\/\/albapcb.com\/it\/servizi\/","og_locale":"it_IT","og_type":"article","og_title":"Servizi Circuiti Stampati - ALBA PCB Group produttori di circuiti stampati","og_description":"ALBA PCB Group Offre Vari Servizi ai Propri Clienti. Alba Express, Fast Production, mypcbshop, Lamine e Altro per Esaudire Tutte le Esigenze del Cliente","og_url":"https:\/\/albapcb.com\/it\/servizi\/","og_site_name":"ALBA PCB Group","article_modified_time":"2019-07-12T15:03:27+00:00","og_image":[{"width":1800,"height":886,"url":"https:\/\/albapcb.com\/wp-content\/uploads\/2019\/04\/gruppo.jpg","type":"image\/jpeg"}],"twitter_card":"summary_large_image","schema":{"@context":"https:\/\/schema.org","@graph":[{"@type":"WebPage","@id":"https:\/\/albapcb.com\/it\/servizi\/","url":"https:\/\/albapcb.com\/it\/servizi\/","name":"Servizi Circuiti Stampati - ALBA PCB Group produttori di circuiti stampati","isPartOf":{"@id":"https:\/\/albapcb.com\/it\/#website"},"primaryImageOfPage":{"@id":"https:\/\/albapcb.com\/it\/servizi\/#primaryimage"},"image":{"@id":"https:\/\/albapcb.com\/it\/servizi\/#primaryimage"},"thumbnailUrl":"https:\/\/albapcb.com\/wp-content\/uploads\/2019\/04\/gruppo.jpg","datePublished":"2019-05-03T16:09:19+00:00","dateModified":"2019-07-12T15:03:27+00:00","description":"ALBA PCB Group Offre Vari Servizi ai Propri Clienti. Alba Express, Fast Production, mypcbshop, Lamine e Altro per Esaudire Tutte le Esigenze del Cliente","breadcrumb":{"@id":"https:\/\/albapcb.com\/it\/servizi\/#breadcrumb"},"inLanguage":"it-IT","potentialAction":[{"@type":"ReadAction","target":["https:\/\/albapcb.com\/it\/servizi\/"]}]},{"@type":"ImageObject","inLanguage":"it-IT","@id":"https:\/\/albapcb.com\/it\/servizi\/#primaryimage","url":"https:\/\/albapcb.com\/wp-content\/uploads\/2019\/04\/gruppo.jpg","contentUrl":"https:\/\/albapcb.com\/wp-content\/uploads\/2019\/04\/gruppo.jpg","width":1800,"height":886,"caption":"Alba Group"},{"@type":"BreadcrumbList","@id":"https:\/\/albapcb.com\/it\/servizi\/#breadcrumb","itemListElement":[{"@type":"ListItem","position":1,"name":"Home","item":"https:\/\/albapcb.com\/it\/"},{"@type":"ListItem","position":2,"name":"Servizi"}]},{"@type":"WebSite","@id":"https:\/\/albapcb.com\/it\/#website","url":"https:\/\/albapcb.com\/it\/","name":"ALBA PCB Group","description":"Produttori di circuiti stampati di qualit\u00e0","publisher":{"@id":"https:\/\/albapcb.com\/it\/#organization"},"potentialAction":[{"@type":"SearchAction","target":{"@type":"EntryPoint","urlTemplate":"https:\/\/albapcb.com\/it\/?s={search_term_string}"},"query-input":{"@type":"PropertyValueSpecification","valueRequired":true,"valueName":"search_term_string"}}],"inLanguage":"it-IT"},{"@type":"Organization","@id":"https:\/\/albapcb.com\/it\/#organization","name":"ALBA PCB","url":"https:\/\/albapcb.com\/it\/","logo":{"@type":"ImageObject","inLanguage":"it-IT","@id":"https:\/\/albapcb.com\/it\/#\/schema\/logo\/image\/","url":"https:\/\/albapcb.com\/wp-content\/uploads\/2019\/10\/logo.png","contentUrl":"https:\/\/albapcb.com\/wp-content\/uploads\/2019\/10\/logo.png","width":200,"height":229,"caption":"ALBA PCB"},"image":{"@id":"https:\/\/albapcb.com\/it\/#\/schema\/logo\/image\/"}}]}},"_links":{"self":[{"href":"https:\/\/albapcb.com\/it\/wp-json\/wp\/v2\/pages\/181","targetHints":{"allow":["GET"]}}],"collection":[{"href":"https:\/\/albapcb.com\/it\/wp-json\/wp\/v2\/pages"}],"about":[{"href":"https:\/\/albapcb.com\/it\/wp-json\/wp\/v2\/types\/page"}],"author":[{"embeddable":true,"href":"https:\/\/albapcb.com\/it\/wp-json\/wp\/v2\/users\/1"}],"replies":[{"embeddable":true,"href":"https:\/\/albapcb.com\/it\/wp-json\/wp\/v2\/comments?post=181"}],"version-history":[{"count":5,"href":"https:\/\/albapcb.com\/it\/wp-json\/wp\/v2\/pages\/181\/revisions"}],"predecessor-version":[{"id":624,"href":"https:\/\/albapcb.com\/it\/wp-json\/wp\/v2\/pages\/181\/revisions\/624"}],"wp:featuredmedia":[{"embeddable":true,"href":"https:\/\/albapcb.com\/it\/wp-json\/wp\/v2\/media\/72"}],"wp:attachment":[{"href":"https:\/\/albapcb.com\/it\/wp-json\/wp\/v2\/media?parent=181"}],"curies":[{"name":"wp","href":"https:\/\/api.w.org\/{rel}","templated":true}]}}