{"id":5,"date":"2019-04-25T08:51:33","date_gmt":"2019-04-25T06:51:33","guid":{"rendered":"http:\/\/albapcb.com\/?page_id=5"},"modified":"2019-10-04T10:59:53","modified_gmt":"2019-10-04T08:59:53","slug":"privacy-policy","status":"publish","type":"page","link":"https:\/\/albapcb.com\/it\/privacy-policy\/","title":{"rendered":"Privacy policy"},"content":{"rendered":"<p><strong>Informativa resa ai sensi dell\u2019art.13 del D.lgs. 30 giugno 2003 n. 196 (Codice in materia di protezione dei dati personali) e successive modifiche operate dagli artt. 13-14 del Regolamento Europeo 2016\/679.<\/strong><\/p>\n<p>La scrivente, Alba Elettronica Srl, in qualit\u00e0 di Titolare del trattamento rende noto all\u2019Interessato che il D.lgs. 196\/2003 (Codice in materia di protezione dei dati personali) nonch\u00e9 il Regolamento Europeo n. 679\/2016 sono volti alla protezione di persone fisiche rispetto al trattamento dei dati personali. In conformit\u00e0 a quanto previsto da suddetto Codice e dalla normativa Europea vigente in materia il trattamento delle informazioni che La riguardano sar\u00e0 improntato ai principi di correttezza, liceit\u00e0 e trasparenza a tutela della Sua riservatezza e dei Suoi diritti.<\/p>\n<p><strong>Come trattiamo i Suoi dati personali<\/strong><\/p>\n<p>Quando crea un account per i servizi della societ\u00e0 Alba Elettronica Srl Le chiediamo alcuni dati personali quali il nome, il cognome, l\u2019indirizzo e-mail. Abbiamo bisogno di queste informazioni per fornirLe un\u2019esperienza personalizzata dei nostri servizi.<br \/>\nSe si iscrive alla newsletter l\u2019unica informazione che Le verr\u00e0 richiesta \u00e8 il Suo indirizzo e-mail.<br \/>\nTrattiamo i Suoi dati personali solo per scopi elencati nella presente informativa sulla privacy e per finalit\u00e0 legate ai servizi a Lei offerti.<\/p>\n<p><strong>Protezione<\/strong><\/p>\n<p>Esistono sempre dei rischi associati alla fornitura dei propri dati personali sia essa avvenuta di persona, telefonicamente, via internet o con altre tecnologie, e nessun sistema di tecnologia \u00e8 completamente sicuro o a prova di manomissione da parte di hacker. Alba Elettronica Srl adotta le precauzioni adeguate per evitare l\u2019accesso non autorizzato e l\u2019uso improprio dei Suoi dati personali.<br \/>\nIl sito supporta transazioni online, pertanto vengono impiegate misure di protezione standard di settore anche per tutelare la riservatezza e la sicurezza di tali transazioni. Tali misure protezione standard di settore sono date dall\u2019autenticazione SSL per garantire una protezione adeguata contro l\u2019intercettazione da parte di terzi per i dati personali forniti nell\u2019ambito del processo dell\u2019acquisto.<\/p>\n<p><strong>Conservazione e accuratezza dei dati<\/strong><\/p>\n<p>Desideriamo mantenere aggiornato il nostro database ed eliminiamo regolarmente i dati personali obsoleti e superflui. Conserviamo i dati solo per il periodo di tempo necessario a soddisfare lo scopo per il quale sono stati raccolti o per il periodo previsto dalla legislazione. Pu\u00f2 trovare ulteriori informazioni sui tempi di conservazione nella sezione riportata di seguito a ci\u00f2 dedicata. Pu\u00f2 inoltre contattarci utilizzando le informazioni di contatto riportate qui sotto.<\/p>\n<p><strong>Pertanto, ai sensi dell\u2019art. 13 del D.lgs. 196\/2003 e delle successive modifiche operate dal Regolamento UE 2016\/679 agli artt. 13 e 14, si informa quanto segue:<\/strong><\/p>\n<p><strong><em>\u00a01) Finalit\u00e0 del trattamento cui sono destinati i dati<\/em><\/strong><\/p>\n<p>I dati da Lei forniti saranno trattati per finalit\u00e0 rispondenti alle esigenze contrattuali e ai conseguenti adempimenti da essi derivanti, nonch\u00e9 per un\u2019efficace gestione dei rapporti. In particolare per:<br \/>\na) Gli adempimenti di legge connessi a norme civilistiche, fiscali e contabili<br \/>\nb) Gestione amministrativa del rapporto<br \/>\nc) Adempimento degli obblighi contrattuali<br \/>\nd) Comunicazioni e promozioni commerciali, elaborazioni statistiche, analisi di mercato<\/p>\n<p><em><strong>\u00a0<\/strong><\/em><em><strong>2) Modalit\u00e0 del trattamento<\/strong><\/em><\/p>\n<p>Il trattamento dei dati da Lei forniti sar\u00e0 effettuato tramite l\u2019ausilio di mezzi informatici e\/o supporti cartacei con modalit\u00e0 idonee a garantire l\u2019integrit\u00e0, la sicurezza e la riservatezza come previsto dagli artt. 31-36 del D.lgs. 196\/2003, nel rispetto dell\u2019art.11 del medesimo Codice.<\/p>\n<p><strong><em>3) Conferimento dei dati<\/em><\/strong><\/p>\n<p>Il conferimento dei dati per le finalit\u00e0 di cui al <strong>punto 1)<\/strong> \u00e8 facoltativo. L\u2019utente \u00e8 libero di negare in tutto o in parte (qualora concesso) il consenso all\u2019invio e\/o al trattamento dei propri dati personali, rinunciando al contempo anche alla possibilit\u00e0 di usufruire dei servizi forniti dal sito per i quali si richiede l\u2019invio e il consenso al trattamento dei dati personali. Il consenso \u00e8 quindi obbligatorio per l\u2019ergazione dei servizi offerti e per i quali viene richiesto.<\/p>\n<p><em><strong>4) Comunicazione e diffusione<\/strong><\/em><\/p>\n<p>Ferme restando le comunicazioni effettuate in esecuzione agli obblighi di legge, i dati forniti potranno essere comunicati a soggetti terzi che svolgono specifici incarichi per conto della scrivente.<\/p>\n<p><em><strong>5) Titolare del trattamento<\/strong><\/em><\/p>\n<p>Il Titolare del trattamento \u00e8 la societ\u00e0 Alba Elettronica S.r.l. corrente in Mogliano Veneto (TV) Via L. Da Vinci n. 3 P.i e C.f. 02155920263 Numero Rea TV-191098.<br \/>\nL\u2019elenco dei soggetti designati \u201c Responsabili del trattamento\u201d ai sensi dell\u2019art. 28 del Regolamento Europeo 679\/2016 \u00e8 a disposizione per visione presso la sede del Titolare del Trattamento.<\/p>\n<p><em><strong>6) Tempo di conservazione<\/strong><\/em><\/p>\n<p>I dati da Lei forniti saranno conservati e trattati per tutta la durata dei rapporti instaurati e anche successivamente per l\u2019espletamento degli adempimenti di legge.<\/p>\n<p><em><strong>7) Diritti degli Interessati<\/strong><\/em><\/p>\n<p>L\u2019Interessato potr\u00e0 sempre rivolgersi al Titolare del trattamento (Alba Elettronica S.r.l. la scrivente) per far valere i propri diritti annoverati dal Regolamento Europeo n. 679\/2016 cos\u00ec come riportati di seguito:<br \/>\nArt 13 comma 1). L&#8217;interessato ha diritto di ottenere la conferma dell&#8217;esistenza o meno di dati personali che lo riguardano, anche se non ancora registrati, e la loro comunicazione in forma intelligibile.<br \/>\n2. L&#8217;interessato ha diritto di ottenere l&#8217;indicazione:<br \/>\na) dell&#8217;origine dei dati personali;<br \/>\nb) delle finalit\u00e0 e modalit\u00e0 del trattamento;<br \/>\nc) della logica applicata in caso di trattamento effettuato con l&#8217;ausilio di strumenti elettronici;<br \/>\nd) degli estremi identificativi del titolare, dei responsabili e del rappresentante designato ai sensi dell&#8217;articolo 5, comma 2;<br \/>\ne) dei soggetti o delle categorie di soggetti ai quali i dati personali possono essere comunicati o che possono venirne a conoscenza in qualit\u00e0 di rappresentante designato nel territorio dello Stato, di responsabili o incaricati.<\/p>\n<p>3. L&#8217;interessato ha diritto di ottenere:<br \/>\na) l&#8217;aggiornamento, la rettificazione ovvero, quando vi ha interesse, l&#8217;integrazione dei dati;<br \/>\nb) la cancellazione, la trasformazione in forma anonima o il blocco dei dati trattati in violazione di legge, compresi quelli di cui non \u00e8 necessaria la conservazione in relazione agli scopi per i quali i dati sono stati raccolti o successivamente trattati;<br \/>\nc) l&#8217;attestazione che le operazioni di cui alle lettere a) e b) sono state portate a conoscenza, anche per quanto riguarda il loro contenuto, di coloro ai quali i dati sono stati comunicati o diffusi, eccettuato il caso in cui tale adempimento si rivela impossibile o comporta un impiego di mezzi manifestamente sproporzionato rispetto al diritto tutelato.<\/p>\n<p>4. L&#8217;interessato ha diritto di opporsi, in tutto o in parte:<br \/>\na) per motivi legittimi al trattamento dei dati personali che lo riguardano, ancorch\u00e9 pertinenti allo scopo della raccolta;<br \/>\nb) al trattamento di dati personali che lo riguardano a fini di invio di materiale pubblicitario o di vendita diretta o per il compimento di ricerche di mercato o di comunicazione commerciale.\u201d<\/p>\n<p>Ai sensi dell\u2019art.13 co. 2 del Regolamento UE 2016\/679 l\u2019Interessato ha altres\u00ec diritto a:<br \/>\na) Chiedere al Titolare del trattamento l\u2019accesso ai dati personali ex art.15 Reg. UE 2016\/679.<br \/>\nb) Alla portabilit\u00e0 di tali dati ex art. 20 Reg. UE 2016\/679. L\u2019Interessato, dunque, ha diritto a richiedere la trasmissione dei dati forniti ad un altro Titolare del trattamento (ad un altro operatore di servizi) senza impedimenti da parte dell\u2019attuale Titolare del trattamento (la scrivente).<br \/>\nc) La rettifica degli stessi ex art.19 del medesimo Reg. UE, nel rispetto del diritto di autodeterminazione dell\u2019Interessato.<br \/>\nd) La cancellazione dei dati personali forniti onorando quanto disposto in tema di diritto all\u2019oblio (art.17 Reg. UE 2016\/679).<br \/>\ne) La limitazione del trattamento dei dati che lo riguardano o di opporsi al loro trattamento (art. 21 Reg. UE 2016\/679) per motivi legittimi o incondizionatamente se effettuato a fini di invio di materiale pubblicitario o di vendita diretta o per il compimento di ricerche di mercato.<br \/>\nf) Proporre reclamo a un\u2019autorit\u00e0 di controllo.<\/p>\n<p><em><strong>8) Consenso al trattamento<\/strong><\/em><\/p>\n<p>Le \u00e8 riconosciuta la facolt\u00e0 di revocare il consenso al trattamento dei dati personali da Lei forniti inviando una raccomandata A\/R al seguente indirizzo: Via L. Da Vinci n. 3 Mogliano Veneto e\/o all\u2019indirizzo mail privacy@alba-pcb.com corredato da fotocopia del suo documento di identit\u00e0, con il seguente testo: \u201cRevoca del consenso al trattamento di tutti i miei dati personali\u201d. Al termine di tale operazione i Suoi dati personali verranno rimossi dagli archivi nel pi\u00f9 breve tempo possibile.<\/p>\n<p>Se desidera maggiori informazioni sul trattamento dei dati personali da Lei forniti ovvero esercitare i diritti di cui al <strong>punto 7)<\/strong> pu\u00f2 inviare una raccomandata a\/r al seguente indirizzo: Via L. Da Vinci n. 3 Mogliano Veneto e\/o all\u2019indirizzo mail privacy@alba-pcb.com.<\/p>\n","protected":false},"excerpt":{"rendered":"<p>Informativa resa ai sensi dell\u2019art.13 del D.lgs. 30 giugno 2003 n. 196 (Codice in materia di protezione dei dati personali) e successive modifiche operate dagli artt. 13-14 del Regolamento Europeo 2016\/679. La scrivente, Alba Elettronica Srl, in qualit\u00e0 di Titolare del trattamento rende noto all\u2019Interessato che il D.lgs. 196\/2003 (Codice in materia di protezione dei [&hellip;]<\/p>\n","protected":false},"author":1,"featured_media":0,"parent":0,"menu_order":95,"comment_status":"closed","ping_status":"closed","template":"","meta":{"_acf_changed":false,"footnotes":""},"class_list":["post-5","page","type-page","status-publish","hentry"],"acf":[],"yoast_head":"<!-- This site is optimized with the Yoast SEO plugin v26.5 - https:\/\/yoast.com\/wordpress\/plugins\/seo\/ -->\n<title>Privacy policy - ALBA PCB Group<\/title>\n<meta name=\"description\" content=\"Informativa resa ai sensi dell\u2019art.13 del D.lgs. 30 giugno 2003 n. 196 (Codice in materia di protezione dei dati personali) e successive modifiche operate\" \/>\n<meta name=\"robots\" content=\"index, follow, max-snippet:-1, max-image-preview:large, max-video-preview:-1\" \/>\n<link rel=\"canonical\" href=\"https:\/\/albapcb.com\/it\/privacy-policy\/\" \/>\n<meta property=\"og:locale\" content=\"it_IT\" \/>\n<meta property=\"og:type\" content=\"article\" \/>\n<meta property=\"og:title\" content=\"Privacy policy - ALBA PCB Group\" \/>\n<meta property=\"og:description\" content=\"Informativa resa ai sensi dell\u2019art.13 del D.lgs. 30 giugno 2003 n. 196 (Codice in materia di protezione dei dati personali) e successive modifiche operate\" \/>\n<meta property=\"og:url\" content=\"https:\/\/albapcb.com\/it\/privacy-policy\/\" \/>\n<meta property=\"og:site_name\" content=\"ALBA PCB Group\" \/>\n<meta property=\"article:modified_time\" content=\"2019-10-04T08:59:53+00:00\" \/>\n<meta name=\"twitter:card\" content=\"summary_large_image\" \/>\n<meta name=\"twitter:label1\" content=\"Tempo di lettura stimato\" \/>\n\t<meta name=\"twitter:data1\" content=\"7 minuti\" \/>\n<script type=\"application\/ld+json\" class=\"yoast-schema-graph\">{\"@context\":\"https:\/\/schema.org\",\"@graph\":[{\"@type\":\"WebPage\",\"@id\":\"https:\/\/albapcb.com\/it\/privacy-policy\/\",\"url\":\"https:\/\/albapcb.com\/it\/privacy-policy\/\",\"name\":\"Privacy policy - ALBA PCB Group\",\"isPartOf\":{\"@id\":\"https:\/\/albapcb.com\/it\/#website\"},\"datePublished\":\"2019-04-25T06:51:33+00:00\",\"dateModified\":\"2019-10-04T08:59:53+00:00\",\"description\":\"Informativa resa ai sensi dell\u2019art.13 del D.lgs. 30 giugno 2003 n. 196 (Codice in materia di protezione dei dati personali) e successive modifiche operate\",\"breadcrumb\":{\"@id\":\"https:\/\/albapcb.com\/it\/privacy-policy\/#breadcrumb\"},\"inLanguage\":\"it-IT\",\"potentialAction\":[{\"@type\":\"ReadAction\",\"target\":[\"https:\/\/albapcb.com\/it\/privacy-policy\/\"]}]},{\"@type\":\"BreadcrumbList\",\"@id\":\"https:\/\/albapcb.com\/it\/privacy-policy\/#breadcrumb\",\"itemListElement\":[{\"@type\":\"ListItem\",\"position\":1,\"name\":\"Home\",\"item\":\"https:\/\/albapcb.com\/it\/\"},{\"@type\":\"ListItem\",\"position\":2,\"name\":\"Privacy policy\"}]},{\"@type\":\"WebSite\",\"@id\":\"https:\/\/albapcb.com\/it\/#website\",\"url\":\"https:\/\/albapcb.com\/it\/\",\"name\":\"ALBA PCB Group\",\"description\":\"Produttori di circuiti stampati di qualit\u00e0\",\"publisher\":{\"@id\":\"https:\/\/albapcb.com\/it\/#organization\"},\"potentialAction\":[{\"@type\":\"SearchAction\",\"target\":{\"@type\":\"EntryPoint\",\"urlTemplate\":\"https:\/\/albapcb.com\/it\/?s={search_term_string}\"},\"query-input\":{\"@type\":\"PropertyValueSpecification\",\"valueRequired\":true,\"valueName\":\"search_term_string\"}}],\"inLanguage\":\"it-IT\"},{\"@type\":\"Organization\",\"@id\":\"https:\/\/albapcb.com\/it\/#organization\",\"name\":\"ALBA PCB\",\"url\":\"https:\/\/albapcb.com\/it\/\",\"logo\":{\"@type\":\"ImageObject\",\"inLanguage\":\"it-IT\",\"@id\":\"https:\/\/albapcb.com\/it\/#\/schema\/logo\/image\/\",\"url\":\"https:\/\/albapcb.com\/wp-content\/uploads\/2019\/10\/logo.png\",\"contentUrl\":\"https:\/\/albapcb.com\/wp-content\/uploads\/2019\/10\/logo.png\",\"width\":200,\"height\":229,\"caption\":\"ALBA PCB\"},\"image\":{\"@id\":\"https:\/\/albapcb.com\/it\/#\/schema\/logo\/image\/\"}}]}<\/script>\n<!-- \/ Yoast SEO plugin. -->","yoast_head_json":{"title":"Privacy policy - ALBA PCB Group","description":"Informativa resa ai sensi dell\u2019art.13 del D.lgs. 30 giugno 2003 n. 196 (Codice in materia di protezione dei dati personali) e successive modifiche operate","robots":{"index":"index","follow":"follow","max-snippet":"max-snippet:-1","max-image-preview":"max-image-preview:large","max-video-preview":"max-video-preview:-1"},"canonical":"https:\/\/albapcb.com\/it\/privacy-policy\/","og_locale":"it_IT","og_type":"article","og_title":"Privacy policy - ALBA PCB Group","og_description":"Informativa resa ai sensi dell\u2019art.13 del D.lgs. 30 giugno 2003 n. 196 (Codice in materia di protezione dei dati personali) e successive modifiche operate","og_url":"https:\/\/albapcb.com\/it\/privacy-policy\/","og_site_name":"ALBA PCB Group","article_modified_time":"2019-10-04T08:59:53+00:00","twitter_card":"summary_large_image","twitter_misc":{"Tempo di lettura stimato":"7 minuti"},"schema":{"@context":"https:\/\/schema.org","@graph":[{"@type":"WebPage","@id":"https:\/\/albapcb.com\/it\/privacy-policy\/","url":"https:\/\/albapcb.com\/it\/privacy-policy\/","name":"Privacy policy - ALBA PCB Group","isPartOf":{"@id":"https:\/\/albapcb.com\/it\/#website"},"datePublished":"2019-04-25T06:51:33+00:00","dateModified":"2019-10-04T08:59:53+00:00","description":"Informativa resa ai sensi dell\u2019art.13 del D.lgs. 30 giugno 2003 n. 196 (Codice in materia di protezione dei dati personali) e successive modifiche operate","breadcrumb":{"@id":"https:\/\/albapcb.com\/it\/privacy-policy\/#breadcrumb"},"inLanguage":"it-IT","potentialAction":[{"@type":"ReadAction","target":["https:\/\/albapcb.com\/it\/privacy-policy\/"]}]},{"@type":"BreadcrumbList","@id":"https:\/\/albapcb.com\/it\/privacy-policy\/#breadcrumb","itemListElement":[{"@type":"ListItem","position":1,"name":"Home","item":"https:\/\/albapcb.com\/it\/"},{"@type":"ListItem","position":2,"name":"Privacy policy"}]},{"@type":"WebSite","@id":"https:\/\/albapcb.com\/it\/#website","url":"https:\/\/albapcb.com\/it\/","name":"ALBA PCB Group","description":"Produttori di circuiti stampati di qualit\u00e0","publisher":{"@id":"https:\/\/albapcb.com\/it\/#organization"},"potentialAction":[{"@type":"SearchAction","target":{"@type":"EntryPoint","urlTemplate":"https:\/\/albapcb.com\/it\/?s={search_term_string}"},"query-input":{"@type":"PropertyValueSpecification","valueRequired":true,"valueName":"search_term_string"}}],"inLanguage":"it-IT"},{"@type":"Organization","@id":"https:\/\/albapcb.com\/it\/#organization","name":"ALBA PCB","url":"https:\/\/albapcb.com\/it\/","logo":{"@type":"ImageObject","inLanguage":"it-IT","@id":"https:\/\/albapcb.com\/it\/#\/schema\/logo\/image\/","url":"https:\/\/albapcb.com\/wp-content\/uploads\/2019\/10\/logo.png","contentUrl":"https:\/\/albapcb.com\/wp-content\/uploads\/2019\/10\/logo.png","width":200,"height":229,"caption":"ALBA PCB"},"image":{"@id":"https:\/\/albapcb.com\/it\/#\/schema\/logo\/image\/"}}]}},"_links":{"self":[{"href":"https:\/\/albapcb.com\/it\/wp-json\/wp\/v2\/pages\/5","targetHints":{"allow":["GET"]}}],"collection":[{"href":"https:\/\/albapcb.com\/it\/wp-json\/wp\/v2\/pages"}],"about":[{"href":"https:\/\/albapcb.com\/it\/wp-json\/wp\/v2\/types\/page"}],"author":[{"embeddable":true,"href":"https:\/\/albapcb.com\/it\/wp-json\/wp\/v2\/users\/1"}],"replies":[{"embeddable":true,"href":"https:\/\/albapcb.com\/it\/wp-json\/wp\/v2\/comments?post=5"}],"version-history":[{"count":5,"href":"https:\/\/albapcb.com\/it\/wp-json\/wp\/v2\/pages\/5\/revisions"}],"predecessor-version":[{"id":1572,"href":"https:\/\/albapcb.com\/it\/wp-json\/wp\/v2\/pages\/5\/revisions\/1572"}],"wp:attachment":[{"href":"https:\/\/albapcb.com\/it\/wp-json\/wp\/v2\/media?parent=5"}],"curies":[{"name":"wp","href":"https:\/\/api.w.org\/{rel}","templated":true}]}}