{"id":9848,"date":"2019-05-03T18:40:54","date_gmt":"2019-05-03T16:40:54","guid":{"rendered":"https:\/\/albapcb.com\/the-group\/"},"modified":"2025-03-03T17:09:12","modified_gmt":"2025-03-03T16:09:12","slug":"the-group","status":"publish","type":"page","link":"https:\/\/albapcb.com\/pl\/the-group\/","title":{"rendered":"Grupa"},"content":{"rendered":"<p>Alba PCB Group dzi\u015b to grupa wysoce wyspecjalizowanych przedsi\u0119biorstw, stworzonych z inicjatywy Alba Elettronica, sp\u00f3\u0142ki macierzystej i siedziby g\u0142\u00f3wnej grupy. Precyzyjna organizacja i silna synergia pomi\u0119dzy sp\u00f3\u0142kami i poszczeg\u00f3lnymi dzia\u0142ami pozwala Grupie by\u0107 globalnym partnerem dla tych, kt\u00f3rzy potrzebuj\u0105 obwod\u00f3w drukowanych, b\u0119d\u0105cych w stanie sprosta\u0107 ka\u017cdym wymaganiom.<\/p>\n","protected":false},"excerpt":{"rendered":"<p>Alba PCB Group dzi\u015b to grupa wysoce wyspecjalizowanych przedsi\u0119biorstw, stworzonych z inicjatywy Alba Elettronica, sp\u00f3\u0142ki macierzystej i siedziby g\u0142\u00f3wnej grupy. Precyzyjna organizacja i silna synergia pomi\u0119dzy sp\u00f3\u0142kami i poszczeg\u00f3lnymi dzia\u0142ami pozwala Grupie by\u0107 globalnym partnerem dla tych, kt\u00f3rzy potrzebuj\u0105 obwod\u00f3w drukowanych, b\u0119d\u0105cych w stanie sprosta\u0107 ka\u017cdym wymaganiom.<\/p>\n","protected":false},"author":1,"featured_media":5291,"parent":0,"menu_order":55,"comment_status":"closed","ping_status":"closed","template":"","meta":{"_acf_changed":false,"footnotes":""},"class_list":["post-9848","page","type-page","status-publish","has-post-thumbnail","hentry"],"acf":[],"yoast_head":"<!-- This site is optimized with the Yoast SEO plugin v26.5 - https:\/\/yoast.com\/wordpress\/plugins\/seo\/ -->\n<title>Il gruppo - ALBA PCB Group produttori di circuiti stampati di qualit\u00e0<\/title>\n<meta name=\"description\" content=\"ALBA PCB Group \u00e8 un gruppo di aziende altamente specializzate, nate da Alba Elettronica, azienda madre e oggi quartier generale del gruppo...\" \/>\n<meta name=\"robots\" content=\"index, follow, max-snippet:-1, max-image-preview:large, max-video-preview:-1\" \/>\n<link rel=\"canonical\" href=\"https:\/\/albapcb.com\/pl\/the-group\/\" \/>\n<meta property=\"og:locale\" content=\"pl_PL\" \/>\n<meta property=\"og:type\" content=\"article\" \/>\n<meta property=\"og:title\" content=\"Il gruppo - ALBA PCB Group produttori di circuiti stampati di qualit\u00e0\" \/>\n<meta property=\"og:description\" content=\"ALBA PCB Group \u00e8 un gruppo di aziende altamente specializzate, nate da Alba Elettronica, azienda madre e oggi quartier generale del gruppo...\" \/>\n<meta property=\"og:url\" content=\"https:\/\/albapcb.com\/pl\/the-group\/\" \/>\n<meta property=\"og:site_name\" content=\"ALBA PCB Group\" \/>\n<meta property=\"article:modified_time\" content=\"2025-03-03T16:09:12+00:00\" \/>\n<meta property=\"og:image\" content=\"https:\/\/albapcb.com\/wp-content\/uploads\/2019\/07\/Azienda-home-chiara_2.jpg\" \/>\n\t<meta property=\"og:image:width\" content=\"1800\" \/>\n\t<meta property=\"og:image:height\" content=\"887\" \/>\n\t<meta property=\"og:image:type\" content=\"image\/jpeg\" \/>\n<meta name=\"twitter:card\" content=\"summary_large_image\" \/>\n<meta name=\"twitter:label1\" content=\"Szacowany czas czytania\" \/>\n\t<meta name=\"twitter:data1\" content=\"2 minuty\" \/>\n<script type=\"application\/ld+json\" class=\"yoast-schema-graph\">{\"@context\":\"https:\/\/schema.org\",\"@graph\":[{\"@type\":\"WebPage\",\"@id\":\"https:\/\/albapcb.com\/pl\/the-group\/\",\"url\":\"https:\/\/albapcb.com\/pl\/the-group\/\",\"name\":\"Il gruppo - ALBA PCB Group produttori di circuiti stampati di qualit\u00e0\",\"isPartOf\":{\"@id\":\"https:\/\/albapcb.com\/pl\/#website\"},\"primaryImageOfPage\":{\"@id\":\"https:\/\/albapcb.com\/pl\/the-group\/#primaryimage\"},\"image\":{\"@id\":\"https:\/\/albapcb.com\/pl\/the-group\/#primaryimage\"},\"thumbnailUrl\":\"https:\/\/albapcb.com\/wp-content\/uploads\/2019\/07\/Azienda-home-chiara_2.jpg\",\"datePublished\":\"2019-05-03T16:40:54+00:00\",\"dateModified\":\"2025-03-03T16:09:12+00:00\",\"description\":\"ALBA PCB Group \u00e8 un gruppo di aziende altamente specializzate, nate da Alba Elettronica, azienda madre e oggi quartier generale del gruppo...\",\"breadcrumb\":{\"@id\":\"https:\/\/albapcb.com\/pl\/the-group\/#breadcrumb\"},\"inLanguage\":\"pl-PL\",\"potentialAction\":[{\"@type\":\"ReadAction\",\"target\":[\"https:\/\/albapcb.com\/pl\/the-group\/\"]}]},{\"@type\":\"ImageObject\",\"inLanguage\":\"pl-PL\",\"@id\":\"https:\/\/albapcb.com\/pl\/the-group\/#primaryimage\",\"url\":\"https:\/\/albapcb.com\/wp-content\/uploads\/2019\/07\/Azienda-home-chiara_2.jpg\",\"contentUrl\":\"https:\/\/albapcb.com\/wp-content\/uploads\/2019\/07\/Azienda-home-chiara_2.jpg\",\"width\":1800,\"height\":887},{\"@type\":\"BreadcrumbList\",\"@id\":\"https:\/\/albapcb.com\/pl\/the-group\/#breadcrumb\",\"itemListElement\":[{\"@type\":\"ListItem\",\"position\":1,\"name\":\"Home\",\"item\":\"https:\/\/albapcb.com\/pl\/\"},{\"@type\":\"ListItem\",\"position\":2,\"name\":\"Grupa\"}]},{\"@type\":\"WebSite\",\"@id\":\"https:\/\/albapcb.com\/pl\/#website\",\"url\":\"https:\/\/albapcb.com\/pl\/\",\"name\":\"ALBA PCB Group\",\"description\":\"Produttori di circuiti stampati di qualit\u00e0\",\"publisher\":{\"@id\":\"https:\/\/albapcb.com\/pl\/#organization\"},\"potentialAction\":[{\"@type\":\"SearchAction\",\"target\":{\"@type\":\"EntryPoint\",\"urlTemplate\":\"https:\/\/albapcb.com\/pl\/?s={search_term_string}\"},\"query-input\":{\"@type\":\"PropertyValueSpecification\",\"valueRequired\":true,\"valueName\":\"search_term_string\"}}],\"inLanguage\":\"pl-PL\"},{\"@type\":\"Organization\",\"@id\":\"https:\/\/albapcb.com\/pl\/#organization\",\"name\":\"ALBA PCB\",\"url\":\"https:\/\/albapcb.com\/pl\/\",\"logo\":{\"@type\":\"ImageObject\",\"inLanguage\":\"pl-PL\",\"@id\":\"https:\/\/albapcb.com\/pl\/#\/schema\/logo\/image\/\",\"url\":\"https:\/\/albapcb.com\/wp-content\/uploads\/2019\/10\/logo.png\",\"contentUrl\":\"https:\/\/albapcb.com\/wp-content\/uploads\/2019\/10\/logo.png\",\"width\":200,\"height\":229,\"caption\":\"ALBA PCB\"},\"image\":{\"@id\":\"https:\/\/albapcb.com\/pl\/#\/schema\/logo\/image\/\"}}]}<\/script>\n<!-- \/ Yoast SEO plugin. -->","yoast_head_json":{"title":"Il gruppo - ALBA PCB Group produttori di circuiti stampati di qualit\u00e0","description":"ALBA PCB Group \u00e8 un gruppo di aziende altamente specializzate, nate da Alba Elettronica, azienda madre e oggi quartier generale del gruppo...","robots":{"index":"index","follow":"follow","max-snippet":"max-snippet:-1","max-image-preview":"max-image-preview:large","max-video-preview":"max-video-preview:-1"},"canonical":"https:\/\/albapcb.com\/pl\/the-group\/","og_locale":"pl_PL","og_type":"article","og_title":"Il gruppo - ALBA PCB Group produttori di circuiti stampati di qualit\u00e0","og_description":"ALBA PCB Group \u00e8 un gruppo di aziende altamente specializzate, nate da Alba Elettronica, azienda madre e oggi quartier generale del gruppo...","og_url":"https:\/\/albapcb.com\/pl\/the-group\/","og_site_name":"ALBA PCB Group","article_modified_time":"2025-03-03T16:09:12+00:00","og_image":[{"width":1800,"height":887,"url":"https:\/\/albapcb.com\/wp-content\/uploads\/2019\/07\/Azienda-home-chiara_2.jpg","type":"image\/jpeg"}],"twitter_card":"summary_large_image","twitter_misc":{"Szacowany czas czytania":"2 minuty"},"schema":{"@context":"https:\/\/schema.org","@graph":[{"@type":"WebPage","@id":"https:\/\/albapcb.com\/pl\/the-group\/","url":"https:\/\/albapcb.com\/pl\/the-group\/","name":"Il gruppo - ALBA PCB Group produttori di circuiti stampati di qualit\u00e0","isPartOf":{"@id":"https:\/\/albapcb.com\/pl\/#website"},"primaryImageOfPage":{"@id":"https:\/\/albapcb.com\/pl\/the-group\/#primaryimage"},"image":{"@id":"https:\/\/albapcb.com\/pl\/the-group\/#primaryimage"},"thumbnailUrl":"https:\/\/albapcb.com\/wp-content\/uploads\/2019\/07\/Azienda-home-chiara_2.jpg","datePublished":"2019-05-03T16:40:54+00:00","dateModified":"2025-03-03T16:09:12+00:00","description":"ALBA PCB Group \u00e8 un gruppo di aziende altamente specializzate, nate da Alba Elettronica, azienda madre e oggi quartier generale del gruppo...","breadcrumb":{"@id":"https:\/\/albapcb.com\/pl\/the-group\/#breadcrumb"},"inLanguage":"pl-PL","potentialAction":[{"@type":"ReadAction","target":["https:\/\/albapcb.com\/pl\/the-group\/"]}]},{"@type":"ImageObject","inLanguage":"pl-PL","@id":"https:\/\/albapcb.com\/pl\/the-group\/#primaryimage","url":"https:\/\/albapcb.com\/wp-content\/uploads\/2019\/07\/Azienda-home-chiara_2.jpg","contentUrl":"https:\/\/albapcb.com\/wp-content\/uploads\/2019\/07\/Azienda-home-chiara_2.jpg","width":1800,"height":887},{"@type":"BreadcrumbList","@id":"https:\/\/albapcb.com\/pl\/the-group\/#breadcrumb","itemListElement":[{"@type":"ListItem","position":1,"name":"Home","item":"https:\/\/albapcb.com\/pl\/"},{"@type":"ListItem","position":2,"name":"Grupa"}]},{"@type":"WebSite","@id":"https:\/\/albapcb.com\/pl\/#website","url":"https:\/\/albapcb.com\/pl\/","name":"ALBA PCB Group","description":"Produttori di circuiti stampati di qualit\u00e0","publisher":{"@id":"https:\/\/albapcb.com\/pl\/#organization"},"potentialAction":[{"@type":"SearchAction","target":{"@type":"EntryPoint","urlTemplate":"https:\/\/albapcb.com\/pl\/?s={search_term_string}"},"query-input":{"@type":"PropertyValueSpecification","valueRequired":true,"valueName":"search_term_string"}}],"inLanguage":"pl-PL"},{"@type":"Organization","@id":"https:\/\/albapcb.com\/pl\/#organization","name":"ALBA PCB","url":"https:\/\/albapcb.com\/pl\/","logo":{"@type":"ImageObject","inLanguage":"pl-PL","@id":"https:\/\/albapcb.com\/pl\/#\/schema\/logo\/image\/","url":"https:\/\/albapcb.com\/wp-content\/uploads\/2019\/10\/logo.png","contentUrl":"https:\/\/albapcb.com\/wp-content\/uploads\/2019\/10\/logo.png","width":200,"height":229,"caption":"ALBA PCB"},"image":{"@id":"https:\/\/albapcb.com\/pl\/#\/schema\/logo\/image\/"}}]}},"_links":{"self":[{"href":"https:\/\/albapcb.com\/pl\/wp-json\/wp\/v2\/pages\/9848","targetHints":{"allow":["GET"]}}],"collection":[{"href":"https:\/\/albapcb.com\/pl\/wp-json\/wp\/v2\/pages"}],"about":[{"href":"https:\/\/albapcb.com\/pl\/wp-json\/wp\/v2\/types\/page"}],"author":[{"embeddable":true,"href":"https:\/\/albapcb.com\/pl\/wp-json\/wp\/v2\/users\/1"}],"replies":[{"embeddable":true,"href":"https:\/\/albapcb.com\/pl\/wp-json\/wp\/v2\/comments?post=9848"}],"version-history":[{"count":7,"href":"https:\/\/albapcb.com\/pl\/wp-json\/wp\/v2\/pages\/9848\/revisions"}],"predecessor-version":[{"id":11389,"href":"https:\/\/albapcb.com\/pl\/wp-json\/wp\/v2\/pages\/9848\/revisions\/11389"}],"wp:featuredmedia":[{"embeddable":true,"href":"https:\/\/albapcb.com\/pl\/wp-json\/wp\/v2\/media\/5291"}],"wp:attachment":[{"href":"https:\/\/albapcb.com\/pl\/wp-json\/wp\/v2\/media?parent=9848"}],"curies":[{"name":"wp","href":"https:\/\/api.w.org\/{rel}","templated":true}]}}