{"id":9854,"date":"2019-04-26T12:39:35","date_gmt":"2019-04-26T10:39:35","guid":{"rendered":"https:\/\/albapcb.com\/the-group\/history\/"},"modified":"2024-08-21T16:19:16","modified_gmt":"2024-08-21T14:19:16","slug":"history","status":"publish","type":"page","link":"https:\/\/albapcb.com\/pl\/the-group\/history\/","title":{"rendered":"Historia"},"content":{"rendered":"<p>Od 1989 roku tworzymy w\u0142asn\u0105 histori\u0119 na ci\u0105gle zmieniaj\u0105cym si\u0119 rynku. Ide\u0105, kt\u00f3ra nam przy\u015bwieca jest innowacyjno\u015b\u0107: na poziomie obs\u0142ugi, w celu zaspokojenia i zrozumienia nowych potrzeb klient\u00f3w, na poziomie produkcji, aby odpowiedzie\u0107 na szybko rosn\u0105c\u0105 z\u0142o\u017cono\u015b\u0107 obwod\u00f3w drukowanych, na poziomie organizacyjnym, aby po\u0142\u0105czy\u0107 optymalizacj\u0119 z szybko\u015bci\u0105 i elastyczno\u015bci\u0105 dzia\u0142ania.<br \/>\nTo filozofia, dzi\u0119ki kt\u00f3rej zdobywali\u015bmy udzia\u0142y w rynku nawet w latach wy\u015bcigu z azjatyckimi producentami, w okresie, w kt\u00f3rym otworzyli\u015bmy nowy zak\u0142ad produkcyjny we W\u0142oszech w pobli\u017cu Wenecji i podwoili\u015bmy liczb\u0119 naszych pracownik\u00f3w.<\/p>\n<h5><strong>Nasza historia ma ju\u017c<br \/>\n<\/strong><strong>dzi\u015b ponad 30 lat,<br \/>\ni chcemy kontynuowa\u0107<br \/>\nnasz rozw\u00f3j.<\/strong><\/h5>\n<h3 style=\"text-align: left;\">2024.<\/h3>\n<p>\u2022 Nowa automatyczna linia do stripowania cyny firmy IS do doskona\u0142ego usuwania cyny po trawieniu.<br \/>\n\u2022 Instalacja nowej linii do stripowania fotoresistu.<br \/>\n\u2022 Przej\u0119cie WM Eltar, polskiego producenta obwod\u00f3w drukowanych dzia\u0142aj\u0105cego na rynku od 1981 roku.<\/p>\n<h3 style=\"text-align: left;\">2023.<\/h3>\n<p><span lang=\"pl-PL\">\u2022 Za\u0142o\u017cenie instalacji fotowoltaicznej na dachu naszego zak\u0142adu produkcyjnego w Mogliano Veneto: 250 kW mocy dla szacowanej produkcji 320 000 kWh czystej energii rocznie.<br \/>\n<\/span><span lang=\"pl-PL\">\u2022 Zakup nowego, szybkiego testera palcowego ATG-A9 do testowania po\u0142\u0105cze\u0144 elektrycznych PCB.<br \/>\n<\/span><span lang=\"pl-PL\">\u2022 Instalacja nowej, szybkiej wiertarki EVO2s firmy Pluritec do mikro-otwor\u00f3w z automatycznym za\u0142adunkiem i roz\u0142adunkiem.<br \/>\n<\/span><span lang=\"pl-PL\">\u2022 Instalacja nowej linii oksydacji miedzi firmy Ocleppo w celu uzyskiwania doskona\u0142ej przyczepno\u015bci warstw wewn\u0119trznych w obwodach wielowarstwowych.<\/span><\/p>\n<h3 style=\"text-align: left;\">2020.<\/h3>\n<p><span lang=\"pl-PL\">\u2022 Instalacja robota 4.0 do automatycznego za\u0142adunku\/roz\u0142adunku paneli PCB do drukarki atramentowej Sprint 120 firmy Orbotech.<br \/>\n<\/span><span lang=\"pl-PL\">\u2022 Zakup nowego mikroskopu cyfrowego VHX-7000 firmy Keyence do wykonywania zg\u0142ad\u00f3w metalograficznych oraz kontroli PCB w 2D i 3D, z mo\u017cliwo\u015bci\u0105 powi\u0119kszenia do 2000x.<\/span><\/p>\n<h3 style=\"text-align: left;\">2019.<\/h3>\n<p><span lang=\"pl-PL\">\u2022 Zakup nowej, najnowocze\u015bniejszej, automatycznej linii natryskowej do nak\u0142adania soldermaski.<br \/>\n<\/span><span lang=\"pl-PL\">\u2022 Instalacja nowej horyzontalnej linii typu &#8222;Shadow&#8221; firmy Occleppo do metalizacji otwor\u00f3w.<\/span><\/p>\n<h3 style=\"text-align: left;\">2018.<\/h3>\n<p>Przej\u0119cie wi\u0119kszo\u015bciowego pakietu udzia\u0142\u00f3w w niemieckiej firmie Q-print, dzia\u0142aj\u0105cej na rynku PCB od ponad dwudziestu lat, posiadaj\u0105cej struktur\u0105 sprzeda\u017cow\u0105, marketingow\u0105 i techniczn\u0105 na najwy\u017cszym poziomie.<\/p>\n<h3 style=\"text-align: left;\">2016.<\/h3>\n<p>\u2022 Zakup dw\u00f3ch modu\u0142\u00f3w Multistation Evo 2 firmy Pluritech z automatycznym za\u0142adunkiem i roz\u0142adunkiem, szybkimi i precyzyjnymi wiertarkami.<br \/>\n\u2022 Zakup maszyny do pomiaru zanieczyszcze\u0144 jonowych.<br \/>\n\u2022 Zakup linii ISS do wytrawiania Mec, obr\u00f3bki mikrotrawienia w celu przygotowania miedzi przed laminacj\u0105 Dryfilm i Solder Resist.<br \/>\n\u2022 Zakup robota \u0142adowarki i roz\u0142adowarki z diverterem firmy Pola &amp; Massa.<br \/>\n\u2022 Zakup maszyny sitodrukowej ATMA do drukowania okluzji otwor\u00f3w z u\u017cyciem pasty Solder, izolacyjnej lub przewodz\u0105cej.<br \/>\n\u2022 Zakup prasy filtracyjnej dla oczyszczalni Della Toffola.<\/p>\n<h3 style=\"text-align: left;\">2015.<\/h3>\n<p>\u2022 Zastosowanie oprogramowania InSight firmy Frontline (firma Orbotech) do analizy plik\u00f3w gerber w celu klasyfikacji prac klient\u00f3w.<br \/>\n\u2022 Rozbudowa dzia\u0142u test\u00f3w elektrycznych poprzez zakup nowego systemu testowego Flying Probe Atg A5 8 g\u0142owic z automatycznym za\u0142adunkiem i roz\u0142adunkiem.<br \/>\n\u2022 Zakup Circuit Washer do czyszczenia obwod\u00f3w z\u0142ota w celu wyeliminowania zanieczyszczenia jonowego.<br \/>\n\u2022 Wdro\u017cenie scentralizowanego systemu ch\u0142odzenia wiertarek i frezarek.<\/p>\n<h3 style=\"text-align: left;\">2014.<\/h3>\n<p>\u2022 Rozbudowa Dzia\u0142u Fotografii o budow\u0119 pomieszczenia Clean Room klasy 10 000, w kt\u00f3rym znajdzie si\u0119 system Direct Image Nuvogo 800 firmy Orbotech. System wykorzystuje now\u0105 technologi\u0119 laserow\u0105 MultiWave.<br \/>\n\u2022 Zakup maszyny Teknek do czyszczenia ram laminowanych z suchym filmem przed na\u015bwietlaniem.<\/p>\n<h3 style=\"text-align: left;\">2013.<\/h3>\n<p>Zakup Silk Screen &#8211; Inkjet Sprint 120 Orbotech &#8211; maszyny z optycznym centrowaniem atramentu do drukowania bia\u0142ej symboliki element\u00f3w z energooszcz\u0119dnymi lampami LED UV.<\/p>\n<h3 style=\"text-align: left;\">2012.<\/h3>\n<p>\u2022 Rozbudowa dzia\u0142u test\u00f3w elektrycznych o nowy system testowy Flying Probe Atg A6 16 g\u0142owic z automatycznym za\u0142adunkiem i roz\u0142adunkiem.<br \/>\n\u2022 Rozbudowa dzia\u0142u fotografii o zakup AFOSA z automatycznym centrowaniem z 4 kamerami CCD i \u015bwiat\u0142em kolimowanym.<br \/>\n<span style=\"color: #254e96;\"><strong>POWSTANIE MYPCBSHOP.COM<br \/>\n<\/strong><\/span><\/p>\n<h3 style=\"text-align: left;\">2011.<\/h3>\n<p><span lang=\"pl-PL\">Rozbudowa dzia\u0142u Solder Resist &#8211; zakup wielokolorowej linii do malowania natryskowego.<br \/>\n<\/span><span style=\"color: #1f497d;\"><span lang=\"pl-PL\"><b>POWSTANIE FIRMY <\/b><\/span><\/span><strong><span style=\"color: #254e96;\">AB TECHNOLOGIES.<br \/>\n<\/span><\/strong><\/p>\n<h3 style=\"text-align: left;\">2010.<\/h3>\n<p>Zakup urz\u0105dzenia Silk Screen &#8211; NewPrint Legend Printer G45L NEW SYSTEM &#8211; drukarka atramentowa do bia\u0142ych oznacze\u0144 na PCB.<\/p>\n<h3 style=\"text-align: left;\">2009.<\/h3>\n<p>\u2022 Rozbudowa dzia\u0142u Wiercenia i Frezowania o now\u0105 Wiertark\u0119 z silnikami liniowymi, Wiertark\u0119 Inspecta oraz Frezarki MEGA z 3 i 5 g\u0142owicami.<br \/>\n\u2022 Uzyskanie CERTYFIKATU UNI EN ISO 9001:2008 oraz uzyskanie CERTYFIKATU dla rynku kolejowego &#8211; UNI CEI 11170-3.<\/p>\n<h3 style=\"text-align: left;\">2008.<\/h3>\n<p><span style=\"color: #254e96;\"><strong>POWSTA\u0141A FIRMA ENVENTIVE<\/strong><\/span>.<\/p>\n<h3 style=\"text-align: left;\">2007.<\/h3>\n<p>Rozbudowa dzia\u0142u fotografii o zakup nowego monitora CBT z automatycznym centrowaniem z 4 kamerami CCD i \u015bwiat\u0142em kolimowanym.<\/p>\n<h3 style=\"text-align: left;\">2006.<\/h3>\n<p>Rozbudowa Dzia\u0142u Test\u00f3w Elektrycznych o nowe systemy testowe Flying Probe SeikaS22 Vertical i S24 Horizontal 4-g\u0142owicowe z za\u0142adunkiem i roz\u0142adunkiem.<\/p>\n<h3 style=\"text-align: left;\">2005.<\/h3>\n<p>Technologia LEAD FREE i nowe certyfikaty UL.<br \/>\nOxford CMI900.<br \/>\nOxford CMI700.<\/p>\n<h3 style=\"text-align: left;\">2004.<\/h3>\n<p>Nowy zak\u0142ad produkcyjny o powierzchni 4.000 m2.<\/p>\n<h3 style=\"text-align: left;\">2003.<\/h3>\n<p>Otwarcie wewn\u0119trznego dzia\u0142u Przychodz\u0105ce i Kontrola wraz z zakupem p\u00f3\u0142automatycznej precyzyjnej maszyny optycznej OGP do kontroli wymiar\u00f3w.<\/p>\n<h3 style=\"text-align: left;\">2002.<\/h3>\n<p>Uzyskanie certyfikatu VISION 2000.<\/p>\n<h3 style=\"text-align: left;\">2001.<\/h3>\n<p>Wdro\u017cenie kontroli XRAY do sprawdzania warstw wewn\u0119trznych.<\/p>\n<h3 style=\"text-align: left;\">2000.<\/h3>\n<p>Uzyskanie CERTYFIKATU ISO 9002 oraz HOMOLOGACJI UL (FILE E203656).<\/p>\n<h3 style=\"text-align: left;\">1999.<\/h3>\n<p>Rozpocz\u0119cie wsp\u00f3\u0142pracy z azjatyckimi zak\u0142adami produkcyjnymi.<br \/>\n<span style=\"color: #254e96;\"><strong>ZA\u0141O\u017bENIE FIRMY AAB TECH<\/strong><\/span>.<\/p>\n<h3 style=\"text-align: left;\">1989.<\/h3>\n<p><strong><span style=\"color: #254e96;\">POWSTAJE ALBA ELETTRONICA.<\/span><\/strong><\/p>\n","protected":false},"excerpt":{"rendered":"<p>Od 1989 roku tworzymy w\u0142asn\u0105 histori\u0119 na ci\u0105gle zmieniaj\u0105cym si\u0119 rynku. Ide\u0105, kt\u00f3ra nam przy\u015bwieca jest innowacyjno\u015b\u0107: na poziomie obs\u0142ugi, w celu zaspokojenia i zrozumienia nowych potrzeb klient\u00f3w, na poziomie produkcji, aby odpowiedzie\u0107 na szybko rosn\u0105c\u0105 z\u0142o\u017cono\u015b\u0107 obwod\u00f3w drukowanych, na poziomie organizacyjnym, aby po\u0142\u0105czy\u0107 optymalizacj\u0119 z szybko\u015bci\u0105 i elastyczno\u015bci\u0105 dzia\u0142ania. To filozofia, dzi\u0119ki kt\u00f3rej zdobywali\u015bmy [&hellip;]<\/p>\n","protected":false},"author":1,"featured_media":5186,"parent":9848,"menu_order":1,"comment_status":"closed","ping_status":"closed","template":"","meta":{"_acf_changed":false,"footnotes":""},"class_list":["post-9854","page","type-page","status-publish","has-post-thumbnail","hentry"],"acf":[],"yoast_head":"<!-- This site is optimized with the Yoast SEO plugin v27.4 - https:\/\/yoast.com\/product\/yoast-seo-wordpress\/ -->\n<title>La Storia - ALBA PCB Group produttori di circuiti stampati di qualit\u00e0<\/title>\n<meta name=\"description\" content=\"La Storia di ALBA PCB Group nasce nel 1989 con Alba Elettronica, l\u2019idea che ci guida \u00e9 quella dell\u2019innovazione totale: sul piano del servizio...\" \/>\n<meta name=\"robots\" content=\"index, follow, max-snippet:-1, max-image-preview:large, max-video-preview:-1\" \/>\n<link rel=\"canonical\" href=\"https:\/\/albapcb.com\/pl\/the-group\/history\/\" \/>\n<meta property=\"og:locale\" content=\"pl_PL\" \/>\n<meta property=\"og:type\" content=\"article\" \/>\n<meta property=\"og:title\" content=\"La Storia - ALBA PCB Group produttori di circuiti stampati di qualit\u00e0\" \/>\n<meta property=\"og:description\" content=\"La Storia di ALBA PCB Group nasce nel 1989 con Alba Elettronica, l\u2019idea che ci guida \u00e9 quella dell\u2019innovazione totale: sul piano del servizio...\" \/>\n<meta property=\"og:url\" content=\"https:\/\/albapcb.com\/pl\/the-group\/history\/\" \/>\n<meta property=\"og:site_name\" content=\"ALBA PCB Group\" \/>\n<meta property=\"article:modified_time\" content=\"2024-08-21T14:19:16+00:00\" \/>\n<meta property=\"og:image\" content=\"https:\/\/albapcb.com\/wp-content\/uploads\/2019\/06\/La-storia.jpg\" \/>\n\t<meta property=\"og:image:width\" content=\"1800\" \/>\n\t<meta property=\"og:image:height\" content=\"886\" \/>\n\t<meta property=\"og:image:type\" content=\"image\/jpeg\" \/>\n<meta name=\"twitter:card\" content=\"summary_large_image\" \/>\n<meta name=\"twitter:label1\" content=\"Szacowany czas czytania\" \/>\n\t<meta name=\"twitter:data1\" content=\"4 minuty\" \/>\n<script type=\"application\/ld+json\" class=\"yoast-schema-graph\">{\"@context\":\"https:\\\/\\\/schema.org\",\"@graph\":[{\"@type\":\"WebPage\",\"@id\":\"https:\\\/\\\/albapcb.com\\\/pl\\\/the-group\\\/history\\\/\",\"url\":\"https:\\\/\\\/albapcb.com\\\/pl\\\/the-group\\\/history\\\/\",\"name\":\"La Storia - ALBA PCB Group produttori di circuiti stampati di qualit\u00e0\",\"isPartOf\":{\"@id\":\"https:\\\/\\\/albapcb.com\\\/pl\\\/#website\"},\"primaryImageOfPage\":{\"@id\":\"https:\\\/\\\/albapcb.com\\\/pl\\\/the-group\\\/history\\\/#primaryimage\"},\"image\":{\"@id\":\"https:\\\/\\\/albapcb.com\\\/pl\\\/the-group\\\/history\\\/#primaryimage\"},\"thumbnailUrl\":\"https:\\\/\\\/albapcb.com\\\/wp-content\\\/uploads\\\/2019\\\/06\\\/La-storia.jpg\",\"datePublished\":\"2019-04-26T10:39:35+00:00\",\"dateModified\":\"2024-08-21T14:19:16+00:00\",\"description\":\"La Storia di ALBA PCB Group nasce nel 1989 con Alba Elettronica, l\u2019idea che ci guida \u00e9 quella dell\u2019innovazione totale: sul piano del servizio...\",\"breadcrumb\":{\"@id\":\"https:\\\/\\\/albapcb.com\\\/pl\\\/the-group\\\/history\\\/#breadcrumb\"},\"inLanguage\":\"pl-PL\",\"potentialAction\":[{\"@type\":\"ReadAction\",\"target\":[\"https:\\\/\\\/albapcb.com\\\/pl\\\/the-group\\\/history\\\/\"]}]},{\"@type\":\"ImageObject\",\"inLanguage\":\"pl-PL\",\"@id\":\"https:\\\/\\\/albapcb.com\\\/pl\\\/the-group\\\/history\\\/#primaryimage\",\"url\":\"https:\\\/\\\/albapcb.com\\\/wp-content\\\/uploads\\\/2019\\\/06\\\/La-storia.jpg\",\"contentUrl\":\"https:\\\/\\\/albapcb.com\\\/wp-content\\\/uploads\\\/2019\\\/06\\\/La-storia.jpg\",\"width\":1800,\"height\":886},{\"@type\":\"BreadcrumbList\",\"@id\":\"https:\\\/\\\/albapcb.com\\\/pl\\\/the-group\\\/history\\\/#breadcrumb\",\"itemListElement\":[{\"@type\":\"ListItem\",\"position\":1,\"name\":\"Home\",\"item\":\"https:\\\/\\\/albapcb.com\\\/pl\\\/\"},{\"@type\":\"ListItem\",\"position\":2,\"name\":\"Grupa\",\"item\":\"https:\\\/\\\/albapcb.com\\\/pl\\\/the-group\\\/\"},{\"@type\":\"ListItem\",\"position\":3,\"name\":\"Historia\"}]},{\"@type\":\"WebSite\",\"@id\":\"https:\\\/\\\/albapcb.com\\\/pl\\\/#website\",\"url\":\"https:\\\/\\\/albapcb.com\\\/pl\\\/\",\"name\":\"ALBA PCB Group\",\"description\":\"Produttori di circuiti stampati di qualit\u00e0\",\"publisher\":{\"@id\":\"https:\\\/\\\/albapcb.com\\\/pl\\\/#organization\"},\"potentialAction\":[{\"@type\":\"SearchAction\",\"target\":{\"@type\":\"EntryPoint\",\"urlTemplate\":\"https:\\\/\\\/albapcb.com\\\/pl\\\/?s={search_term_string}\"},\"query-input\":{\"@type\":\"PropertyValueSpecification\",\"valueRequired\":true,\"valueName\":\"search_term_string\"}}],\"inLanguage\":\"pl-PL\"},{\"@type\":\"Organization\",\"@id\":\"https:\\\/\\\/albapcb.com\\\/pl\\\/#organization\",\"name\":\"ALBA PCB\",\"url\":\"https:\\\/\\\/albapcb.com\\\/pl\\\/\",\"logo\":{\"@type\":\"ImageObject\",\"inLanguage\":\"pl-PL\",\"@id\":\"https:\\\/\\\/albapcb.com\\\/pl\\\/#\\\/schema\\\/logo\\\/image\\\/\",\"url\":\"https:\\\/\\\/albapcb.com\\\/wp-content\\\/uploads\\\/2019\\\/10\\\/logo.png\",\"contentUrl\":\"https:\\\/\\\/albapcb.com\\\/wp-content\\\/uploads\\\/2019\\\/10\\\/logo.png\",\"width\":200,\"height\":229,\"caption\":\"ALBA PCB\"},\"image\":{\"@id\":\"https:\\\/\\\/albapcb.com\\\/pl\\\/#\\\/schema\\\/logo\\\/image\\\/\"}}]}<\/script>\n<!-- \/ Yoast SEO plugin. -->","yoast_head_json":{"title":"La Storia - ALBA PCB Group produttori di circuiti stampati di qualit\u00e0","description":"La Storia di ALBA PCB Group nasce nel 1989 con Alba Elettronica, l\u2019idea che ci guida \u00e9 quella dell\u2019innovazione totale: sul piano del servizio...","robots":{"index":"index","follow":"follow","max-snippet":"max-snippet:-1","max-image-preview":"max-image-preview:large","max-video-preview":"max-video-preview:-1"},"canonical":"https:\/\/albapcb.com\/pl\/the-group\/history\/","og_locale":"pl_PL","og_type":"article","og_title":"La Storia - ALBA PCB Group produttori di circuiti stampati di qualit\u00e0","og_description":"La Storia di ALBA PCB Group nasce nel 1989 con Alba Elettronica, l\u2019idea che ci guida \u00e9 quella dell\u2019innovazione totale: sul piano del servizio...","og_url":"https:\/\/albapcb.com\/pl\/the-group\/history\/","og_site_name":"ALBA PCB Group","article_modified_time":"2024-08-21T14:19:16+00:00","og_image":[{"width":1800,"height":886,"url":"https:\/\/albapcb.com\/wp-content\/uploads\/2019\/06\/La-storia.jpg","type":"image\/jpeg"}],"twitter_card":"summary_large_image","twitter_misc":{"Szacowany czas czytania":"4 minuty"},"schema":{"@context":"https:\/\/schema.org","@graph":[{"@type":"WebPage","@id":"https:\/\/albapcb.com\/pl\/the-group\/history\/","url":"https:\/\/albapcb.com\/pl\/the-group\/history\/","name":"La Storia - ALBA PCB Group produttori di circuiti stampati di qualit\u00e0","isPartOf":{"@id":"https:\/\/albapcb.com\/pl\/#website"},"primaryImageOfPage":{"@id":"https:\/\/albapcb.com\/pl\/the-group\/history\/#primaryimage"},"image":{"@id":"https:\/\/albapcb.com\/pl\/the-group\/history\/#primaryimage"},"thumbnailUrl":"https:\/\/albapcb.com\/wp-content\/uploads\/2019\/06\/La-storia.jpg","datePublished":"2019-04-26T10:39:35+00:00","dateModified":"2024-08-21T14:19:16+00:00","description":"La Storia di ALBA PCB Group nasce nel 1989 con Alba Elettronica, l\u2019idea che ci guida \u00e9 quella dell\u2019innovazione totale: sul piano del servizio...","breadcrumb":{"@id":"https:\/\/albapcb.com\/pl\/the-group\/history\/#breadcrumb"},"inLanguage":"pl-PL","potentialAction":[{"@type":"ReadAction","target":["https:\/\/albapcb.com\/pl\/the-group\/history\/"]}]},{"@type":"ImageObject","inLanguage":"pl-PL","@id":"https:\/\/albapcb.com\/pl\/the-group\/history\/#primaryimage","url":"https:\/\/albapcb.com\/wp-content\/uploads\/2019\/06\/La-storia.jpg","contentUrl":"https:\/\/albapcb.com\/wp-content\/uploads\/2019\/06\/La-storia.jpg","width":1800,"height":886},{"@type":"BreadcrumbList","@id":"https:\/\/albapcb.com\/pl\/the-group\/history\/#breadcrumb","itemListElement":[{"@type":"ListItem","position":1,"name":"Home","item":"https:\/\/albapcb.com\/pl\/"},{"@type":"ListItem","position":2,"name":"Grupa","item":"https:\/\/albapcb.com\/pl\/the-group\/"},{"@type":"ListItem","position":3,"name":"Historia"}]},{"@type":"WebSite","@id":"https:\/\/albapcb.com\/pl\/#website","url":"https:\/\/albapcb.com\/pl\/","name":"ALBA PCB Group","description":"Produttori di circuiti stampati di qualit\u00e0","publisher":{"@id":"https:\/\/albapcb.com\/pl\/#organization"},"potentialAction":[{"@type":"SearchAction","target":{"@type":"EntryPoint","urlTemplate":"https:\/\/albapcb.com\/pl\/?s={search_term_string}"},"query-input":{"@type":"PropertyValueSpecification","valueRequired":true,"valueName":"search_term_string"}}],"inLanguage":"pl-PL"},{"@type":"Organization","@id":"https:\/\/albapcb.com\/pl\/#organization","name":"ALBA PCB","url":"https:\/\/albapcb.com\/pl\/","logo":{"@type":"ImageObject","inLanguage":"pl-PL","@id":"https:\/\/albapcb.com\/pl\/#\/schema\/logo\/image\/","url":"https:\/\/albapcb.com\/wp-content\/uploads\/2019\/10\/logo.png","contentUrl":"https:\/\/albapcb.com\/wp-content\/uploads\/2019\/10\/logo.png","width":200,"height":229,"caption":"ALBA PCB"},"image":{"@id":"https:\/\/albapcb.com\/pl\/#\/schema\/logo\/image\/"}}]}},"_links":{"self":[{"href":"https:\/\/albapcb.com\/pl\/wp-json\/wp\/v2\/pages\/9854","targetHints":{"allow":["GET"]}}],"collection":[{"href":"https:\/\/albapcb.com\/pl\/wp-json\/wp\/v2\/pages"}],"about":[{"href":"https:\/\/albapcb.com\/pl\/wp-json\/wp\/v2\/types\/page"}],"author":[{"embeddable":true,"href":"https:\/\/albapcb.com\/pl\/wp-json\/wp\/v2\/users\/1"}],"replies":[{"embeddable":true,"href":"https:\/\/albapcb.com\/pl\/wp-json\/wp\/v2\/comments?post=9854"}],"version-history":[{"count":7,"href":"https:\/\/albapcb.com\/pl\/wp-json\/wp\/v2\/pages\/9854\/revisions"}],"predecessor-version":[{"id":11111,"href":"https:\/\/albapcb.com\/pl\/wp-json\/wp\/v2\/pages\/9854\/revisions\/11111"}],"up":[{"embeddable":true,"href":"https:\/\/albapcb.com\/pl\/wp-json\/wp\/v2\/pages\/9848"}],"wp:featuredmedia":[{"embeddable":true,"href":"https:\/\/albapcb.com\/pl\/wp-json\/wp\/v2\/media\/5186"}],"wp:attachment":[{"href":"https:\/\/albapcb.com\/pl\/wp-json\/wp\/v2\/media?parent=9854"}],"curies":[{"name":"wp","href":"https:\/\/api.w.org\/{rel}","templated":true}]}}