{"id":9884,"date":"2019-05-04T05:31:09","date_gmt":"2019-05-04T03:31:09","guid":{"rendered":"https:\/\/albapcb.com\/europa\/"},"modified":"2024-08-22T17:48:53","modified_gmt":"2024-08-22T15:48:53","slug":"europa","status":"publish","type":"page","link":"https:\/\/albapcb.com\/pl\/productions\/europa\/","title":{"rendered":"Procesy produkcyjne w Europie"},"content":{"rendered":"<h3>Produkcja z wykorzystaniem nowoczesnych technologii<\/h3>\n<p>Tworzenie obwodu drukowanego opiera si\u0119 na szerokim zakresie wiedzy: fotografii, elektronice, mechanice, chemii, metalurgii, galwanizacji. Wymaga u\u017cycia zaawansowanego oprogramowania, r\u00f3\u017cnych specyficznych proces\u00f3w i wielu materia\u0142\u00f3w: od laminat\u00f3w po \u017cywice, od film\u00f3w \u015bwiat\u0142oczu\u0142ych po stopy metali.<\/p>\n<p>Nasze do\u015bwiadczenie w ka\u017cdym z tych element\u00f3w oraz zastosowanie awangardowych, zaawansowanych technologicznie maszyn pozwala nam odpowiedzie\u0107 na ci\u0105g\u0142y rozw\u00f3j elektroniki i stale zmieniaj\u0105ce si\u0119 wymagania rynku drukowanych obwod\u00f3w elektronicznych.<\/p>\n","protected":false},"excerpt":{"rendered":"<p>Produkcja z wykorzystaniem nowoczesnych technologii Tworzenie obwodu drukowanego opiera si\u0119 na szerokim zakresie wiedzy: fotografii, elektronice, mechanice, chemii, metalurgii, galwanizacji. Wymaga u\u017cycia zaawansowanego oprogramowania, r\u00f3\u017cnych specyficznych proces\u00f3w i wielu materia\u0142\u00f3w: od laminat\u00f3w po \u017cywice, od film\u00f3w \u015bwiat\u0142oczu\u0142ych po stopy metali. Nasze do\u015bwiadczenie w ka\u017cdym z tych element\u00f3w oraz zastosowanie awangardowych, zaawansowanych technologicznie maszyn pozwala nam [&hellip;]<\/p>\n","protected":false},"author":1,"featured_media":5208,"parent":9932,"menu_order":13,"comment_status":"closed","ping_status":"closed","template":"inc\/lista-elementi.php","meta":{"_acf_changed":false,"footnotes":""},"class_list":["post-9884","page","type-page","status-publish","has-post-thumbnail","hentry"],"acf":[],"yoast_head":"<!-- This site is optimized with the Yoast SEO plugin v27.4 - https:\/\/yoast.com\/product\/yoast-seo-wordpress\/ -->\n<title>Produzione Circuiti Stampati - ALBA PCB Group produttori circuiti stampati<\/title>\n<meta name=\"description\" content=\"La produzione di Circuiti Stampati nasce in Italia, negli anni sviluppa una tecnologia all&#039;avanguardia nel settore che gli porta delle certificazioni...\" \/>\n<meta name=\"robots\" content=\"index, follow, max-snippet:-1, max-image-preview:large, max-video-preview:-1\" \/>\n<link rel=\"canonical\" href=\"https:\/\/albapcb.com\/pl\/productions\/europa\/\" \/>\n<meta property=\"og:locale\" content=\"pl_PL\" \/>\n<meta property=\"og:type\" content=\"article\" \/>\n<meta property=\"og:title\" content=\"Produzione Circuiti Stampati - ALBA PCB Group produttori circuiti stampati\" \/>\n<meta property=\"og:description\" content=\"La produzione di Circuiti Stampati nasce in Italia, negli anni sviluppa una tecnologia all&#039;avanguardia nel settore che gli porta delle certificazioni...\" \/>\n<meta property=\"og:url\" content=\"https:\/\/albapcb.com\/pl\/productions\/europa\/\" \/>\n<meta property=\"og:site_name\" content=\"ALBA PCB Group\" \/>\n<meta property=\"article:modified_time\" content=\"2024-08-22T15:48:53+00:00\" \/>\n<meta property=\"og:image\" content=\"https:\/\/albapcb.com\/wp-content\/uploads\/2019\/06\/produzioni-europa-1.jpg\" \/>\n\t<meta property=\"og:image:width\" content=\"1328\" \/>\n\t<meta property=\"og:image:height\" content=\"492\" \/>\n\t<meta property=\"og:image:type\" content=\"image\/jpeg\" \/>\n<meta name=\"twitter:card\" content=\"summary_large_image\" \/>\n<meta name=\"twitter:label1\" content=\"Szacowany czas czytania\" \/>\n\t<meta name=\"twitter:data1\" content=\"4 minuty\" \/>\n<script type=\"application\/ld+json\" class=\"yoast-schema-graph\">{\"@context\":\"https:\\\/\\\/schema.org\",\"@graph\":[{\"@type\":\"WebPage\",\"@id\":\"https:\\\/\\\/albapcb.com\\\/pl\\\/productions\\\/europa\\\/\",\"url\":\"https:\\\/\\\/albapcb.com\\\/pl\\\/productions\\\/europa\\\/\",\"name\":\"Produzione Circuiti Stampati - ALBA PCB Group produttori circuiti stampati\",\"isPartOf\":{\"@id\":\"https:\\\/\\\/albapcb.com\\\/pl\\\/#website\"},\"primaryImageOfPage\":{\"@id\":\"https:\\\/\\\/albapcb.com\\\/pl\\\/productions\\\/europa\\\/#primaryimage\"},\"image\":{\"@id\":\"https:\\\/\\\/albapcb.com\\\/pl\\\/productions\\\/europa\\\/#primaryimage\"},\"thumbnailUrl\":\"https:\\\/\\\/albapcb.com\\\/wp-content\\\/uploads\\\/2019\\\/06\\\/produzioni-europa-1.jpg\",\"datePublished\":\"2019-05-04T03:31:09+00:00\",\"dateModified\":\"2024-08-22T15:48:53+00:00\",\"description\":\"La produzione di Circuiti Stampati nasce in Italia, negli anni sviluppa una tecnologia all'avanguardia nel settore che gli porta delle certificazioni...\",\"breadcrumb\":{\"@id\":\"https:\\\/\\\/albapcb.com\\\/pl\\\/productions\\\/europa\\\/#breadcrumb\"},\"inLanguage\":\"pl-PL\",\"potentialAction\":[{\"@type\":\"ReadAction\",\"target\":[\"https:\\\/\\\/albapcb.com\\\/pl\\\/productions\\\/europa\\\/\"]}]},{\"@type\":\"ImageObject\",\"inLanguage\":\"pl-PL\",\"@id\":\"https:\\\/\\\/albapcb.com\\\/pl\\\/productions\\\/europa\\\/#primaryimage\",\"url\":\"https:\\\/\\\/albapcb.com\\\/wp-content\\\/uploads\\\/2019\\\/06\\\/produzioni-europa-1.jpg\",\"contentUrl\":\"https:\\\/\\\/albapcb.com\\\/wp-content\\\/uploads\\\/2019\\\/06\\\/produzioni-europa-1.jpg\",\"width\":1328,\"height\":492},{\"@type\":\"BreadcrumbList\",\"@id\":\"https:\\\/\\\/albapcb.com\\\/pl\\\/productions\\\/europa\\\/#breadcrumb\",\"itemListElement\":[{\"@type\":\"ListItem\",\"position\":1,\"name\":\"Home\",\"item\":\"https:\\\/\\\/albapcb.com\\\/pl\\\/\"},{\"@type\":\"ListItem\",\"position\":2,\"name\":\"PRODUKCJA\",\"item\":\"https:\\\/\\\/albapcb.com\\\/pl\\\/productions\\\/\"},{\"@type\":\"ListItem\",\"position\":3,\"name\":\"Procesy produkcyjne w Europie\"}]},{\"@type\":\"WebSite\",\"@id\":\"https:\\\/\\\/albapcb.com\\\/pl\\\/#website\",\"url\":\"https:\\\/\\\/albapcb.com\\\/pl\\\/\",\"name\":\"ALBA PCB Group\",\"description\":\"Produttori di circuiti stampati di qualit\u00e0\",\"publisher\":{\"@id\":\"https:\\\/\\\/albapcb.com\\\/pl\\\/#organization\"},\"potentialAction\":[{\"@type\":\"SearchAction\",\"target\":{\"@type\":\"EntryPoint\",\"urlTemplate\":\"https:\\\/\\\/albapcb.com\\\/pl\\\/?s={search_term_string}\"},\"query-input\":{\"@type\":\"PropertyValueSpecification\",\"valueRequired\":true,\"valueName\":\"search_term_string\"}}],\"inLanguage\":\"pl-PL\"},{\"@type\":\"Organization\",\"@id\":\"https:\\\/\\\/albapcb.com\\\/pl\\\/#organization\",\"name\":\"ALBA PCB\",\"url\":\"https:\\\/\\\/albapcb.com\\\/pl\\\/\",\"logo\":{\"@type\":\"ImageObject\",\"inLanguage\":\"pl-PL\",\"@id\":\"https:\\\/\\\/albapcb.com\\\/pl\\\/#\\\/schema\\\/logo\\\/image\\\/\",\"url\":\"https:\\\/\\\/albapcb.com\\\/wp-content\\\/uploads\\\/2019\\\/10\\\/logo.png\",\"contentUrl\":\"https:\\\/\\\/albapcb.com\\\/wp-content\\\/uploads\\\/2019\\\/10\\\/logo.png\",\"width\":200,\"height\":229,\"caption\":\"ALBA PCB\"},\"image\":{\"@id\":\"https:\\\/\\\/albapcb.com\\\/pl\\\/#\\\/schema\\\/logo\\\/image\\\/\"}}]}<\/script>\n<!-- \/ Yoast SEO plugin. -->","yoast_head_json":{"title":"Produzione Circuiti Stampati - ALBA PCB Group produttori circuiti stampati","description":"La produzione di Circuiti Stampati nasce in Italia, negli anni sviluppa una tecnologia all'avanguardia nel settore che gli porta delle certificazioni...","robots":{"index":"index","follow":"follow","max-snippet":"max-snippet:-1","max-image-preview":"max-image-preview:large","max-video-preview":"max-video-preview:-1"},"canonical":"https:\/\/albapcb.com\/pl\/productions\/europa\/","og_locale":"pl_PL","og_type":"article","og_title":"Produzione Circuiti Stampati - ALBA PCB Group produttori circuiti stampati","og_description":"La produzione di Circuiti Stampati nasce in Italia, negli anni sviluppa una tecnologia all'avanguardia nel settore che gli porta delle certificazioni...","og_url":"https:\/\/albapcb.com\/pl\/productions\/europa\/","og_site_name":"ALBA PCB Group","article_modified_time":"2024-08-22T15:48:53+00:00","og_image":[{"width":1328,"height":492,"url":"https:\/\/albapcb.com\/wp-content\/uploads\/2019\/06\/produzioni-europa-1.jpg","type":"image\/jpeg"}],"twitter_card":"summary_large_image","twitter_misc":{"Szacowany czas czytania":"4 minuty"},"schema":{"@context":"https:\/\/schema.org","@graph":[{"@type":"WebPage","@id":"https:\/\/albapcb.com\/pl\/productions\/europa\/","url":"https:\/\/albapcb.com\/pl\/productions\/europa\/","name":"Produzione Circuiti Stampati - ALBA PCB Group produttori circuiti stampati","isPartOf":{"@id":"https:\/\/albapcb.com\/pl\/#website"},"primaryImageOfPage":{"@id":"https:\/\/albapcb.com\/pl\/productions\/europa\/#primaryimage"},"image":{"@id":"https:\/\/albapcb.com\/pl\/productions\/europa\/#primaryimage"},"thumbnailUrl":"https:\/\/albapcb.com\/wp-content\/uploads\/2019\/06\/produzioni-europa-1.jpg","datePublished":"2019-05-04T03:31:09+00:00","dateModified":"2024-08-22T15:48:53+00:00","description":"La produzione di Circuiti Stampati nasce in Italia, negli anni sviluppa una tecnologia all'avanguardia nel settore che gli porta delle certificazioni...","breadcrumb":{"@id":"https:\/\/albapcb.com\/pl\/productions\/europa\/#breadcrumb"},"inLanguage":"pl-PL","potentialAction":[{"@type":"ReadAction","target":["https:\/\/albapcb.com\/pl\/productions\/europa\/"]}]},{"@type":"ImageObject","inLanguage":"pl-PL","@id":"https:\/\/albapcb.com\/pl\/productions\/europa\/#primaryimage","url":"https:\/\/albapcb.com\/wp-content\/uploads\/2019\/06\/produzioni-europa-1.jpg","contentUrl":"https:\/\/albapcb.com\/wp-content\/uploads\/2019\/06\/produzioni-europa-1.jpg","width":1328,"height":492},{"@type":"BreadcrumbList","@id":"https:\/\/albapcb.com\/pl\/productions\/europa\/#breadcrumb","itemListElement":[{"@type":"ListItem","position":1,"name":"Home","item":"https:\/\/albapcb.com\/pl\/"},{"@type":"ListItem","position":2,"name":"PRODUKCJA","item":"https:\/\/albapcb.com\/pl\/productions\/"},{"@type":"ListItem","position":3,"name":"Procesy produkcyjne w Europie"}]},{"@type":"WebSite","@id":"https:\/\/albapcb.com\/pl\/#website","url":"https:\/\/albapcb.com\/pl\/","name":"ALBA PCB Group","description":"Produttori di circuiti stampati di qualit\u00e0","publisher":{"@id":"https:\/\/albapcb.com\/pl\/#organization"},"potentialAction":[{"@type":"SearchAction","target":{"@type":"EntryPoint","urlTemplate":"https:\/\/albapcb.com\/pl\/?s={search_term_string}"},"query-input":{"@type":"PropertyValueSpecification","valueRequired":true,"valueName":"search_term_string"}}],"inLanguage":"pl-PL"},{"@type":"Organization","@id":"https:\/\/albapcb.com\/pl\/#organization","name":"ALBA PCB","url":"https:\/\/albapcb.com\/pl\/","logo":{"@type":"ImageObject","inLanguage":"pl-PL","@id":"https:\/\/albapcb.com\/pl\/#\/schema\/logo\/image\/","url":"https:\/\/albapcb.com\/wp-content\/uploads\/2019\/10\/logo.png","contentUrl":"https:\/\/albapcb.com\/wp-content\/uploads\/2019\/10\/logo.png","width":200,"height":229,"caption":"ALBA PCB"},"image":{"@id":"https:\/\/albapcb.com\/pl\/#\/schema\/logo\/image\/"}}]}},"_links":{"self":[{"href":"https:\/\/albapcb.com\/pl\/wp-json\/wp\/v2\/pages\/9884","targetHints":{"allow":["GET"]}}],"collection":[{"href":"https:\/\/albapcb.com\/pl\/wp-json\/wp\/v2\/pages"}],"about":[{"href":"https:\/\/albapcb.com\/pl\/wp-json\/wp\/v2\/types\/page"}],"author":[{"embeddable":true,"href":"https:\/\/albapcb.com\/pl\/wp-json\/wp\/v2\/users\/1"}],"replies":[{"embeddable":true,"href":"https:\/\/albapcb.com\/pl\/wp-json\/wp\/v2\/comments?post=9884"}],"version-history":[{"count":5,"href":"https:\/\/albapcb.com\/pl\/wp-json\/wp\/v2\/pages\/9884\/revisions"}],"predecessor-version":[{"id":11123,"href":"https:\/\/albapcb.com\/pl\/wp-json\/wp\/v2\/pages\/9884\/revisions\/11123"}],"up":[{"embeddable":true,"href":"https:\/\/albapcb.com\/pl\/wp-json\/wp\/v2\/pages\/9932"}],"wp:featuredmedia":[{"embeddable":true,"href":"https:\/\/albapcb.com\/pl\/wp-json\/wp\/v2\/media\/5208"}],"wp:attachment":[{"href":"https:\/\/albapcb.com\/pl\/wp-json\/wp\/v2\/media?parent=9884"}],"curies":[{"name":"wp","href":"https:\/\/api.w.org\/{rel}","templated":true}]}}