{"id":9966,"date":"2023-06-06T12:40:34","date_gmt":"2023-06-06T10:40:34","guid":{"rendered":"https:\/\/albapcb.com\/?page_id=9966"},"modified":"2023-06-08T15:22:06","modified_gmt":"2023-06-08T13:22:06","slug":"polityka-prywatnosci","status":"publish","type":"page","link":"https:\/\/albapcb.com\/pl\/polityka-prywatnosci\/","title":{"rendered":"Polityka prywatno\u015bci"},"content":{"rendered":"<p><strong>Informacje udzielone zgodnie z artyku\u0142em 13 W\u0142oskiego Dekretu Ustawowego nr 196 z dnia 30 czerwca 2003 r. (kodeks ochrony danych osobowych) oraz kolejnymi zmianami wprowadzonymi przez artyku\u0142y 13-14 Rozporz\u0105dzenia Europejskiego 2016\/679.<\/strong><\/p>\n<p>Niniejszym informujemy, \u017ce Alba Elettronica Srl, jako administrator danych, informuje zainteresowane strony, \u017ce W\u0142oski Dekret Ustawowy 196\/2003 (kodeks ochrony danych osobowych) oraz Rozporz\u0105dzenie Europejskie nr 679\/2016 maj\u0105 na celu ochron\u0119 os\u00f3b w zakresie przetwarzania danych osobowych. Zgodnie z postanowieniami powy\u017cszego kodeksu i obowi\u0105zuj\u0105cego prawa europejskiego w tym zakresie, przetwarzanie Pa\u0144stwa danych osobowych b\u0119dzie oparte na zasadach prawid\u0142owo\u015bci, zgodno\u015bci z prawem i przejrzysto\u015bci, w celu ochrony Pa\u0144stwa prywatno\u015bci i praw.<\/p>\n<p><strong>Jak przetwarzamy Pa\u0144stwa dane osobowe<\/strong><\/p>\n<p>Na stronie internetowej mog\u0105 by\u0107 pobierane pewne dane osobowe w celu subskrypcji newsletter\u00f3w i\/lub wype\u0142nienia formularzy, takich jak imi\u0119, nazwisko, adres e-mail, numer telefonu, nazwa firmy i stanowisko w firmie. Informacje te s\u0105 potrzebne do zapewnienia spersonalizowanego do\u015bwiadczenia naszych us\u0142ug. Przetwarzamy Pa\u0144stwa dane osobowe jedynie w celach wymienionych w niniejszym o\u015bwiadczeniu o ochronie prywatno\u015bci i zwi\u0105zanych z oferowanymi us\u0142ugami.<\/p>\n<p><strong>Ochrona<\/strong><\/p>\n<p>Zawsze istniej\u0105 ryzyka zwi\u0105zane z udost\u0119pnianiem danych osobowych zar\u00f3wno osobi\u015bcie, telefonicznie, przez Internet, jak i za pomoc\u0105 innych technologii, i \u017caden system technologiczny nie jest ca\u0142kowicie bezpieczny lub nieosi\u0105galny dla haker\u00f3w. Alba Elettronica Srl podejmuje odpowiednie \u015brodki ostro\u017cno\u015bci, aby zapobiec nieautoryzowanemu dost\u0119powi i nieprawid\u0142owemu wykorzystywaniu Pa\u0144stwa danych osobowych.<\/p>\n<p><strong>Przechowywanie i dok\u0142adno\u015b\u0107 danych<\/strong><\/p>\n<p>Chcemy, aby nasza baza danych by\u0142a aktualna, dlatego regularnie usuwamy przestarza\u0142e i niepotrzebne dane osobowe. Dane przechowujemy jedynie przez okres niezb\u0119dny do realizacji celu, dla kt\u00f3rego zosta\u0142y zebrane, lub przez okres przewidziany przepisami prawa. Wi\u0119cej informacji na temat czasu przechowywania danych mo\u017cna znale\u017a\u0107 w sekcji poni\u017cej. Mo\u017cna si\u0119 r\u00f3wnie\u017c skontaktowa\u0107 z nami za pomoc\u0105 poni\u017cszych danych kontaktowych.<\/p>\n<p>Zatem, zgodnie z art. 13 W\u0142oskiego Dekretu Ustawowego 196\/2003 i kolejnymi zmianami wprowadzonymi przez Rozporz\u0105dzenie UE 2016\/679 w artyku\u0142ach 13 i 14, informujemy o nast\u0119puj\u0105cym:<\/p>\n<p>Cele przetwarzania danych Dane, kt\u00f3re Pa\u0144stwo dostarczaj\u0105, b\u0119d\u0105 wykorzystywane w celu spe\u0142nienia wymaga\u0144 umownych i wynikaj\u0105cych z nich obowi\u0105zk\u00f3w oraz w celu skutecznego zarz\u0105dzania relacjami.<\/p>\n<p><strong>W szczeg\u00f3lno\u015bci:<\/strong><br \/>\na) Obowi\u0105zki prawne wynikaj\u0105ce z przepis\u00f3w cywilnych, podatkowych i rachunkowych<br \/>\nb) Administracyjne zarz\u0105dzanie relacjami<br \/>\nc) Wype\u0142nienie obowi\u0105zk\u00f3w umownych<br \/>\nd) Komunikacja handlowa i promocje, przetwarzanie statystyczne, analiza rynku<\/p>\n<p>Metody przetwarzania Przetwarzanie dostarczonych przez Pa\u0144stwa danych b\u0119dzie odbywa\u0107 si\u0119 przy u\u017cyciu \u015brodk\u00f3w informatycznych i\/lub no\u015bnik\u00f3w papierowych z zastosowaniem odpowiednich metod zapewniaj\u0105cych integralno\u015b\u0107, bezpiecze\u0144stwo i poufno\u015b\u0107, zgodnie z przepisami artyku\u0142\u00f3w 31-36 W\u0142oskiego Dekretu Ustawowego nr 196\/2003 oraz zgodnie z artyku\u0142em 11 tego samego kodeksu.<\/p>\n<p>Udost\u0119pnienie danych Dostarczenie danych w celach okre\u015blonych w punkcie<br \/>\n1) jest opcjonalne. U\u017cytkownicy maj\u0105 prawo odm\u00f3wi\u0107 udzielenia zgody w ca\u0142o\u015bci lub cz\u0119\u015bciowo (je\u015bli zosta\u0142a udzielona) na przekazywanie i\/lub przetwarzanie ich danych osobowych oraz na korzystanie z us\u0142ug \u015bwiadczonych na stronie, na kt\u00f3rej dane osobowe s\u0105 wymagane. Wyra\u017cenie zgody jest zatem obowi\u0105zkowe dla oferowanych us\u0142ug, na kt\u00f3re zgoda jest wymagana.<br \/>\nUdost\u0119pnianie i rozpowszechnianie Bez uszczerbku dla przekazywania danych w celu spe\u0142nienia obowi\u0105zk\u00f3w prawnych, dostarczone dane mog\u0105 by\u0107 ujawnione podmiotom trzecim wykonuj\u0105cym okre\u015blone zadania w imieniu administratora danych.<\/p>\n<p>Administrator danych Administratorem danych jest Alba Elettronica S.r.l. obecnie maj\u0105ca siedzib\u0119 w Mogliano Veneto (TV) przy Via L. Da Vinci n. 3, posiadaj\u0105ca numer identyfikacji podatkowej VAT Reg. oraz numer identyfikacji podatkowej 02155920263, a tak\u017ce numer indeksu gospodarczego i administracyjnego (REA) TV-191098. Lista wyznaczonych &#8222;Przetwarzaj\u0105cych danych&#8221; zgodnie z art. 28 Rozporz\u0105dzenia Europejskiego 679\/2016 jest dost\u0119pna do wgl\u0105du w siedzibie administratora danych.<\/p>\n<p>Czas przechowywania Dane, kt\u00f3re Pa\u0144stwo dostarczaj\u0105, b\u0119d\u0105 przechowywane i przetwarzane przez okres trwania ustalonych relacji oraz w celu spe\u0142nienia obowi\u0105zk\u00f3w prawnych.<br \/>\nPrawa os\u00f3b, kt\u00f3rych dane dotycz\u0105<\/p>\n<p>Osoby, kt\u00f3rych dane dotycz\u0105, mog\u0105 zawsze skontaktowa\u0107 si\u0119 z administratorem danych (Alba Elettronica S.r.l. wymienionym powy\u017cej), aby skorzysta\u0107 z praw przewidzianych w Rozporz\u0105dzeniu Europejskim nr 679\/2016, o kt\u00f3rych mowa poni\u017cej: Artyku\u0142 13 ust.<\/p>\n<p>1) Osoby, kt\u00f3rych dane dotycz\u0105, maj\u0105 prawo do uzyskania informacji, czy dotycz\u0105ce ich dane osobowe s\u0105 przetwarzane, nawet je\u015bli nie zapisano si\u0119 jeszcze na us\u0142ug\u0119, oraz o ewentualnym ich ujawnieniu w zrozumia\u0142ej formie.<\/p>\n<p>2) Osoby, kt\u00f3rych dane dotycz\u0105, maj\u0105 prawo do otrzymania nast\u0119puj\u0105cych informacji:<br \/>\na) \u0179r\u00f3d\u0142o danych osobowych;<br \/>\nb) Metody i cele przetwarzania;<br \/>\nc) Logik\u0119 zastosowan\u0105 w przypadku przetwarzania za pomoc\u0105 \u015brodk\u00f3w elektronicznych;<br \/>\nd) Nazwy administratora danych, przetwarzaj\u0105cych dane oraz wyznaczonych przedstawicieli zgodnie z art. 5 ust. 2;<br \/>\ne) Osoby lub kategorie os\u00f3b, kt\u00f3rym mog\u0105 zosta\u0107 przekazane dane osobowe lub kt\u00f3re mog\u0105 si\u0119 o nich dowiedzie\u0107 w ramach swoich obowi\u0105zk\u00f3w jako przetwarzaj\u0105cych dane, os\u00f3b odpowiedzialnych za przetwarzanie lub wyznaczonych przedstawicieli na terytorium pa\u0144stwa.<\/p>\n<p>3) Osoby, kt\u00f3rych dane dotycz\u0105, maj\u0105 prawo \u017c\u0105da\u0107:<br \/>\na) Aktualizacji, sprostowania lub, je\u015bli jest to w interesie danej osoby, uzupe\u0142nienia danych;<br \/>\nb) Usuni\u0119cia, anonimizacji lub zablokowania danych, kt\u00f3re zosta\u0142y przetworzone niezgodnie z prawem, w tym danych, kt\u00f3rych przechowywanie jest niepotrzebne do cel\u00f3w, dla kt\u00f3rych zosta\u0142y zebrane lub przetworzone;<br \/>\nc) Potwierdzenia, \u017ce podmioty, kt\u00f3rym przekazano dane lub kt\u00f3re otrzyma\u0142y dane w ramach ich przetwarzania, zosta\u0142y poinformowane o operacjach opisanych w punktach a) i b) oraz o ich tre\u015bci, chyba \u017ce spe\u0142nienie tego wymogu jest niemo\u017cliwe lub wi\u0105\u017ce si\u0119 z nadmiernym wysi\u0142kiem w por\u00f3wnaniu z prawem, kt\u00f3re ma by\u0107 chronione.<\/p>\n<p>4) Osoby, kt\u00f3rych dane dotycz\u0105, maj\u0105 prawo sprzeciwi\u0107 si\u0119 w ca\u0142o\u015bci lub cz\u0119\u015bciowo: a) Z wa\u017cnych powod\u00f3w, przetwarzaniu ich danych osobowych, nawet je\u015bli s\u0105 one zwi\u0105zane z celami zbierania; b) Przetwarzaniu ich danych osobowych w celach wysy\u0142ania materia\u0142\u00f3w reklamowych lub prowadzenia sprzeda\u017cy bezpo\u015bredniej lub w celu przeprowadzania bada\u0144 rynku lub wysy\u0142ania komunikat\u00f3w handlowych.<\/p>\n<p>Na podstawie art. 13 ust. 2 Rozporz\u0105dzenia UE 2016\/679 osoby, kt\u00f3rych dane dotycz\u0105, maj\u0105 r\u00f3wnie\u017c prawo do:<br \/>\na) Wycofania zgody w dowolnym momencie, bez wp\u0142ywu na zgodno\u015b\u0107 z prawem przetwarzania na podstawie zgody przed jej wycofaniem;<br \/>\nb) Z\u0142o\u017cenia skargi do organu nadzorczego.<\/p>\n<p>W celu korzystania z powy\u017cszych praw lub uzyskania dodatkowych informacji dotycz\u0105cych polityki prywatno\u015bci i przetwarzania danych, osoby, kt\u00f3rych dane dotycz\u0105, mog\u0105 skontaktowa\u0107 si\u0119 z administratorem danych za pomoc\u0105 podanych wcze\u015bniej danych kontaktowych.<\/p>\n<p>Niniejsze o\u015bwiadczenie o ochronie prywatno\u015bci dotyczy wy\u0142\u0105cznie strony internetowej Alba Elettronica Srl i nie dotyczy innych stron internetowych, do kt\u00f3rych mo\u017cna uzyska\u0107 dost\u0119p za pomoc\u0105 link\u00f3w na tej stronie.<\/p>\n","protected":false},"excerpt":{"rendered":"<p>Informacje udzielone zgodnie z artyku\u0142em 13 W\u0142oskiego Dekretu Ustawowego nr 196 z dnia 30 czerwca 2003 r. (kodeks ochrony danych osobowych) oraz kolejnymi zmianami wprowadzonymi przez artyku\u0142y 13-14 Rozporz\u0105dzenia Europejskiego 2016\/679. Niniejszym informujemy, \u017ce Alba Elettronica Srl, jako administrator danych, informuje zainteresowane strony, \u017ce W\u0142oski Dekret Ustawowy 196\/2003 (kodeks ochrony danych osobowych) oraz Rozporz\u0105dzenie Europejskie [&hellip;]<\/p>\n","protected":false},"author":1,"featured_media":0,"parent":0,"menu_order":94,"comment_status":"closed","ping_status":"closed","template":"","meta":{"_acf_changed":false,"footnotes":""},"class_list":["post-9966","page","type-page","status-publish","hentry"],"acf":[],"yoast_head":"<!-- This site is optimized with the Yoast SEO plugin v27.4 - https:\/\/yoast.com\/product\/yoast-seo-wordpress\/ -->\n<title>Polityka prywatno\u015bci - ALBA PCB Group<\/title>\n<meta name=\"description\" content=\"Informacje udzielone zgodnie z artyku\u0142em 13 W\u0142oskiego Dekretu Ustawowego nr 196 z dnia 30 czerwca 2003 r. (kodeks ochrony danych osobowych) oraz kolejnymi\" \/>\n<meta name=\"robots\" content=\"index, follow, max-snippet:-1, max-image-preview:large, max-video-preview:-1\" \/>\n<link rel=\"canonical\" href=\"https:\/\/albapcb.com\/pl\/polityka-prywatnosci\/\" \/>\n<meta property=\"og:locale\" content=\"pl_PL\" \/>\n<meta property=\"og:type\" content=\"article\" \/>\n<meta property=\"og:title\" content=\"Polityka prywatno\u015bci - ALBA PCB Group\" \/>\n<meta property=\"og:description\" content=\"Informacje udzielone zgodnie z artyku\u0142em 13 W\u0142oskiego Dekretu Ustawowego nr 196 z dnia 30 czerwca 2003 r. (kodeks ochrony danych osobowych) oraz kolejnymi\" \/>\n<meta property=\"og:url\" content=\"https:\/\/albapcb.com\/pl\/polityka-prywatnosci\/\" \/>\n<meta property=\"og:site_name\" content=\"ALBA PCB Group\" \/>\n<meta property=\"article:modified_time\" content=\"2023-06-08T13:22:06+00:00\" \/>\n<meta name=\"twitter:card\" content=\"summary_large_image\" \/>\n<meta name=\"twitter:label1\" content=\"Szacowany czas czytania\" \/>\n\t<meta name=\"twitter:data1\" content=\"5 minut\" \/>\n<script type=\"application\/ld+json\" class=\"yoast-schema-graph\">{\"@context\":\"https:\\\/\\\/schema.org\",\"@graph\":[{\"@type\":\"WebPage\",\"@id\":\"https:\\\/\\\/albapcb.com\\\/pl\\\/polityka-prywatnosci\\\/\",\"url\":\"https:\\\/\\\/albapcb.com\\\/pl\\\/polityka-prywatnosci\\\/\",\"name\":\"Polityka prywatno\u015bci - ALBA PCB Group\",\"isPartOf\":{\"@id\":\"https:\\\/\\\/albapcb.com\\\/pl\\\/#website\"},\"datePublished\":\"2023-06-06T10:40:34+00:00\",\"dateModified\":\"2023-06-08T13:22:06+00:00\",\"description\":\"Informacje udzielone zgodnie z artyku\u0142em 13 W\u0142oskiego Dekretu Ustawowego nr 196 z dnia 30 czerwca 2003 r. (kodeks ochrony danych osobowych) oraz kolejnymi\",\"breadcrumb\":{\"@id\":\"https:\\\/\\\/albapcb.com\\\/pl\\\/polityka-prywatnosci\\\/#breadcrumb\"},\"inLanguage\":\"pl-PL\",\"potentialAction\":[{\"@type\":\"ReadAction\",\"target\":[\"https:\\\/\\\/albapcb.com\\\/pl\\\/polityka-prywatnosci\\\/\"]}]},{\"@type\":\"BreadcrumbList\",\"@id\":\"https:\\\/\\\/albapcb.com\\\/pl\\\/polityka-prywatnosci\\\/#breadcrumb\",\"itemListElement\":[{\"@type\":\"ListItem\",\"position\":1,\"name\":\"Home\",\"item\":\"https:\\\/\\\/albapcb.com\\\/pl\\\/\"},{\"@type\":\"ListItem\",\"position\":2,\"name\":\"Polityka prywatno\u015bci\"}]},{\"@type\":\"WebSite\",\"@id\":\"https:\\\/\\\/albapcb.com\\\/pl\\\/#website\",\"url\":\"https:\\\/\\\/albapcb.com\\\/pl\\\/\",\"name\":\"ALBA PCB Group\",\"description\":\"Produttori di circuiti stampati di qualit\u00e0\",\"publisher\":{\"@id\":\"https:\\\/\\\/albapcb.com\\\/pl\\\/#organization\"},\"potentialAction\":[{\"@type\":\"SearchAction\",\"target\":{\"@type\":\"EntryPoint\",\"urlTemplate\":\"https:\\\/\\\/albapcb.com\\\/pl\\\/?s={search_term_string}\"},\"query-input\":{\"@type\":\"PropertyValueSpecification\",\"valueRequired\":true,\"valueName\":\"search_term_string\"}}],\"inLanguage\":\"pl-PL\"},{\"@type\":\"Organization\",\"@id\":\"https:\\\/\\\/albapcb.com\\\/pl\\\/#organization\",\"name\":\"ALBA PCB\",\"url\":\"https:\\\/\\\/albapcb.com\\\/pl\\\/\",\"logo\":{\"@type\":\"ImageObject\",\"inLanguage\":\"pl-PL\",\"@id\":\"https:\\\/\\\/albapcb.com\\\/pl\\\/#\\\/schema\\\/logo\\\/image\\\/\",\"url\":\"https:\\\/\\\/albapcb.com\\\/wp-content\\\/uploads\\\/2019\\\/10\\\/logo.png\",\"contentUrl\":\"https:\\\/\\\/albapcb.com\\\/wp-content\\\/uploads\\\/2019\\\/10\\\/logo.png\",\"width\":200,\"height\":229,\"caption\":\"ALBA PCB\"},\"image\":{\"@id\":\"https:\\\/\\\/albapcb.com\\\/pl\\\/#\\\/schema\\\/logo\\\/image\\\/\"}}]}<\/script>\n<!-- \/ Yoast SEO plugin. -->","yoast_head_json":{"title":"Polityka prywatno\u015bci - ALBA PCB Group","description":"Informacje udzielone zgodnie z artyku\u0142em 13 W\u0142oskiego Dekretu Ustawowego nr 196 z dnia 30 czerwca 2003 r. (kodeks ochrony danych osobowych) oraz kolejnymi","robots":{"index":"index","follow":"follow","max-snippet":"max-snippet:-1","max-image-preview":"max-image-preview:large","max-video-preview":"max-video-preview:-1"},"canonical":"https:\/\/albapcb.com\/pl\/polityka-prywatnosci\/","og_locale":"pl_PL","og_type":"article","og_title":"Polityka prywatno\u015bci - ALBA PCB Group","og_description":"Informacje udzielone zgodnie z artyku\u0142em 13 W\u0142oskiego Dekretu Ustawowego nr 196 z dnia 30 czerwca 2003 r. (kodeks ochrony danych osobowych) oraz kolejnymi","og_url":"https:\/\/albapcb.com\/pl\/polityka-prywatnosci\/","og_site_name":"ALBA PCB Group","article_modified_time":"2023-06-08T13:22:06+00:00","twitter_card":"summary_large_image","twitter_misc":{"Szacowany czas czytania":"5 minut"},"schema":{"@context":"https:\/\/schema.org","@graph":[{"@type":"WebPage","@id":"https:\/\/albapcb.com\/pl\/polityka-prywatnosci\/","url":"https:\/\/albapcb.com\/pl\/polityka-prywatnosci\/","name":"Polityka prywatno\u015bci - ALBA PCB Group","isPartOf":{"@id":"https:\/\/albapcb.com\/pl\/#website"},"datePublished":"2023-06-06T10:40:34+00:00","dateModified":"2023-06-08T13:22:06+00:00","description":"Informacje udzielone zgodnie z artyku\u0142em 13 W\u0142oskiego Dekretu Ustawowego nr 196 z dnia 30 czerwca 2003 r. (kodeks ochrony danych osobowych) oraz kolejnymi","breadcrumb":{"@id":"https:\/\/albapcb.com\/pl\/polityka-prywatnosci\/#breadcrumb"},"inLanguage":"pl-PL","potentialAction":[{"@type":"ReadAction","target":["https:\/\/albapcb.com\/pl\/polityka-prywatnosci\/"]}]},{"@type":"BreadcrumbList","@id":"https:\/\/albapcb.com\/pl\/polityka-prywatnosci\/#breadcrumb","itemListElement":[{"@type":"ListItem","position":1,"name":"Home","item":"https:\/\/albapcb.com\/pl\/"},{"@type":"ListItem","position":2,"name":"Polityka prywatno\u015bci"}]},{"@type":"WebSite","@id":"https:\/\/albapcb.com\/pl\/#website","url":"https:\/\/albapcb.com\/pl\/","name":"ALBA PCB Group","description":"Produttori di circuiti stampati di qualit\u00e0","publisher":{"@id":"https:\/\/albapcb.com\/pl\/#organization"},"potentialAction":[{"@type":"SearchAction","target":{"@type":"EntryPoint","urlTemplate":"https:\/\/albapcb.com\/pl\/?s={search_term_string}"},"query-input":{"@type":"PropertyValueSpecification","valueRequired":true,"valueName":"search_term_string"}}],"inLanguage":"pl-PL"},{"@type":"Organization","@id":"https:\/\/albapcb.com\/pl\/#organization","name":"ALBA PCB","url":"https:\/\/albapcb.com\/pl\/","logo":{"@type":"ImageObject","inLanguage":"pl-PL","@id":"https:\/\/albapcb.com\/pl\/#\/schema\/logo\/image\/","url":"https:\/\/albapcb.com\/wp-content\/uploads\/2019\/10\/logo.png","contentUrl":"https:\/\/albapcb.com\/wp-content\/uploads\/2019\/10\/logo.png","width":200,"height":229,"caption":"ALBA PCB"},"image":{"@id":"https:\/\/albapcb.com\/pl\/#\/schema\/logo\/image\/"}}]}},"_links":{"self":[{"href":"https:\/\/albapcb.com\/pl\/wp-json\/wp\/v2\/pages\/9966","targetHints":{"allow":["GET"]}}],"collection":[{"href":"https:\/\/albapcb.com\/pl\/wp-json\/wp\/v2\/pages"}],"about":[{"href":"https:\/\/albapcb.com\/pl\/wp-json\/wp\/v2\/types\/page"}],"author":[{"embeddable":true,"href":"https:\/\/albapcb.com\/pl\/wp-json\/wp\/v2\/users\/1"}],"replies":[{"embeddable":true,"href":"https:\/\/albapcb.com\/pl\/wp-json\/wp\/v2\/comments?post=9966"}],"version-history":[{"count":3,"href":"https:\/\/albapcb.com\/pl\/wp-json\/wp\/v2\/pages\/9966\/revisions"}],"predecessor-version":[{"id":9999,"href":"https:\/\/albapcb.com\/pl\/wp-json\/wp\/v2\/pages\/9966\/revisions\/9999"}],"wp:attachment":[{"href":"https:\/\/albapcb.com\/pl\/wp-json\/wp\/v2\/media?parent=9966"}],"curies":[{"name":"wp","href":"https:\/\/api.w.org\/{rel}","templated":true}]}}